{"id":14263,"date":"2020-07-27T14:28:17","date_gmt":"2020-07-27T14:28:17","guid":{"rendered":"https:\/\/homeit.io\/politica-de-privacidad\/"},"modified":"2023-03-27T11:36:41","modified_gmt":"2023-03-27T11:36:41","slug":"politica-de-privacidad","status":"publish","type":"page","link":"https:\/\/homeit.io\/es\/politica-de-privacidad\/","title":{"rendered":"Pol\u00edtica de Privacidad"},"content":{"rendered":"\t\t<div data-elementor-type=\"wp-page\" data-elementor-id=\"14263\" class=\"elementor elementor-14263 elementor-7266\" data-elementor-post-type=\"page\">\n\t\t\t\t\t\t<section class=\"elementor-section elementor-top-section elementor-element elementor-element-3383170f elementor-section-boxed elementor-section-height-default elementor-section-height-default qodef-elementor-content-no\" data-id=\"3383170f\" data-element_type=\"section\">\n\t\t\t\t\t\t<div class=\"elementor-container elementor-column-gap-default\">\n\t\t\t\t\t<div class=\"elementor-column elementor-col-100 elementor-top-column elementor-element elementor-element-29e15df8\" data-id=\"29e15df8\" data-element_type=\"column\">\n\t\t\t<div class=\"elementor-widget-wrap elementor-element-populated\">\n\t\t\t\t\t\t<div class=\"elementor-element elementor-element-3c19d006 elementor-widget elementor-widget-text-editor\" data-id=\"3c19d006\" data-element_type=\"widget\" data-widget_type=\"text-editor.default\">\n\t\t\t\t<div class=\"elementor-widget-container\">\n\t\t\t\t\t\t\t\t\t<h1><strong>Protecci\u00f3n de Datos Personales<\/strong><\/h1><p><strong>Blue Planet Technologies, S.A. (\u00abhomeit\u00bb)<\/strong> cumple con la legislaci\u00f3n de protecci\u00f3n de datos personales vigente, en particular el Reglamento (UE) 2016\/679 del Parlamento Europeo y del Consejo, de 27 de abril de 2016 (\u00abReglamento\u00bb o \u00abRGPD\u00bb), en relaci\u00f3n a sus relaciones con sus clientes, proveedores y subcontratistas.<\/p><p>\u00a0<\/p><p>En el marco del contrato o propuesta en vigor y del objeto de los servicios, <strong>homeit<\/strong> se compromete a cumplir con el RGPD de la siguiente manera:<\/p><p>\u00a0<\/p><p>1. Garantizar\u00e1 el cumplimiento de la legislaci\u00f3n vigente en materia de protecci\u00f3n de datos personales, en particular el RGPD, en lo que respecta al tratamiento de datos.<\/p><p>2. Asegurar\u00e1 el tratamiento de los datos personales de acuerdo con lo establecido en el contrato.<\/p><p>3. Asegurar\u00e1, cuando corresponda, que solo subcontrate entidades terceras de acuerdo con lo establecido en el contrato<\/p><p>4. Asegurar\u00e1 que sus empleados y las personas autorizadas para tratar los datos personales est\u00e9n sujetos a las debidas obligaciones legales de confidencialidad y hayan asumido un compromiso de confidencialidad.<\/p><p>5. De acuerdo con la naturaleza, alcance, finalidad y objeto de los servicios contratados, aplicar\u00e1, en su caso, medidas t\u00e9cnicas y organizativas adecuadas para permitir el cumplimiento de sus obligaciones de respuesta a las solicitudes de los titulares de datos.<\/p><p>6. De acuerdo con la naturaleza del tratamiento y de la informaci\u00f3n disponible, asegurar\u00e1 el cumplimiento del RGPD, en particular en cuanto a la seguridad del tratamiento y a la notificaci\u00f3n de violaciones de datos personales.<\/p><p>7. Facilitar\u00e1 y colaborar\u00e1 en auditor\u00edas, incluyendo inspecciones, realizadas por entidades competentes para ello en virtud de la ley, as\u00ed como con la autoridad de control.<\/p><p>8. Eliminar\u00e1 o devolver\u00e1 todos los datos personales una vez concluida la prestaci\u00f3n de los servicios relacionados con el tratamiento, eliminando las copias existentes, a menos que la obligaci\u00f3n de conservaci\u00f3n derive de la ley nacional o de la Uni\u00f3n Europea.<\/p><p>9. Ha designado a un Delegado de Protecci\u00f3n de Datos (DPD) seg\u00fan lo establecido en el RGPD, con el siguiente contacto <a href=\"mailto:DPOhomeit@homeit.io\">DPOhomeit@homeit.io<\/a>.<\/p>\t\t\t\t\t\t\t\t<\/div>\n\t\t\t\t<\/div>\n\t\t\t\t\t<\/div>\n\t\t<\/div>\n\t\t\t\t\t<\/div>\n\t\t<\/section>\n\t\t\t\t<\/div>\n\t\t","protected":false},"excerpt":{"rendered":"<p>Protecci\u00f3n de Datos Personales Blue Planet Technologies, S.A. (\u00abhomeit\u00bb) cumple con la legislaci\u00f3n de protecci\u00f3n de datos personales vigente, en particular el Reglamento (UE) 2016\/679 del Parlamento Europeo y del Consejo, de 27 de abril de 2016 (\u00abReglamento\u00bb o \u00abRGPD\u00bb), en relaci\u00f3n a sus relaciones con sus clientes, proveedores y subcontratistas. \u00a0 En el marco [&hellip;]<\/p>\n","protected":false},"author":1,"featured_media":0,"parent":0,"menu_order":0,"comment_status":"closed","ping_status":"closed","template":"elementor_header_footer","meta":{"footnotes":""},"class_list":["post-14263","page","type-page","status-publish","hentry"],"yoast_head":"<!-- This site is optimized with the Yoast SEO plugin v27.4 - https:\/\/yoast.com\/product\/yoast-seo-wordpress\/ -->\n<title>Pol\u00edtica de Privacidad - Homeit<\/title>\n<meta name=\"robots\" content=\"noindex, follow\" \/>\n<meta property=\"og:locale\" content=\"es_ES\" \/>\n<meta property=\"og:type\" content=\"article\" \/>\n<meta property=\"og:title\" content=\"Pol\u00edtica de Privacidad - Homeit\" \/>\n<meta property=\"og:description\" content=\"Protecci\u00f3n de Datos Personales Blue Planet Technologies, S.A. (\u00abhomeit\u00bb) cumple con la legislaci\u00f3n de protecci\u00f3n de datos personales vigente, en particular el Reglamento (UE) 2016\/679 del Parlamento Europeo y del Consejo, de 27 de abril de 2016 (\u00abReglamento\u00bb o \u00abRGPD\u00bb), en relaci\u00f3n a sus relaciones con sus clientes, proveedores y subcontratistas. \u00a0 En el marco [&hellip;]\" \/>\n<meta property=\"og:url\" content=\"https:\/\/homeit.io\/es\/politica-de-privacidad\/\" \/>\n<meta property=\"og:site_name\" content=\"Homeit\" \/>\n<meta property=\"article:publisher\" content=\"https:\/\/www.facebook.com\/homeit.kit\" \/>\n<meta property=\"article:modified_time\" content=\"2023-03-27T11:36:41+00:00\" \/>\n<meta name=\"twitter:card\" content=\"summary_large_image\" \/>\n<meta name=\"twitter:label1\" content=\"Tiempo de lectura\" \/>\n\t<meta name=\"twitter:data1\" content=\"2 minutos\" \/>\n<script type=\"application\/ld+json\" class=\"yoast-schema-graph\">{\"@context\":\"https:\\\/\\\/schema.org\",\"@graph\":[{\"@type\":\"WebPage\",\"@id\":\"https:\\\/\\\/homeit.io\\\/es\\\/politica-de-privacidad\\\/\",\"url\":\"https:\\\/\\\/homeit.io\\\/es\\\/politica-de-privacidad\\\/\",\"name\":\"Pol\u00edtica de Privacidad - Homeit\",\"isPartOf\":{\"@id\":\"https:\\\/\\\/homeit.io\\\/es\\\/#website\"},\"datePublished\":\"2020-07-27T14:28:17+00:00\",\"dateModified\":\"2023-03-27T11:36:41+00:00\",\"breadcrumb\":{\"@id\":\"https:\\\/\\\/homeit.io\\\/es\\\/politica-de-privacidad\\\/#breadcrumb\"},\"inLanguage\":\"es\",\"potentialAction\":[{\"@type\":\"ReadAction\",\"target\":[\"https:\\\/\\\/homeit.io\\\/es\\\/politica-de-privacidad\\\/\"]}]},{\"@type\":\"BreadcrumbList\",\"@id\":\"https:\\\/\\\/homeit.io\\\/es\\\/politica-de-privacidad\\\/#breadcrumb\",\"itemListElement\":[{\"@type\":\"ListItem\",\"position\":1,\"name\":\"In\u00edcio\",\"item\":\"https:\\\/\\\/homeit.io\\\/es\\\/\"},{\"@type\":\"ListItem\",\"position\":2,\"name\":\"Pol\u00edtica de Privacidad\"}]},{\"@type\":\"WebSite\",\"@id\":\"https:\\\/\\\/homeit.io\\\/es\\\/#website\",\"url\":\"https:\\\/\\\/homeit.io\\\/es\\\/\",\"name\":\"Homeit\",\"description\":\"Acessos Inteligentes\",\"publisher\":{\"@id\":\"https:\\\/\\\/homeit.io\\\/es\\\/#organization\"},\"potentialAction\":[{\"@type\":\"SearchAction\",\"target\":{\"@type\":\"EntryPoint\",\"urlTemplate\":\"https:\\\/\\\/homeit.io\\\/es\\\/?s={search_term_string}\"},\"query-input\":{\"@type\":\"PropertyValueSpecification\",\"valueRequired\":true,\"valueName\":\"search_term_string\"}}],\"inLanguage\":\"es\"},{\"@type\":\"Organization\",\"@id\":\"https:\\\/\\\/homeit.io\\\/es\\\/#organization\",\"name\":\"Homeit\",\"url\":\"https:\\\/\\\/homeit.io\\\/es\\\/\",\"logo\":{\"@type\":\"ImageObject\",\"inLanguage\":\"es\",\"@id\":\"https:\\\/\\\/homeit.io\\\/es\\\/#\\\/schema\\\/logo\\\/image\\\/\",\"url\":\"https:\\\/\\\/homeit.io\\\/wp-content\\\/uploads\\\/2022\\\/06\\\/homeit_PrimaryLogo.svg\",\"contentUrl\":\"https:\\\/\\\/homeit.io\\\/wp-content\\\/uploads\\\/2022\\\/06\\\/homeit_PrimaryLogo.svg\",\"caption\":\"Homeit\"},\"image\":{\"@id\":\"https:\\\/\\\/homeit.io\\\/es\\\/#\\\/schema\\\/logo\\\/image\\\/\"},\"sameAs\":[\"https:\\\/\\\/www.facebook.com\\\/homeit.kit\",\"https:\\\/\\\/www.instagram.com\\\/homeit.io\\\/\",\"https:\\\/\\\/www.linkedin.com\\\/company\\\/homeit\\\/\"]}]}<\/script>\n<!-- \/ Yoast SEO plugin. -->","yoast_head_json":{"title":"Pol\u00edtica de Privacidad - Homeit","robots":{"index":"noindex","follow":"follow"},"og_locale":"es_ES","og_type":"article","og_title":"Pol\u00edtica de Privacidad - Homeit","og_description":"Protecci\u00f3n de Datos Personales Blue Planet Technologies, S.A. (\u00abhomeit\u00bb) cumple con la legislaci\u00f3n de protecci\u00f3n de datos personales vigente, en particular el Reglamento (UE) 2016\/679 del Parlamento Europeo y del Consejo, de 27 de abril de 2016 (\u00abReglamento\u00bb o \u00abRGPD\u00bb), en relaci\u00f3n a sus relaciones con sus clientes, proveedores y subcontratistas. \u00a0 En el marco [&hellip;]","og_url":"https:\/\/homeit.io\/es\/politica-de-privacidad\/","og_site_name":"Homeit","article_publisher":"https:\/\/www.facebook.com\/homeit.kit","article_modified_time":"2023-03-27T11:36:41+00:00","twitter_card":"summary_large_image","twitter_misc":{"Tiempo de lectura":"2 minutos"},"schema":{"@context":"https:\/\/schema.org","@graph":[{"@type":"WebPage","@id":"https:\/\/homeit.io\/es\/politica-de-privacidad\/","url":"https:\/\/homeit.io\/es\/politica-de-privacidad\/","name":"Pol\u00edtica de Privacidad - Homeit","isPartOf":{"@id":"https:\/\/homeit.io\/es\/#website"},"datePublished":"2020-07-27T14:28:17+00:00","dateModified":"2023-03-27T11:36:41+00:00","breadcrumb":{"@id":"https:\/\/homeit.io\/es\/politica-de-privacidad\/#breadcrumb"},"inLanguage":"es","potentialAction":[{"@type":"ReadAction","target":["https:\/\/homeit.io\/es\/politica-de-privacidad\/"]}]},{"@type":"BreadcrumbList","@id":"https:\/\/homeit.io\/es\/politica-de-privacidad\/#breadcrumb","itemListElement":[{"@type":"ListItem","position":1,"name":"In\u00edcio","item":"https:\/\/homeit.io\/es\/"},{"@type":"ListItem","position":2,"name":"Pol\u00edtica de Privacidad"}]},{"@type":"WebSite","@id":"https:\/\/homeit.io\/es\/#website","url":"https:\/\/homeit.io\/es\/","name":"Homeit","description":"Acessos Inteligentes","publisher":{"@id":"https:\/\/homeit.io\/es\/#organization"},"potentialAction":[{"@type":"SearchAction","target":{"@type":"EntryPoint","urlTemplate":"https:\/\/homeit.io\/es\/?s={search_term_string}"},"query-input":{"@type":"PropertyValueSpecification","valueRequired":true,"valueName":"search_term_string"}}],"inLanguage":"es"},{"@type":"Organization","@id":"https:\/\/homeit.io\/es\/#organization","name":"Homeit","url":"https:\/\/homeit.io\/es\/","logo":{"@type":"ImageObject","inLanguage":"es","@id":"https:\/\/homeit.io\/es\/#\/schema\/logo\/image\/","url":"https:\/\/homeit.io\/wp-content\/uploads\/2022\/06\/homeit_PrimaryLogo.svg","contentUrl":"https:\/\/homeit.io\/wp-content\/uploads\/2022\/06\/homeit_PrimaryLogo.svg","caption":"Homeit"},"image":{"@id":"https:\/\/homeit.io\/es\/#\/schema\/logo\/image\/"},"sameAs":["https:\/\/www.facebook.com\/homeit.kit","https:\/\/www.instagram.com\/homeit.io\/","https:\/\/www.linkedin.com\/company\/homeit\/"]}]}},"_links":{"self":[{"href":"https:\/\/homeit.io\/es\/wp-json\/wp\/v2\/pages\/14263","targetHints":{"allow":["GET"]}}],"collection":[{"href":"https:\/\/homeit.io\/es\/wp-json\/wp\/v2\/pages"}],"about":[{"href":"https:\/\/homeit.io\/es\/wp-json\/wp\/v2\/types\/page"}],"author":[{"embeddable":true,"href":"https:\/\/homeit.io\/es\/wp-json\/wp\/v2\/users\/1"}],"replies":[{"embeddable":true,"href":"https:\/\/homeit.io\/es\/wp-json\/wp\/v2\/comments?post=14263"}],"version-history":[{"count":0,"href":"https:\/\/homeit.io\/es\/wp-json\/wp\/v2\/pages\/14263\/revisions"}],"wp:attachment":[{"href":"https:\/\/homeit.io\/es\/wp-json\/wp\/v2\/media?parent=14263"}],"curies":[{"name":"wp","href":"https:\/\/api.w.org\/{rel}","templated":true}]}}