{"id":14277,"date":"2020-09-10T08:17:31","date_gmt":"2020-09-10T08:17:31","guid":{"rendered":"https:\/\/homeit.io\/contactos\/"},"modified":"2024-12-09T14:36:13","modified_gmt":"2024-12-09T14:36:13","slug":"contactos","status":"publish","type":"page","link":"https:\/\/homeit.io\/es\/contactos\/","title":{"rendered":"Contactos"},"content":{"rendered":"\t\t<div data-elementor-type=\"wp-page\" data-elementor-id=\"14277\" class=\"elementor elementor-14277 elementor-3075\" data-elementor-post-type=\"page\">\n\t\t\t\t\t\t<section class=\"elementor-section elementor-top-section elementor-element elementor-element-1809a97f elementor-section-height-min-height elementor-section-boxed elementor-section-height-default elementor-section-items-middle qodef-elementor-content-no\" data-id=\"1809a97f\" data-element_type=\"section\" data-settings=\"{&quot;background_background&quot;:&quot;classic&quot;}\">\n\t\t\t\t\t\t<div class=\"elementor-container elementor-column-gap-default\">\n\t\t\t\t\t<div class=\"elementor-column elementor-col-100 elementor-top-column elementor-element elementor-element-158a2c61\" data-id=\"158a2c61\" data-element_type=\"column\">\n\t\t\t<div class=\"elementor-widget-wrap elementor-element-populated\">\n\t\t\t\t\t\t<div class=\"elementor-element elementor-element-52d08cac elementor-widget elementor-widget-heading\" data-id=\"52d08cac\" data-element_type=\"widget\" data-widget_type=\"heading.default\">\n\t\t\t\t<div class=\"elementor-widget-container\">\n\t\t\t\t\t<h6 class=\"elementor-heading-title elementor-size-default\">homeit<\/h6>\t\t\t\t<\/div>\n\t\t\t\t<\/div>\n\t\t\t\t<div class=\"elementor-element elementor-element-2a20ff17 elementor-widget elementor-widget-heading\" data-id=\"2a20ff17\" data-element_type=\"widget\" data-widget_type=\"heading.default\">\n\t\t\t\t<div class=\"elementor-widget-container\">\n\t\t\t\t\t<h1 class=\"elementor-heading-title elementor-size-default\">Contactos<\/h1>\t\t\t\t<\/div>\n\t\t\t\t<\/div>\n\t\t\t\t<div class=\"elementor-element elementor-element-71b37f4b elementor-widget elementor-widget-heading\" data-id=\"71b37f4b\" data-element_type=\"widget\" data-widget_type=\"heading.default\">\n\t\t\t\t<div class=\"elementor-widget-container\">\n\t\t\t\t\t<p class=\"elementor-heading-title elementor-size-default\">Disponible para usted<\/p>\t\t\t\t<\/div>\n\t\t\t\t<\/div>\n\t\t\t\t\t<\/div>\n\t\t<\/div>\n\t\t\t\t\t<\/div>\n\t\t<\/section>\n\t\t\t\t<section class=\"elementor-section elementor-top-section elementor-element elementor-element-d49dbd1 qodef-elementor-content-grid qodef-link-custom-style elementor-section-boxed elementor-section-height-default elementor-section-height-default\" data-id=\"d49dbd1\" data-element_type=\"section\">\n\t\t\t\t\t\t<div class=\"elementor-container elementor-column-gap-default\">\n\t\t\t\t\t<div class=\"elementor-column elementor-col-33 elementor-top-column elementor-element elementor-element-2ba2c48\" data-id=\"2ba2c48\" data-element_type=\"column\">\n\t\t\t<div class=\"elementor-widget-wrap elementor-element-populated\">\n\t\t\t\t\t\t<div class=\"elementor-element elementor-element-7e2a57a elementor-widget elementor-widget-webon_core_info_section\" data-id=\"7e2a57a\" data-element_type=\"widget\" data-widget_type=\"webon_core_info_section.default\">\n\t\t\t\t<div class=\"elementor-widget-container\">\n\t\t\t\t\t<div class=\"qodef-shortcode qodef-m  qodef-info-section qodef-layout--standard   \">\n\t<div class=\"qodef-m-holder\">\n\t\t\t<h6 class=\"qodef-m-tagline\" style=\"color: #1D1D1F\">\n\t\t01.\t<\/h6>\n\t\t\t<span class=\"qodef-m-separator\" style=\"background-color: #DBDBDB\"><\/span>\n\t\t\t\t\t<\/div>\n<\/div>\t\t\t\t<\/div>\n\t\t\t\t<\/div>\n\t\t\t\t<div class=\"elementor-element elementor-element-e3ed52e elementor-widget elementor-widget-webon_core_section_title\" data-id=\"e3ed52e\" data-element_type=\"widget\" data-widget_type=\"webon_core_section_title.default\">\n\t\t\t\t<div class=\"elementor-widget-container\">\n\t\t\t\t\t<div class=\"qodef-shortcode qodef-m  qodef-section-title qodef-alignment--left   \">\n\t\t\t<h5 class=\"qodef-m-title\" >\n\t\tSede em Braga\t<\/h5>\n\t\t<\/div>\t\t\t\t<\/div>\n\t\t\t\t<\/div>\n\t\t\t\t<div class=\"elementor-element elementor-element-00da858 elementor-widget elementor-widget-text-editor\" data-id=\"00da858\" data-element_type=\"widget\" data-widget_type=\"text-editor.default\">\n\t\t\t\t<div class=\"elementor-widget-container\">\n\t\t\t\t\t\t\t\t\t<p>Pra\u00e7a Conde de Agrolongo 123<br \/>4700-314 Braga<\/p>\n\t\t\t\t\t\t\t\t<\/div>\n\t\t\t\t<\/div>\n\t\t\t\t\t<\/div>\n\t\t<\/div>\n\t\t\t\t<div class=\"elementor-column elementor-col-33 elementor-top-column elementor-element elementor-element-c5173ee\" data-id=\"c5173ee\" data-element_type=\"column\">\n\t\t\t<div class=\"elementor-widget-wrap elementor-element-populated\">\n\t\t\t\t\t\t<div class=\"elementor-element elementor-element-3e2dc70 elementor-widget elementor-widget-webon_core_info_section\" data-id=\"3e2dc70\" data-element_type=\"widget\" data-widget_type=\"webon_core_info_section.default\">\n\t\t\t\t<div class=\"elementor-widget-container\">\n\t\t\t\t\t<div class=\"qodef-shortcode qodef-m  qodef-info-section qodef-layout--standard   \">\n\t<div class=\"qodef-m-holder\">\n\t\t\t<h6 class=\"qodef-m-tagline\" style=\"color: #1D1D1F\">\n\t\t02.\t<\/h6>\n\t\t\t<span class=\"qodef-m-separator\" style=\"background-color: #DBDBDB\"><\/span>\n\t\t\t\t\t<\/div>\n<\/div>\t\t\t\t<\/div>\n\t\t\t\t<\/div>\n\t\t\t\t<div class=\"elementor-element elementor-element-c57b1d0 elementor-widget elementor-widget-webon_core_section_title\" data-id=\"c57b1d0\" data-element_type=\"widget\" data-widget_type=\"webon_core_section_title.default\">\n\t\t\t\t<div class=\"elementor-widget-container\">\n\t\t\t\t\t<div class=\"qodef-shortcode qodef-m  qodef-section-title qodef-alignment--left   \">\n\t\t\t<h5 class=\"qodef-m-title\" >\n\t\tDelega\u00e7\u00e3o Comercial em Lisboa\t<\/h5>\n\t\t<\/div>\t\t\t\t<\/div>\n\t\t\t\t<\/div>\n\t\t\t\t<div class=\"elementor-element elementor-element-1471815 elementor-widget elementor-widget-text-editor\" data-id=\"1471815\" data-element_type=\"widget\" data-widget_type=\"text-editor.default\">\n\t\t\t\t<div class=\"elementor-widget-container\">\n\t\t\t\t\t\t\t\t\t<p>Avenida Frei Miguel Contreiras 16<br \/>1700-211 Lisboa<br \/><a style=\"color: #00b8a0;\" href=\"mailto:sales@homeit.io\">sales@homeit.io<\/a><\/p>\n\t\t\t\t\t\t\t\t<\/div>\n\t\t\t\t<\/div>\n\t\t\t\t\t<\/div>\n\t\t<\/div>\n\t\t\t\t<div class=\"elementor-column elementor-col-33 elementor-top-column elementor-element elementor-element-803ad5b\" data-id=\"803ad5b\" data-element_type=\"column\">\n\t\t\t<div class=\"elementor-widget-wrap elementor-element-populated\">\n\t\t\t\t\t\t<div class=\"elementor-element elementor-element-255fcb1 elementor-widget elementor-widget-webon_core_info_section\" data-id=\"255fcb1\" data-element_type=\"widget\" data-widget_type=\"webon_core_info_section.default\">\n\t\t\t\t<div class=\"elementor-widget-container\">\n\t\t\t\t\t<div class=\"qodef-shortcode qodef-m  qodef-info-section qodef-layout--standard   \">\n\t<div class=\"qodef-m-holder\">\n\t\t\t<h6 class=\"qodef-m-tagline\" style=\"color: #1D1D1F\">\n\t\t03.\t<\/h6>\n\t\t\t<span class=\"qodef-m-separator\" style=\"background-color: #DBDBDB\"><\/span>\n\t\t\t\t\t<\/div>\n<\/div>\t\t\t\t<\/div>\n\t\t\t\t<\/div>\n\t\t\t\t<div class=\"elementor-element elementor-element-dc8df8f elementor-widget elementor-widget-webon_core_section_title\" data-id=\"dc8df8f\" data-element_type=\"widget\" data-widget_type=\"webon_core_section_title.default\">\n\t\t\t\t<div class=\"elementor-widget-container\">\n\t\t\t\t\t<div class=\"qodef-shortcode qodef-m  qodef-section-title qodef-alignment--left   \">\n\t\t\t<h5 class=\"qodef-m-title\" >\n\t\tDelega\u00e7\u00e3o T\u00e9cnica em Coimbra\t<\/h5>\n\t\t<\/div>\t\t\t\t<\/div>\n\t\t\t\t<\/div>\n\t\t\t\t<div class=\"elementor-element elementor-element-d5aac25 elementor-widget elementor-widget-text-editor\" data-id=\"d5aac25\" data-element_type=\"widget\" data-widget_type=\"text-editor.default\">\n\t\t\t\t<div class=\"elementor-widget-container\">\n\t\t\t\t\t\t\t\t\t<p>Rua Coronel J\u00falio Veiga Sim\u00e3o s\/n, <br \/>Complexo Tecnol\u00f3gico De Coimbra<br \/>Edif\u00edcio Novotecna, 3025-307 Coimbra<\/p>\n\t\t\t\t\t\t\t\t<\/div>\n\t\t\t\t<\/div>\n\t\t\t\t\t<\/div>\n\t\t<\/div>\n\t\t\t\t\t<\/div>\n\t\t<\/section>\n\t\t\t\t<section class=\"elementor-section elementor-top-section elementor-element elementor-element-8a0af1b elementor-section-boxed elementor-section-height-default elementor-section-height-default qodef-elementor-content-no\" data-id=\"8a0af1b\" data-element_type=\"section\" id=\"form\">\n\t\t\t\t\t\t<div class=\"elementor-container elementor-column-gap-default\">\n\t\t\t\t\t<div class=\"elementor-column elementor-col-100 elementor-top-column elementor-element elementor-element-0b33270\" data-id=\"0b33270\" data-element_type=\"column\">\n\t\t\t<div class=\"elementor-widget-wrap\">\n\t\t\t\t\t\t\t<\/div>\n\t\t<\/div>\n\t\t\t\t\t<\/div>\n\t\t<\/section>\n\t\t\t\t<section class=\"elementor-section elementor-top-section elementor-element elementor-element-36e9551 qodef-elementor-content-grid elementor-section-boxed elementor-section-height-default elementor-section-height-default\" data-id=\"36e9551\" data-element_type=\"section\">\n\t\t\t\t\t\t<div class=\"elementor-container elementor-column-gap-default\">\n\t\t\t\t\t<div class=\"elementor-column elementor-col-50 elementor-top-column elementor-element elementor-element-445952d\" data-id=\"445952d\" data-element_type=\"column\">\n\t\t\t<div class=\"elementor-widget-wrap elementor-element-populated\">\n\t\t\t\t\t\t<div class=\"elementor-element elementor-element-519fa04 elementor-widget elementor-widget-webon_core_single_image\" data-id=\"519fa04\" data-element_type=\"widget\" data-widget_type=\"webon_core_single_image.default\">\n\t\t\t\t<div class=\"elementor-widget-container\">\n\t\t\t\t\t<div class=\"qodef-shortcode qodef-m  qodef-single-image qodef-layout--standard qodef--icon-pack   \">\n\t<div class=\"qodef-m-image\" >\n\t\t\t<img fetchpriority=\"high\" decoding=\"async\" width=\"800\" height=\"800\" src=\"https:\/\/homeit.io\/wp-content\/uploads\/2022\/04\/c.jpg\" class=\"attachment-full size-full\" alt=\"Contactos homeit\" srcset=\"https:\/\/homeit.io\/wp-content\/uploads\/2022\/04\/c.jpg 800w, https:\/\/homeit.io\/wp-content\/uploads\/2022\/04\/c-300x300.jpg 300w, https:\/\/homeit.io\/wp-content\/uploads\/2022\/04\/c-150x150.jpg 150w, https:\/\/homeit.io\/wp-content\/uploads\/2022\/04\/c-768x768.jpg 768w, https:\/\/homeit.io\/wp-content\/uploads\/2022\/04\/c-650x650.jpg 650w, https:\/\/homeit.io\/wp-content\/uploads\/2022\/04\/c-600x600.jpg 600w, https:\/\/homeit.io\/wp-content\/uploads\/2022\/04\/c-100x100.jpg 100w\" sizes=\"(max-width: 800px) 100vw, 800px\" \/>\t\t<div class=\"qodef-m-icon-wrapper\" >\n\t\t\t<span class=\"qodef-shortcode qodef-m  qodef-icon-holder qodef-size--default qodef-layout--normal\"  >\t            <\/span>\t\t<\/div>\n\t<\/div>\n\t<\/div>\t\t\t\t<\/div>\n\t\t\t\t<\/div>\n\t\t\t\t\t<\/div>\n\t\t<\/div>\n\t\t\t\t<div class=\"elementor-column elementor-col-50 elementor-top-column elementor-element elementor-element-36f11c8\" data-id=\"36f11c8\" data-element_type=\"column\">\n\t\t\t<div class=\"elementor-widget-wrap elementor-element-populated\">\n\t\t\t\t\t\t<div class=\"elementor-element elementor-element-0e4a687 elementor-widget elementor-widget-webon_core_section_title\" data-id=\"0e4a687\" data-element_type=\"widget\" data-widget_type=\"webon_core_section_title.default\">\n\t\t\t\t<div class=\"elementor-widget-container\">\n\t\t\t\t\t<div class=\"qodef-shortcode qodef-m  qodef-section-title qodef-alignment--left   \">\n\t\t\t<h3 class=\"qodef-m-title\" >\n\t\tFale connosco\t<\/h3>\n\t\t<p class=\"qodef-m-text\" style=\"margin-top: 23px;color: #4C4C4C\">Tem d\u00favidas? N\u00e3o hesite e deixe-nos a sua mensagem<\/p>\n\t<\/div>\t\t\t\t<\/div>\n\t\t\t\t<\/div>\n\t\t\t\t<div class=\"elementor-element elementor-element-f67dc3f elementor-widget elementor-widget-heading\" data-id=\"f67dc3f\" data-element_type=\"widget\" data-widget_type=\"heading.default\">\n\t\t\t\t<div class=\"elementor-widget-container\">\n\t\t\t\t\t<h3 class=\"elementor-heading-title elementor-size-default\">Quiero recibir el cat\u00e1logo homeit<\/h3>\t\t\t\t<\/div>\n\t\t\t\t<\/div>\n\t\t\t\t<div class=\"elementor-element elementor-element-8aaf022 elementor-widget elementor-widget-wp-widget-webon_core_contact_form_7\" data-id=\"8aaf022\" data-element_type=\"widget\" data-widget_type=\"wp-widget-webon_core_contact_form_7.default\">\n\t\t\t\t<div class=\"elementor-widget-container\">\n\t\t\t\t\t\t\t\t<div class=\"qodef-contact-form-7\">\n\t\t\t\t\n<div class=\"wpcf7 no-js\" id=\"wpcf7-f14266-o1\" lang=\"es-ES\" dir=\"ltr\" data-wpcf7-id=\"14266\">\n<div class=\"screen-reader-response\"><p role=\"status\" aria-live=\"polite\" aria-atomic=\"true\"><\/p> <ul><\/ul><\/div>\n<form action=\"\/es\/wp-json\/wp\/v2\/pages\/14277#wpcf7-f14266-o1\" method=\"post\" class=\"wpcf7-form init\" aria-label=\"Formulario de contacto\" novalidate=\"novalidate\" data-status=\"init\">\n<fieldset class=\"hidden-fields-container\"><input type=\"hidden\" name=\"_wpcf7\" value=\"14266\" \/><input type=\"hidden\" name=\"_wpcf7_version\" value=\"6.1.5\" \/><input type=\"hidden\" name=\"_wpcf7_locale\" value=\"es_ES\" \/><input type=\"hidden\" name=\"_wpcf7_unit_tag\" value=\"wpcf7-f14266-o1\" \/><input type=\"hidden\" name=\"_wpcf7_container_post\" value=\"0\" \/><input type=\"hidden\" name=\"_wpcf7_posted_data_hash\" value=\"\" \/><input type=\"hidden\" name=\"_wpcf7_recaptcha_response\" value=\"\" \/>\n<\/fieldset>\n<div class=\"qodef-custom-contact-form\">\n\n<span class=\"wpcf7-form-control-wrap\" data-name=\"email-496\"><input size=\"40\" maxlength=\"400\" class=\"wpcf7-form-control wpcf7-email wpcf7-validates-as-required wpcf7-text wpcf7-validates-as-email\" aria-required=\"true\" aria-invalid=\"false\" placeholder=\"Email\" value=\"\" type=\"email\" name=\"email-496\" \/><\/span>\n\n<span class=\"wpcf7-form-control-wrap\" data-name=\"your-name\"><input size=\"40\" maxlength=\"400\" class=\"wpcf7-form-control wpcf7-text wpcf7-validates-as-required\" aria-required=\"true\" aria-invalid=\"false\" placeholder=\"Nome\" value=\"\" type=\"text\" name=\"your-name\" \/><\/span>\n\n<span class=\"wpcf7-form-control-wrap\" data-name=\"tel-849\"><input size=\"40\" maxlength=\"400\" class=\"wpcf7-form-control wpcf7-tel wpcf7-validates-as-required wpcf7-text wpcf7-validates-as-tel\" aria-required=\"true\" aria-invalid=\"false\" placeholder=\"Telem\u00f3vel\" value=\"\" type=\"tel\" name=\"tel-849\" \/><\/span>\n\n<span class=\"wpcf7-form-control-wrap\" data-name=\"your-message\"><textarea cols=\"40\" rows=\"10\" maxlength=\"2000\" class=\"wpcf7-form-control wpcf7-textarea\" aria-invalid=\"false\" placeholder=\"Mensagem\" name=\"your-message\"><\/textarea><\/span>\n\n<span class=\"wpcf7-form-control-wrap\" data-name=\"acceptance-51\"><span class=\"wpcf7-form-control wpcf7-acceptance\"><span class=\"wpcf7-list-item\"><label><input type=\"checkbox\" name=\"acceptance-51\" value=\"1\" aria-invalid=\"false\" \/><span class=\"wpcf7-list-item-label\">Eu aceito os <a href=\"\/termos-e-condicoes-de-servico\/\">termos e as condi\u00e7\u00f5es<\/a>. A homeit garante a confidencialidade da sua informa\u00e7\u00e3o.<\/span><\/label><\/span><\/span><\/span>\n\n<div style=\"display:none;\"> \n<span class=\"wpcf7-form-control-wrap\" data-name=\"page-url\"><input size=\"40\" maxlength=\"400\" class=\"wpcf7-form-control wpcf7-text\" aria-invalid=\"false\" value=\"https:\/\/homeit.io\/es\/wp-json\/wp\/v2\/pages\/14277\" type=\"text\" name=\"page-url\" \/><\/span>\n<\/div>\n\n<div style=\"margin-top: -4px;\"><button class=\"wpcf7-form-control wpcf7-submit qodef-button qodef-size--normal qodef-layout--textual qodef-arrow-button qodef-m\" id=\"enviar-form\" type=\"submit\"><span class=\"qodef-m-text\">Enviar<\/span><svg  xmlns=\"http:\/\/www.w3.org\/2000\/svg\" xmlns:xlink=\"http:\/\/www.w3.org\/1999\/xlink\" width=\"34px\" height=\"16px\" viewBox=\"0 0 34.53 16\" xml:space=\"preserve\"><rect class=\"qodef-button-line\" y=\"7.6\" width=\"34\" height=\".4\"><\/rect><g class=\"qodef-button-cap-fake\"><path class=\"qodef-button-cap\" d=\"M25.83.7l.7-.7,8,8-.7.71Zm0,14.6,8-8,.71.71-8,8Z\"\/><\/g><\/svg><\/button><\/div>\n\n<input class=\"wpcf7-form-control wpcf7-hidden\" value=\"\" type=\"hidden\" name=\"utm_source\" \/>\n<input class=\"wpcf7-form-control wpcf7-hidden\" value=\"\" type=\"hidden\" name=\"utm_medium\" \/>\n<input class=\"wpcf7-form-control wpcf7-hidden\" value=\"\" type=\"hidden\" name=\"utm_campaign\" \/>\n<input class=\"wpcf7-form-control wpcf7-hidden\" value=\"\" type=\"hidden\" name=\"utm_keyword\" \/>\n<input class=\"wpcf7-form-control wpcf7-hidden\" value=\"\" type=\"hidden\" name=\"utm_content\" \/>\n\n<\/div><div class=\"wpcf7-response-output\" aria-hidden=\"true\"><\/div>\n<\/form>\n<\/div>\n\t\t\t<\/div>\n\t\t\t\t\t\t\t<\/div>\n\t\t\t\t<\/div>\n\t\t\t\t\t<\/div>\n\t\t<\/div>\n\t\t\t\t\t<\/div>\n\t\t<\/section>\n\t\t\t\t<section class=\"elementor-section elementor-top-section elementor-element elementor-element-65bbede elementor-section-boxed elementor-section-height-default elementor-section-height-default qodef-elementor-content-no\" data-id=\"65bbede\" data-element_type=\"section\">\n\t\t\t\t\t\t<div class=\"elementor-container elementor-column-gap-default\">\n\t\t\t\t\t<div class=\"elementor-column elementor-col-100 elementor-top-column elementor-element elementor-element-26e6451\" data-id=\"26e6451\" data-element_type=\"column\">\n\t\t\t<div class=\"elementor-widget-wrap elementor-element-populated\">\n\t\t\t\t\t\t<div class=\"elementor-element elementor-element-1836842 elementor-widget elementor-widget-shortcode\" data-id=\"1836842\" data-element_type=\"widget\" data-widget_type=\"shortcode.default\">\n\t\t\t\t<div class=\"elementor-widget-container\">\n\t\t\t\t\t\t\t<div class=\"elementor-shortcode\"><script>\r\ndocument.getElementById(\"enviar-form\").addEventListener(\"click\", function(){\r\n   document.getElementById(\"enviar-form\").innerHTML = \"A enviar\";\r\n});\r\n<\/script><\/div>\n\t\t\t\t\t\t<\/div>\n\t\t\t\t<\/div>\n\t\t\t\t\t<\/div>\n\t\t<\/div>\n\t\t\t\t\t<\/div>\n\t\t<\/section>\n\t\t\t\t<\/div>\n\t\t","protected":false},"excerpt":{"rendered":"<p>homeit Contactos Disponible para usted 01. Sede em Braga Pra\u00e7a Conde de Agrolongo 1234700-314 Braga 02. Delega\u00e7\u00e3o Comercial em Lisboa Avenida Frei Miguel Contreiras 161700-211 Lisboasales@homeit.io 03. Delega\u00e7\u00e3o T\u00e9cnica em Coimbra Rua Coronel J\u00falio Veiga Sim\u00e3o s\/n, Complexo Tecnol\u00f3gico De CoimbraEdif\u00edcio Novotecna, 3025-307 Coimbra Fale connosco Tem d\u00favidas? N\u00e3o hesite e deixe-nos a sua mensagem [&hellip;]<\/p>\n","protected":false},"author":1,"featured_media":0,"parent":0,"menu_order":0,"comment_status":"closed","ping_status":"closed","template":"","meta":{"footnotes":""},"class_list":["post-14277","page","type-page","status-publish","hentry"],"yoast_head":"<!-- This site is optimized with the Yoast SEO plugin v27.2 - https:\/\/yoast.com\/product\/yoast-seo-wordpress\/ -->\n<title>Contactos - Homeit<\/title>\n<meta name=\"description\" content=\"Conozca aqu\u00ed los contactos y la ubicaci\u00f3n de Homeit, y hable con nosotros.\" \/>\n<meta name=\"robots\" content=\"index, follow, max-snippet:-1, max-image-preview:large, max-video-preview:-1\" \/>\n<link rel=\"canonical\" href=\"https:\/\/homeit.io\/es\/contactos\/\" \/>\n<meta property=\"og:locale\" content=\"es_ES\" \/>\n<meta property=\"og:type\" content=\"article\" \/>\n<meta property=\"og:title\" content=\"Contactos - Homeit\" \/>\n<meta property=\"og:description\" content=\"Conozca aqu\u00ed los contactos y la ubicaci\u00f3n de Homeit, y hable con nosotros.\" \/>\n<meta property=\"og:url\" content=\"https:\/\/homeit.io\/es\/contactos\/\" \/>\n<meta property=\"og:site_name\" content=\"Homeit\" \/>\n<meta property=\"article:publisher\" content=\"https:\/\/www.facebook.com\/homeit.kit\" \/>\n<meta property=\"article:modified_time\" content=\"2024-12-09T14:36:13+00:00\" \/>\n<meta property=\"og:image\" content=\"https:\/\/homeit.io\/wp-content\/uploads\/2022\/04\/c.jpg\" \/>\n<meta name=\"twitter:card\" content=\"summary_large_image\" \/>\n<meta name=\"twitter:label1\" content=\"Tiempo de lectura\" \/>\n\t<meta name=\"twitter:data1\" content=\"1 minuto\" \/>\n<script type=\"application\/ld+json\" class=\"yoast-schema-graph\">{\"@context\":\"https:\/\/schema.org\",\"@graph\":[{\"@type\":\"WebPage\",\"@id\":\"https:\/\/homeit.io\/es\/contactos\/\",\"url\":\"https:\/\/homeit.io\/es\/contactos\/\",\"name\":\"Contactos - Homeit\",\"isPartOf\":{\"@id\":\"https:\/\/homeit.io\/es\/#website\"},\"primaryImageOfPage\":{\"@id\":\"https:\/\/homeit.io\/es\/contactos\/#primaryimage\"},\"image\":{\"@id\":\"https:\/\/homeit.io\/es\/contactos\/#primaryimage\"},\"thumbnailUrl\":\"https:\/\/homeit.io\/wp-content\/uploads\/2022\/04\/c.jpg\",\"datePublished\":\"2020-09-10T08:17:31+00:00\",\"dateModified\":\"2024-12-09T14:36:13+00:00\",\"description\":\"Conozca aqu\u00ed los contactos y la ubicaci\u00f3n de Homeit, y hable con nosotros.\",\"breadcrumb\":{\"@id\":\"https:\/\/homeit.io\/es\/contactos\/#breadcrumb\"},\"inLanguage\":\"es\",\"potentialAction\":[{\"@type\":\"ReadAction\",\"target\":[\"https:\/\/homeit.io\/es\/contactos\/\"]}]},{\"@type\":\"ImageObject\",\"inLanguage\":\"es\",\"@id\":\"https:\/\/homeit.io\/es\/contactos\/#primaryimage\",\"url\":\"https:\/\/homeit.io\/wp-content\/uploads\/2022\/04\/c.jpg\",\"contentUrl\":\"https:\/\/homeit.io\/wp-content\/uploads\/2022\/04\/c.jpg\"},{\"@type\":\"BreadcrumbList\",\"@id\":\"https:\/\/homeit.io\/es\/contactos\/#breadcrumb\",\"itemListElement\":[{\"@type\":\"ListItem\",\"position\":1,\"name\":\"In\u00edcio\",\"item\":\"https:\/\/homeit.io\/es\/\"},{\"@type\":\"ListItem\",\"position\":2,\"name\":\"Contactos\"}]},{\"@type\":\"WebSite\",\"@id\":\"https:\/\/homeit.io\/es\/#website\",\"url\":\"https:\/\/homeit.io\/es\/\",\"name\":\"Homeit\",\"description\":\"Acessos Inteligentes\",\"publisher\":{\"@id\":\"https:\/\/homeit.io\/es\/#organization\"},\"potentialAction\":[{\"@type\":\"SearchAction\",\"target\":{\"@type\":\"EntryPoint\",\"urlTemplate\":\"https:\/\/homeit.io\/es\/?s={search_term_string}\"},\"query-input\":{\"@type\":\"PropertyValueSpecification\",\"valueRequired\":true,\"valueName\":\"search_term_string\"}}],\"inLanguage\":\"es\"},{\"@type\":\"Organization\",\"@id\":\"https:\/\/homeit.io\/es\/#organization\",\"name\":\"Homeit\",\"url\":\"https:\/\/homeit.io\/es\/\",\"logo\":{\"@type\":\"ImageObject\",\"inLanguage\":\"es\",\"@id\":\"https:\/\/homeit.io\/es\/#\/schema\/logo\/image\/\",\"url\":\"https:\/\/homeit.io\/wp-content\/uploads\/2022\/06\/homeit_PrimaryLogo.svg\",\"contentUrl\":\"https:\/\/homeit.io\/wp-content\/uploads\/2022\/06\/homeit_PrimaryLogo.svg\",\"caption\":\"Homeit\"},\"image\":{\"@id\":\"https:\/\/homeit.io\/es\/#\/schema\/logo\/image\/\"},\"sameAs\":[\"https:\/\/www.facebook.com\/homeit.kit\",\"https:\/\/www.instagram.com\/homeit.io\/\",\"https:\/\/www.linkedin.com\/company\/homeit\/\"]}]}<\/script>\n<!-- \/ Yoast SEO plugin. -->","yoast_head_json":{"title":"Contactos - Homeit","description":"Conozca aqu\u00ed los contactos y la ubicaci\u00f3n de Homeit, y hable con nosotros.","robots":{"index":"index","follow":"follow","max-snippet":"max-snippet:-1","max-image-preview":"max-image-preview:large","max-video-preview":"max-video-preview:-1"},"canonical":"https:\/\/homeit.io\/es\/contactos\/","og_locale":"es_ES","og_type":"article","og_title":"Contactos - Homeit","og_description":"Conozca aqu\u00ed los contactos y la ubicaci\u00f3n de Homeit, y hable con nosotros.","og_url":"https:\/\/homeit.io\/es\/contactos\/","og_site_name":"Homeit","article_publisher":"https:\/\/www.facebook.com\/homeit.kit","article_modified_time":"2024-12-09T14:36:13+00:00","og_image":[{"url":"https:\/\/homeit.io\/wp-content\/uploads\/2022\/04\/c.jpg","type":"","width":"","height":""}],"twitter_card":"summary_large_image","twitter_misc":{"Tiempo de lectura":"1 minuto"},"schema":{"@context":"https:\/\/schema.org","@graph":[{"@type":"WebPage","@id":"https:\/\/homeit.io\/es\/contactos\/","url":"https:\/\/homeit.io\/es\/contactos\/","name":"Contactos - Homeit","isPartOf":{"@id":"https:\/\/homeit.io\/es\/#website"},"primaryImageOfPage":{"@id":"https:\/\/homeit.io\/es\/contactos\/#primaryimage"},"image":{"@id":"https:\/\/homeit.io\/es\/contactos\/#primaryimage"},"thumbnailUrl":"https:\/\/homeit.io\/wp-content\/uploads\/2022\/04\/c.jpg","datePublished":"2020-09-10T08:17:31+00:00","dateModified":"2024-12-09T14:36:13+00:00","description":"Conozca aqu\u00ed los contactos y la ubicaci\u00f3n de Homeit, y hable con nosotros.","breadcrumb":{"@id":"https:\/\/homeit.io\/es\/contactos\/#breadcrumb"},"inLanguage":"es","potentialAction":[{"@type":"ReadAction","target":["https:\/\/homeit.io\/es\/contactos\/"]}]},{"@type":"ImageObject","inLanguage":"es","@id":"https:\/\/homeit.io\/es\/contactos\/#primaryimage","url":"https:\/\/homeit.io\/wp-content\/uploads\/2022\/04\/c.jpg","contentUrl":"https:\/\/homeit.io\/wp-content\/uploads\/2022\/04\/c.jpg"},{"@type":"BreadcrumbList","@id":"https:\/\/homeit.io\/es\/contactos\/#breadcrumb","itemListElement":[{"@type":"ListItem","position":1,"name":"In\u00edcio","item":"https:\/\/homeit.io\/es\/"},{"@type":"ListItem","position":2,"name":"Contactos"}]},{"@type":"WebSite","@id":"https:\/\/homeit.io\/es\/#website","url":"https:\/\/homeit.io\/es\/","name":"Homeit","description":"Acessos Inteligentes","publisher":{"@id":"https:\/\/homeit.io\/es\/#organization"},"potentialAction":[{"@type":"SearchAction","target":{"@type":"EntryPoint","urlTemplate":"https:\/\/homeit.io\/es\/?s={search_term_string}"},"query-input":{"@type":"PropertyValueSpecification","valueRequired":true,"valueName":"search_term_string"}}],"inLanguage":"es"},{"@type":"Organization","@id":"https:\/\/homeit.io\/es\/#organization","name":"Homeit","url":"https:\/\/homeit.io\/es\/","logo":{"@type":"ImageObject","inLanguage":"es","@id":"https:\/\/homeit.io\/es\/#\/schema\/logo\/image\/","url":"https:\/\/homeit.io\/wp-content\/uploads\/2022\/06\/homeit_PrimaryLogo.svg","contentUrl":"https:\/\/homeit.io\/wp-content\/uploads\/2022\/06\/homeit_PrimaryLogo.svg","caption":"Homeit"},"image":{"@id":"https:\/\/homeit.io\/es\/#\/schema\/logo\/image\/"},"sameAs":["https:\/\/www.facebook.com\/homeit.kit","https:\/\/www.instagram.com\/homeit.io\/","https:\/\/www.linkedin.com\/company\/homeit\/"]}]}},"_links":{"self":[{"href":"https:\/\/homeit.io\/es\/wp-json\/wp\/v2\/pages\/14277","targetHints":{"allow":["GET"]}}],"collection":[{"href":"https:\/\/homeit.io\/es\/wp-json\/wp\/v2\/pages"}],"about":[{"href":"https:\/\/homeit.io\/es\/wp-json\/wp\/v2\/types\/page"}],"author":[{"embeddable":true,"href":"https:\/\/homeit.io\/es\/wp-json\/wp\/v2\/users\/1"}],"replies":[{"embeddable":true,"href":"https:\/\/homeit.io\/es\/wp-json\/wp\/v2\/comments?post=14277"}],"version-history":[{"count":0,"href":"https:\/\/homeit.io\/es\/wp-json\/wp\/v2\/pages\/14277\/revisions"}],"wp:attachment":[{"href":"https:\/\/homeit.io\/es\/wp-json\/wp\/v2\/media?parent=14277"}],"curies":[{"name":"wp","href":"https:\/\/api.w.org\/{rel}","templated":true}]}}