{"id":13901,"date":"2022-05-23T10:49:21","date_gmt":"2022-05-23T10:49:21","guid":{"rendered":"https:\/\/homeit.io\/loja\/sin%20categor\u00eda\/h11\/"},"modified":"2023-04-11T13:50:53","modified_gmt":"2023-04-11T13:50:53","slug":"h11","status":"publish","type":"product","link":"https:\/\/homeit.io\/es\/tienda\/cerraduras-inteligentes\/mortise\/h11\/","title":{"rendered":"H11"},"content":{"rendered":"<h5 style=\"font-size: 40px;\">Cerradura inteligente con acceso Bluetooth,<br \/>\ncontrolable por tel\u00e9fono m\u00f3vil.<\/h5>\n<h5 style=\"font-size: 40px;\"><img fetchpriority=\"high\" decoding=\"async\" class=\"alignright wp-image-11487\" src=\"https:\/\/homeit.io\/wp-content\/uploads\/2022\/04\/H11-300x300.png\" alt=\"\" width=\"500\" height=\"500\" srcset=\"https:\/\/homeit.io\/wp-content\/uploads\/2022\/04\/H11-300x300.png 300w, https:\/\/homeit.io\/wp-content\/uploads\/2022\/04\/H11-150x150.png 150w, https:\/\/homeit.io\/wp-content\/uploads\/2022\/04\/H11-768x768.png 768w, https:\/\/homeit.io\/wp-content\/uploads\/2022\/04\/H11-650x650.png 650w, https:\/\/homeit.io\/wp-content\/uploads\/2022\/04\/H11-600x600.png 600w, https:\/\/homeit.io\/wp-content\/uploads\/2022\/04\/H11-100x100.png 100w, https:\/\/homeit.io\/wp-content\/uploads\/2022\/04\/H11.png 800w\" sizes=\"(max-width: 500px) 100vw, 500px\" \/><\/h5>\n<ul>\n<li>Permite la apertura a trav\u00e9s de la Aplicaci\u00f3n, c\u00f3digo num\u00e9rico, huella dactilar, tarjetas RFID y tambi\u00e9n a trav\u00e9s de una llave f\u00edsica de emergencia.<\/li>\n<li>Se espera que realice m\u00e1s de 10 000 aperturas en condiciones normales.<\/li>\n<li>Aplicable a puertas de madera y aluminio.<\/li>\n<li>Posibilidad de montaje a la izquierda o a la derecha.<\/li>\n<li>Con la cerradura mec\u00e1nica incluida en este modelo, es posible bloquear la puerta simplemente girando la manilla en sentido contrario.<\/li>\n<li>Bloquea autom\u00e1ticamente la puerta (auto lock).<\/li>\n<\/ul>\n<h5>Excelente calidad de construcci\u00f3n.<\/h5>\n<p>&nbsp;<\/p>\n<h6><strong><a class=\"ficha-tecnica\" href=\"\/wp-content\/uploads\/2022\/07\/DESCRIPCION-DEL-PRODUCTO-H11B.pdf\" target=\"_blank\" rel=\"noopener\">DESCRIPCIO\u0301N DEL PRODUCTO <\/a> <img decoding=\"async\" class=\"alignnone size-full wp-image-11476\" src=\"https:\/\/homeit.io\/wp-content\/uploads\/2022\/04\/icon.png\" alt=\"\" width=\"50\" height=\"65\" \/><\/strong><\/h6>\n","protected":false},"excerpt":{"rendered":"<p>Cerradura inteligente con acceso Bluetooth,<br \/>\ncontrolable por tel\u00e9fono m\u00f3vil.<\/p>\n","protected":false},"featured_media":25945,"comment_status":"open","ping_status":"closed","template":"","meta":[],"product_brand":[],"product_cat":[179,200],"product_tag":[201,202],"class_list":{"0":"post-13901","1":"product","2":"type-product","3":"status-publish","4":"has-post-thumbnail","6":"product_cat-cerraduras-inteligentes","7":"product_cat-mortise","8":"product_tag-negocios","9":"product_tag-turismo","11":"first","12":"instock","13":"downloadable","14":"taxable","15":"shipping-taxable","16":"purchasable","17":"product-type-simple"},"yoast_head":"<!-- This site is optimized with the Yoast SEO plugin v27.2 - https:\/\/yoast.com\/product\/yoast-seo-wordpress\/ -->\n<title>H11 - Homeit<\/title>\n<meta name=\"description\" content=\"H11. Cerradura inteligente con acceso Bluetooth, controlable por tel\u00e9fono m\u00f3vil.\" \/>\n<meta name=\"robots\" content=\"index, follow, max-snippet:-1, max-image-preview:large, max-video-preview:-1\" \/>\n<link rel=\"canonical\" href=\"https:\/\/homeit.io\/es\/tienda\/cerraduras-inteligentes\/mortise\/h11\/\" \/>\n<meta property=\"og:locale\" content=\"es_ES\" \/>\n<meta property=\"og:type\" content=\"article\" \/>\n<meta property=\"og:title\" content=\"H11 - Homeit\" \/>\n<meta property=\"og:description\" content=\"H11. Cerradura inteligente con acceso Bluetooth, controlable por tel\u00e9fono m\u00f3vil.\" \/>\n<meta property=\"og:url\" content=\"https:\/\/homeit.io\/es\/tienda\/cerraduras-inteligentes\/mortise\/h11\/\" \/>\n<meta property=\"og:site_name\" content=\"Homeit\" \/>\n<meta property=\"article:publisher\" content=\"https:\/\/www.facebook.com\/homeit.kit\" \/>\n<meta property=\"article:modified_time\" content=\"2023-04-11T13:50:53+00:00\" \/>\n<meta property=\"og:image\" content=\"https:\/\/homeit.io\/wp-content\/uploads\/2022\/04\/H11.png\" \/>\n\t<meta property=\"og:image:width\" content=\"800\" \/>\n\t<meta property=\"og:image:height\" content=\"800\" \/>\n\t<meta property=\"og:image:type\" content=\"image\/png\" \/>\n<meta name=\"twitter:card\" content=\"summary_large_image\" \/>\n<meta name=\"twitter:label1\" content=\"Tiempo de lectura\" \/>\n\t<meta name=\"twitter:data1\" content=\"1 minuto\" \/>\n<script type=\"application\/ld+json\" class=\"yoast-schema-graph\">{\"@context\":\"https:\/\/schema.org\",\"@graph\":[{\"@type\":\"WebPage\",\"@id\":\"https:\/\/homeit.io\/es\/tienda\/cerraduras-inteligentes\/mortise\/h11\/\",\"url\":\"https:\/\/homeit.io\/es\/tienda\/cerraduras-inteligentes\/mortise\/h11\/\",\"name\":\"H11 - Homeit\",\"isPartOf\":{\"@id\":\"https:\/\/homeit.io\/es\/#website\"},\"primaryImageOfPage\":{\"@id\":\"https:\/\/homeit.io\/es\/tienda\/cerraduras-inteligentes\/mortise\/h11\/#primaryimage\"},\"image\":{\"@id\":\"https:\/\/homeit.io\/es\/tienda\/cerraduras-inteligentes\/mortise\/h11\/#primaryimage\"},\"thumbnailUrl\":\"https:\/\/homeit.io\/wp-content\/uploads\/2022\/05\/H15A_\u5355\u6b3e\u79c0\u808c\u8089_0324-removebg-preview.png\",\"datePublished\":\"2022-05-23T10:49:21+00:00\",\"dateModified\":\"2023-04-11T13:50:53+00:00\",\"description\":\"H11. Cerradura inteligente con acceso Bluetooth, controlable por tel\u00e9fono m\u00f3vil.\",\"breadcrumb\":{\"@id\":\"https:\/\/homeit.io\/es\/tienda\/cerraduras-inteligentes\/mortise\/h11\/#breadcrumb\"},\"inLanguage\":\"es\",\"potentialAction\":[{\"@type\":\"ReadAction\",\"target\":[\"https:\/\/homeit.io\/es\/tienda\/cerraduras-inteligentes\/mortise\/h11\/\"]}]},{\"@type\":\"ImageObject\",\"inLanguage\":\"es\",\"@id\":\"https:\/\/homeit.io\/es\/tienda\/cerraduras-inteligentes\/mortise\/h11\/#primaryimage\",\"url\":\"https:\/\/homeit.io\/wp-content\/uploads\/2022\/05\/H15A_\u5355\u6b3e\u79c0\u808c\u8089_0324-removebg-preview.png\",\"contentUrl\":\"https:\/\/homeit.io\/wp-content\/uploads\/2022\/05\/H15A_\u5355\u6b3e\u79c0\u808c\u8089_0324-removebg-preview.png\",\"width\":357,\"height\":422},{\"@type\":\"BreadcrumbList\",\"@id\":\"https:\/\/homeit.io\/es\/tienda\/cerraduras-inteligentes\/mortise\/h11\/#breadcrumb\",\"itemListElement\":[{\"@type\":\"ListItem\",\"position\":1,\"name\":\"In\u00edcio\",\"item\":\"https:\/\/homeit.io\/es\/\"},{\"@type\":\"ListItem\",\"position\":2,\"name\":\"Productos\",\"item\":\"https:\/\/homeit.io\/es\/shop\/\"},{\"@type\":\"ListItem\",\"position\":3,\"name\":\"H11\"}]},{\"@type\":\"WebSite\",\"@id\":\"https:\/\/homeit.io\/es\/#website\",\"url\":\"https:\/\/homeit.io\/es\/\",\"name\":\"Homeit\",\"description\":\"Acessos Inteligentes\",\"publisher\":{\"@id\":\"https:\/\/homeit.io\/es\/#organization\"},\"potentialAction\":[{\"@type\":\"SearchAction\",\"target\":{\"@type\":\"EntryPoint\",\"urlTemplate\":\"https:\/\/homeit.io\/es\/?s={search_term_string}\"},\"query-input\":{\"@type\":\"PropertyValueSpecification\",\"valueRequired\":true,\"valueName\":\"search_term_string\"}}],\"inLanguage\":\"es\"},{\"@type\":\"Organization\",\"@id\":\"https:\/\/homeit.io\/es\/#organization\",\"name\":\"Homeit\",\"url\":\"https:\/\/homeit.io\/es\/\",\"logo\":{\"@type\":\"ImageObject\",\"inLanguage\":\"es\",\"@id\":\"https:\/\/homeit.io\/es\/#\/schema\/logo\/image\/\",\"url\":\"https:\/\/homeit.io\/wp-content\/uploads\/2022\/06\/homeit_PrimaryLogo.svg\",\"contentUrl\":\"https:\/\/homeit.io\/wp-content\/uploads\/2022\/06\/homeit_PrimaryLogo.svg\",\"caption\":\"Homeit\"},\"image\":{\"@id\":\"https:\/\/homeit.io\/es\/#\/schema\/logo\/image\/\"},\"sameAs\":[\"https:\/\/www.facebook.com\/homeit.kit\",\"https:\/\/www.instagram.com\/homeit.io\/\",\"https:\/\/www.linkedin.com\/company\/homeit\/\"]}]}<\/script>\n<!-- \/ Yoast SEO plugin. -->","yoast_head_json":{"title":"H11 - Homeit","description":"H11. Cerradura inteligente con acceso Bluetooth, controlable por tel\u00e9fono m\u00f3vil.","robots":{"index":"index","follow":"follow","max-snippet":"max-snippet:-1","max-image-preview":"max-image-preview:large","max-video-preview":"max-video-preview:-1"},"canonical":"https:\/\/homeit.io\/es\/tienda\/cerraduras-inteligentes\/mortise\/h11\/","og_locale":"es_ES","og_type":"article","og_title":"H11 - Homeit","og_description":"H11. Cerradura inteligente con acceso Bluetooth, controlable por tel\u00e9fono m\u00f3vil.","og_url":"https:\/\/homeit.io\/es\/tienda\/cerraduras-inteligentes\/mortise\/h11\/","og_site_name":"Homeit","article_publisher":"https:\/\/www.facebook.com\/homeit.kit","article_modified_time":"2023-04-11T13:50:53+00:00","og_image":[{"width":800,"height":800,"url":"https:\/\/homeit.io\/wp-content\/uploads\/2022\/04\/H11.png","type":"image\/png"}],"twitter_card":"summary_large_image","twitter_misc":{"Tiempo de lectura":"1 minuto"},"schema":{"@context":"https:\/\/schema.org","@graph":[{"@type":"WebPage","@id":"https:\/\/homeit.io\/es\/tienda\/cerraduras-inteligentes\/mortise\/h11\/","url":"https:\/\/homeit.io\/es\/tienda\/cerraduras-inteligentes\/mortise\/h11\/","name":"H11 - Homeit","isPartOf":{"@id":"https:\/\/homeit.io\/es\/#website"},"primaryImageOfPage":{"@id":"https:\/\/homeit.io\/es\/tienda\/cerraduras-inteligentes\/mortise\/h11\/#primaryimage"},"image":{"@id":"https:\/\/homeit.io\/es\/tienda\/cerraduras-inteligentes\/mortise\/h11\/#primaryimage"},"thumbnailUrl":"https:\/\/homeit.io\/wp-content\/uploads\/2022\/05\/H15A_\u5355\u6b3e\u79c0\u808c\u8089_0324-removebg-preview.png","datePublished":"2022-05-23T10:49:21+00:00","dateModified":"2023-04-11T13:50:53+00:00","description":"H11. Cerradura inteligente con acceso Bluetooth, controlable por tel\u00e9fono m\u00f3vil.","breadcrumb":{"@id":"https:\/\/homeit.io\/es\/tienda\/cerraduras-inteligentes\/mortise\/h11\/#breadcrumb"},"inLanguage":"es","potentialAction":[{"@type":"ReadAction","target":["https:\/\/homeit.io\/es\/tienda\/cerraduras-inteligentes\/mortise\/h11\/"]}]},{"@type":"ImageObject","inLanguage":"es","@id":"https:\/\/homeit.io\/es\/tienda\/cerraduras-inteligentes\/mortise\/h11\/#primaryimage","url":"https:\/\/homeit.io\/wp-content\/uploads\/2022\/05\/H15A_\u5355\u6b3e\u79c0\u808c\u8089_0324-removebg-preview.png","contentUrl":"https:\/\/homeit.io\/wp-content\/uploads\/2022\/05\/H15A_\u5355\u6b3e\u79c0\u808c\u8089_0324-removebg-preview.png","width":357,"height":422},{"@type":"BreadcrumbList","@id":"https:\/\/homeit.io\/es\/tienda\/cerraduras-inteligentes\/mortise\/h11\/#breadcrumb","itemListElement":[{"@type":"ListItem","position":1,"name":"In\u00edcio","item":"https:\/\/homeit.io\/es\/"},{"@type":"ListItem","position":2,"name":"Productos","item":"https:\/\/homeit.io\/es\/shop\/"},{"@type":"ListItem","position":3,"name":"H11"}]},{"@type":"WebSite","@id":"https:\/\/homeit.io\/es\/#website","url":"https:\/\/homeit.io\/es\/","name":"Homeit","description":"Acessos Inteligentes","publisher":{"@id":"https:\/\/homeit.io\/es\/#organization"},"potentialAction":[{"@type":"SearchAction","target":{"@type":"EntryPoint","urlTemplate":"https:\/\/homeit.io\/es\/?s={search_term_string}"},"query-input":{"@type":"PropertyValueSpecification","valueRequired":true,"valueName":"search_term_string"}}],"inLanguage":"es"},{"@type":"Organization","@id":"https:\/\/homeit.io\/es\/#organization","name":"Homeit","url":"https:\/\/homeit.io\/es\/","logo":{"@type":"ImageObject","inLanguage":"es","@id":"https:\/\/homeit.io\/es\/#\/schema\/logo\/image\/","url":"https:\/\/homeit.io\/wp-content\/uploads\/2022\/06\/homeit_PrimaryLogo.svg","contentUrl":"https:\/\/homeit.io\/wp-content\/uploads\/2022\/06\/homeit_PrimaryLogo.svg","caption":"Homeit"},"image":{"@id":"https:\/\/homeit.io\/es\/#\/schema\/logo\/image\/"},"sameAs":["https:\/\/www.facebook.com\/homeit.kit","https:\/\/www.instagram.com\/homeit.io\/","https:\/\/www.linkedin.com\/company\/homeit\/"]}]}},"_links":{"self":[{"href":"https:\/\/homeit.io\/es\/wp-json\/wp\/v2\/product\/13901","targetHints":{"allow":["GET"]}}],"collection":[{"href":"https:\/\/homeit.io\/es\/wp-json\/wp\/v2\/product"}],"about":[{"href":"https:\/\/homeit.io\/es\/wp-json\/wp\/v2\/types\/product"}],"replies":[{"embeddable":true,"href":"https:\/\/homeit.io\/es\/wp-json\/wp\/v2\/comments?post=13901"}],"version-history":[{"count":0,"href":"https:\/\/homeit.io\/es\/wp-json\/wp\/v2\/product\/13901\/revisions"}],"wp:featuredmedia":[{"embeddable":true,"href":"https:\/\/homeit.io\/es\/wp-json\/wp\/v2\/media\/25945"}],"wp:attachment":[{"href":"https:\/\/homeit.io\/es\/wp-json\/wp\/v2\/media?parent=13901"}],"wp:term":[{"taxonomy":"product_brand","embeddable":true,"href":"https:\/\/homeit.io\/es\/wp-json\/wp\/v2\/product_brand?post=13901"},{"taxonomy":"product_cat","embeddable":true,"href":"https:\/\/homeit.io\/es\/wp-json\/wp\/v2\/product_cat?post=13901"},{"taxonomy":"product_tag","embeddable":true,"href":"https:\/\/homeit.io\/es\/wp-json\/wp\/v2\/product_tag?post=13901"}],"curies":[{"name":"wp","href":"https:\/\/api.w.org\/{rel}","templated":true}]}}