{"id":13905,"date":"2022-05-20T16:00:25","date_gmt":"2022-05-20T16:00:25","guid":{"rendered":"https:\/\/homeit.io\/loja\/sin%20categor\u00eda\/teclado-para-exterior\/"},"modified":"2023-04-11T14:02:44","modified_gmt":"2023-04-11T14:02:44","slug":"teclado-para-exterior","status":"publish","type":"product","link":"https:\/\/homeit.io\/es\/tienda\/teclados\/teclado-para-exterior\/","title":{"rendered":"Teclado para exterior"},"content":{"rendered":"<h5 style=\"font-size: 40px;\">Teclado de exterior de f\u00e1cil instalaci\u00f3n con conexi\u00f3n f\u00edsica a la homeit BOX para acceder a la vivienda sin necesidad de utilizar la APP<\/h5>\n<h5 style=\"font-size: 40px;\"><img fetchpriority=\"high\" decoding=\"async\" class=\"wp-image-11765 size-full alignright\" src=\"https:\/\/homeit.io\/wp-content\/uploads\/2022\/05\/ficha-tecnica-teclado-exterior.jpg\" alt=\"\" width=\"247\" height=\"291\" \/><\/h5>\n<h6>Tiene la gran ventaja de poder complementar cualquier soluci\u00f3n implementada con homeit box<\/h6>\n<p>Ejemplos de uso:<\/p>\n<ul>\n<li class=\"p1\"><strong>Auto almacenamiento homeit box prueba el\u00e9ctrica teclado<\/strong><\/li>\n<li class=\"p1\"><strong>Alojamiento local homeit box Nuki Teclado<\/strong><\/li>\n<\/ul>\n<h5>Adecuado para puertas de entrada de edificios o puertas exteriores comunes<\/h5>\n<p>&nbsp;<\/p>\n<h6><strong><a class=\"ficha-tecnica\" href=\"\/wp-content\/uploads\/2022\/07\/DESCRIPCION-DEL-PRODUCTO-TECLADO-DE-EXTERIOR.pdf\" target=\"_blank\" rel=\"noopener\">DESCRIPCIO\u0301N DEL PRODUCTO <\/a> <\/strong><\/h6>\n","protected":false},"excerpt":{"rendered":"<p>Teclado de exterior de f\u00e1cil instalaci\u00f3n con conexi\u00f3n f\u00edsica a la homeit BOX para acceder a la vivienda sin necesidad de utilizar la APP<\/p>\n","protected":false},"featured_media":13716,"comment_status":"open","ping_status":"closed","template":"","meta":[],"product_brand":[],"product_cat":[208],"product_tag":[201,202],"class_list":{"0":"post-13905","1":"product","2":"type-product","3":"status-publish","4":"has-post-thumbnail","6":"product_cat-teclados","7":"product_tag-negocios","8":"product_tag-turismo","10":"first","11":"instock","12":"downloadable","13":"taxable","14":"shipping-taxable","15":"purchasable","16":"product-type-simple"},"yoast_head":"<!-- This site is optimized with the Yoast SEO plugin v27.2 - https:\/\/yoast.com\/product\/yoast-seo-wordpress\/ -->\n<title>Teclado para exterior - Homeit<\/title>\n<meta name=\"description\" content=\"Teclado de exterior de f\u00e1cil instalaci\u00f3n con conexi\u00f3n f\u00edsica a la homeit BOX para acceder a la vivienda sin necesidad de utilizar la APP.\" \/>\n<meta name=\"robots\" content=\"index, follow, max-snippet:-1, max-image-preview:large, max-video-preview:-1\" \/>\n<link rel=\"canonical\" href=\"https:\/\/homeit.io\/es\/tienda\/teclados\/teclado-para-exterior\/\" \/>\n<meta property=\"og:locale\" content=\"es_ES\" \/>\n<meta property=\"og:type\" content=\"article\" \/>\n<meta property=\"og:title\" content=\"Teclado para exterior - Homeit\" \/>\n<meta property=\"og:description\" content=\"Teclado de exterior de f\u00e1cil instalaci\u00f3n con conexi\u00f3n f\u00edsica a la homeit BOX para acceder a la vivienda sin necesidad de utilizar la APP.\" \/>\n<meta property=\"og:url\" content=\"https:\/\/homeit.io\/es\/tienda\/teclados\/teclado-para-exterior\/\" \/>\n<meta property=\"og:site_name\" content=\"Homeit\" \/>\n<meta property=\"article:publisher\" content=\"https:\/\/www.facebook.com\/homeit.kit\" \/>\n<meta property=\"article:modified_time\" content=\"2023-04-11T14:02:44+00:00\" \/>\n<meta property=\"og:image\" content=\"https:\/\/homeit.io\/wp-content\/uploads\/2022\/05\/teclado-exterior.jpg\" \/>\n\t<meta property=\"og:image:width\" content=\"800\" \/>\n\t<meta property=\"og:image:height\" content=\"800\" \/>\n\t<meta property=\"og:image:type\" content=\"image\/jpeg\" \/>\n<meta name=\"twitter:card\" content=\"summary_large_image\" \/>\n<meta name=\"twitter:label1\" content=\"Tiempo de lectura\" \/>\n\t<meta name=\"twitter:data1\" content=\"1 minuto\" \/>\n<script type=\"application\/ld+json\" class=\"yoast-schema-graph\">{\"@context\":\"https:\/\/schema.org\",\"@graph\":[{\"@type\":\"WebPage\",\"@id\":\"https:\/\/homeit.io\/es\/tienda\/teclados\/teclado-para-exterior\/\",\"url\":\"https:\/\/homeit.io\/es\/tienda\/teclados\/teclado-para-exterior\/\",\"name\":\"Teclado para exterior - Homeit\",\"isPartOf\":{\"@id\":\"https:\/\/homeit.io\/es\/#website\"},\"primaryImageOfPage\":{\"@id\":\"https:\/\/homeit.io\/es\/tienda\/teclados\/teclado-para-exterior\/#primaryimage\"},\"image\":{\"@id\":\"https:\/\/homeit.io\/es\/tienda\/teclados\/teclado-para-exterior\/#primaryimage\"},\"thumbnailUrl\":\"https:\/\/homeit.io\/wp-content\/uploads\/2022\/05\/teclado-exterior.jpg\",\"datePublished\":\"2022-05-20T16:00:25+00:00\",\"dateModified\":\"2023-04-11T14:02:44+00:00\",\"description\":\"Teclado de exterior de f\u00e1cil instalaci\u00f3n con conexi\u00f3n f\u00edsica a la homeit BOX para acceder a la vivienda sin necesidad de utilizar la APP.\",\"breadcrumb\":{\"@id\":\"https:\/\/homeit.io\/es\/tienda\/teclados\/teclado-para-exterior\/#breadcrumb\"},\"inLanguage\":\"es\",\"potentialAction\":[{\"@type\":\"ReadAction\",\"target\":[\"https:\/\/homeit.io\/es\/tienda\/teclados\/teclado-para-exterior\/\"]}]},{\"@type\":\"ImageObject\",\"inLanguage\":\"es\",\"@id\":\"https:\/\/homeit.io\/es\/tienda\/teclados\/teclado-para-exterior\/#primaryimage\",\"url\":\"https:\/\/homeit.io\/wp-content\/uploads\/2022\/05\/teclado-exterior.jpg\",\"contentUrl\":\"https:\/\/homeit.io\/wp-content\/uploads\/2022\/05\/teclado-exterior.jpg\",\"width\":800,\"height\":800,\"caption\":\"Teclado de exterior\"},{\"@type\":\"BreadcrumbList\",\"@id\":\"https:\/\/homeit.io\/es\/tienda\/teclados\/teclado-para-exterior\/#breadcrumb\",\"itemListElement\":[{\"@type\":\"ListItem\",\"position\":1,\"name\":\"In\u00edcio\",\"item\":\"https:\/\/homeit.io\/es\/\"},{\"@type\":\"ListItem\",\"position\":2,\"name\":\"Productos\",\"item\":\"https:\/\/homeit.io\/es\/shop\/\"},{\"@type\":\"ListItem\",\"position\":3,\"name\":\"Teclado para exterior\"}]},{\"@type\":\"WebSite\",\"@id\":\"https:\/\/homeit.io\/es\/#website\",\"url\":\"https:\/\/homeit.io\/es\/\",\"name\":\"Homeit\",\"description\":\"Acessos Inteligentes\",\"publisher\":{\"@id\":\"https:\/\/homeit.io\/es\/#organization\"},\"potentialAction\":[{\"@type\":\"SearchAction\",\"target\":{\"@type\":\"EntryPoint\",\"urlTemplate\":\"https:\/\/homeit.io\/es\/?s={search_term_string}\"},\"query-input\":{\"@type\":\"PropertyValueSpecification\",\"valueRequired\":true,\"valueName\":\"search_term_string\"}}],\"inLanguage\":\"es\"},{\"@type\":\"Organization\",\"@id\":\"https:\/\/homeit.io\/es\/#organization\",\"name\":\"Homeit\",\"url\":\"https:\/\/homeit.io\/es\/\",\"logo\":{\"@type\":\"ImageObject\",\"inLanguage\":\"es\",\"@id\":\"https:\/\/homeit.io\/es\/#\/schema\/logo\/image\/\",\"url\":\"https:\/\/homeit.io\/wp-content\/uploads\/2022\/06\/homeit_PrimaryLogo.svg\",\"contentUrl\":\"https:\/\/homeit.io\/wp-content\/uploads\/2022\/06\/homeit_PrimaryLogo.svg\",\"caption\":\"Homeit\"},\"image\":{\"@id\":\"https:\/\/homeit.io\/es\/#\/schema\/logo\/image\/\"},\"sameAs\":[\"https:\/\/www.facebook.com\/homeit.kit\",\"https:\/\/www.instagram.com\/homeit.io\/\",\"https:\/\/www.linkedin.com\/company\/homeit\/\"]}]}<\/script>\n<!-- \/ Yoast SEO plugin. -->","yoast_head_json":{"title":"Teclado para exterior - Homeit","description":"Teclado de exterior de f\u00e1cil instalaci\u00f3n con conexi\u00f3n f\u00edsica a la homeit BOX para acceder a la vivienda sin necesidad de utilizar la APP.","robots":{"index":"index","follow":"follow","max-snippet":"max-snippet:-1","max-image-preview":"max-image-preview:large","max-video-preview":"max-video-preview:-1"},"canonical":"https:\/\/homeit.io\/es\/tienda\/teclados\/teclado-para-exterior\/","og_locale":"es_ES","og_type":"article","og_title":"Teclado para exterior - Homeit","og_description":"Teclado de exterior de f\u00e1cil instalaci\u00f3n con conexi\u00f3n f\u00edsica a la homeit BOX para acceder a la vivienda sin necesidad de utilizar la APP.","og_url":"https:\/\/homeit.io\/es\/tienda\/teclados\/teclado-para-exterior\/","og_site_name":"Homeit","article_publisher":"https:\/\/www.facebook.com\/homeit.kit","article_modified_time":"2023-04-11T14:02:44+00:00","og_image":[{"width":800,"height":800,"url":"https:\/\/homeit.io\/wp-content\/uploads\/2022\/05\/teclado-exterior.jpg","type":"image\/jpeg"}],"twitter_card":"summary_large_image","twitter_misc":{"Tiempo de lectura":"1 minuto"},"schema":{"@context":"https:\/\/schema.org","@graph":[{"@type":"WebPage","@id":"https:\/\/homeit.io\/es\/tienda\/teclados\/teclado-para-exterior\/","url":"https:\/\/homeit.io\/es\/tienda\/teclados\/teclado-para-exterior\/","name":"Teclado para exterior - Homeit","isPartOf":{"@id":"https:\/\/homeit.io\/es\/#website"},"primaryImageOfPage":{"@id":"https:\/\/homeit.io\/es\/tienda\/teclados\/teclado-para-exterior\/#primaryimage"},"image":{"@id":"https:\/\/homeit.io\/es\/tienda\/teclados\/teclado-para-exterior\/#primaryimage"},"thumbnailUrl":"https:\/\/homeit.io\/wp-content\/uploads\/2022\/05\/teclado-exterior.jpg","datePublished":"2022-05-20T16:00:25+00:00","dateModified":"2023-04-11T14:02:44+00:00","description":"Teclado de exterior de f\u00e1cil instalaci\u00f3n con conexi\u00f3n f\u00edsica a la homeit BOX para acceder a la vivienda sin necesidad de utilizar la APP.","breadcrumb":{"@id":"https:\/\/homeit.io\/es\/tienda\/teclados\/teclado-para-exterior\/#breadcrumb"},"inLanguage":"es","potentialAction":[{"@type":"ReadAction","target":["https:\/\/homeit.io\/es\/tienda\/teclados\/teclado-para-exterior\/"]}]},{"@type":"ImageObject","inLanguage":"es","@id":"https:\/\/homeit.io\/es\/tienda\/teclados\/teclado-para-exterior\/#primaryimage","url":"https:\/\/homeit.io\/wp-content\/uploads\/2022\/05\/teclado-exterior.jpg","contentUrl":"https:\/\/homeit.io\/wp-content\/uploads\/2022\/05\/teclado-exterior.jpg","width":800,"height":800,"caption":"Teclado de exterior"},{"@type":"BreadcrumbList","@id":"https:\/\/homeit.io\/es\/tienda\/teclados\/teclado-para-exterior\/#breadcrumb","itemListElement":[{"@type":"ListItem","position":1,"name":"In\u00edcio","item":"https:\/\/homeit.io\/es\/"},{"@type":"ListItem","position":2,"name":"Productos","item":"https:\/\/homeit.io\/es\/shop\/"},{"@type":"ListItem","position":3,"name":"Teclado para exterior"}]},{"@type":"WebSite","@id":"https:\/\/homeit.io\/es\/#website","url":"https:\/\/homeit.io\/es\/","name":"Homeit","description":"Acessos Inteligentes","publisher":{"@id":"https:\/\/homeit.io\/es\/#organization"},"potentialAction":[{"@type":"SearchAction","target":{"@type":"EntryPoint","urlTemplate":"https:\/\/homeit.io\/es\/?s={search_term_string}"},"query-input":{"@type":"PropertyValueSpecification","valueRequired":true,"valueName":"search_term_string"}}],"inLanguage":"es"},{"@type":"Organization","@id":"https:\/\/homeit.io\/es\/#organization","name":"Homeit","url":"https:\/\/homeit.io\/es\/","logo":{"@type":"ImageObject","inLanguage":"es","@id":"https:\/\/homeit.io\/es\/#\/schema\/logo\/image\/","url":"https:\/\/homeit.io\/wp-content\/uploads\/2022\/06\/homeit_PrimaryLogo.svg","contentUrl":"https:\/\/homeit.io\/wp-content\/uploads\/2022\/06\/homeit_PrimaryLogo.svg","caption":"Homeit"},"image":{"@id":"https:\/\/homeit.io\/es\/#\/schema\/logo\/image\/"},"sameAs":["https:\/\/www.facebook.com\/homeit.kit","https:\/\/www.instagram.com\/homeit.io\/","https:\/\/www.linkedin.com\/company\/homeit\/"]}]}},"_links":{"self":[{"href":"https:\/\/homeit.io\/es\/wp-json\/wp\/v2\/product\/13905","targetHints":{"allow":["GET"]}}],"collection":[{"href":"https:\/\/homeit.io\/es\/wp-json\/wp\/v2\/product"}],"about":[{"href":"https:\/\/homeit.io\/es\/wp-json\/wp\/v2\/types\/product"}],"replies":[{"embeddable":true,"href":"https:\/\/homeit.io\/es\/wp-json\/wp\/v2\/comments?post=13905"}],"version-history":[{"count":0,"href":"https:\/\/homeit.io\/es\/wp-json\/wp\/v2\/product\/13905\/revisions"}],"wp:featuredmedia":[{"embeddable":true,"href":"https:\/\/homeit.io\/es\/wp-json\/wp\/v2\/media\/13716"}],"wp:attachment":[{"href":"https:\/\/homeit.io\/es\/wp-json\/wp\/v2\/media?parent=13905"}],"wp:term":[{"taxonomy":"product_brand","embeddable":true,"href":"https:\/\/homeit.io\/es\/wp-json\/wp\/v2\/product_brand?post=13905"},{"taxonomy":"product_cat","embeddable":true,"href":"https:\/\/homeit.io\/es\/wp-json\/wp\/v2\/product_cat?post=13905"},{"taxonomy":"product_tag","embeddable":true,"href":"https:\/\/homeit.io\/es\/wp-json\/wp\/v2\/product_tag?post=13905"}],"curies":[{"name":"wp","href":"https:\/\/api.w.org\/{rel}","templated":true}]}}