{"id":13907,"date":"2022-05-20T15:52:36","date_gmt":"2022-05-20T15:52:36","guid":{"rendered":"https:\/\/homeit.io\/loja\/sin%20categor\u00eda\/cerradero-electrico\/"},"modified":"2023-04-11T14:03:08","modified_gmt":"2023-04-11T14:03:08","slug":"cerradero-electrico","status":"publish","type":"product","link":"https:\/\/homeit.io\/es\/tienda\/cerraduras-inteligentes\/electricas\/cerradero-electrico\/","title":{"rendered":"Cerradero el\u00e9ctrico"},"content":{"rendered":"<h5 style=\"font-size: 40px;\">Cerradero el\u00e9ctrico empotrado. Instalaci\u00f3n dentro del marco de la puerta. Ideal para puertas de madera o<br \/>\nmet\u00e1licas.<\/h5>\n<h5 style=\"font-size: 40px;\"><img decoding=\"async\" class=\"alignright wp-image-11761 size-full\" src=\"https:\/\/homeit.io\/wp-content\/uploads\/2022\/05\/ficha-tecnica-testa-eletrica.jpg\" alt=\"\" width=\"156\" height=\"174\" \/><\/h5>\n<h6>Se alimenta el\u00e9ctricamente desde la conexi\u00f3n f\u00edsica a la homeit BOX. Abre la puerta actuando sobre el pestillo de la cerradura existente.<\/h6>\n<p>El sistema homeit permite el acceso en l\u00ednea a:<\/p>\n<ul>\n<li class=\"p1\"><strong>Gesti\u00f3n de la propiedad<\/strong><\/li>\n<li class=\"p1\"><strong>Gesti\u00f3n\/generaci\u00f3n y env\u00edo de llaves de acceso digitales entre las fechas de entrada y salida<\/strong><\/li>\n<li class=\"p1\"><strong>Creaci\u00f3n de llaves permanentes<\/strong><\/li>\n<li class=\"p1\"><strong>Ejecuci\u00f3n de aperturas remotas<\/strong><\/li>\n<li class=\"p1\"><strong>Visualizaci\u00f3n de los registros de entrada<\/strong><\/li>\n<\/ul>\n<h5>Tambi\u00e9n permite la integraci\u00f3n con Airbnb, Booking, Avantio, Google calendar, etc.<\/h5>\n<h6>OTROS MODELOS DISPONIBLES<\/h6>\n<p>&nbsp;<\/p>\n<h6><strong><a class=\"ficha-tecnica\" href=\"\/wp-content\/uploads\/2022\/07\/DESCRIPCION-DEL-PRODUCTO-TESTA-ELETRICA.pdf\" target=\"_blank\" rel=\"noopener\">DESCRIPCIO\u0301N DEL PRODUCTO <\/a> <img decoding=\"async\" class=\"alignnone wp-image-11915\" src=\"https:\/\/homeit.io\/wp-content\/uploads\/2022\/06\/cropped-homeit-logomark-300x300.png\" alt=\"\" width=\"70\" height=\"70\" srcset=\"https:\/\/homeit.io\/wp-content\/uploads\/2022\/06\/cropped-homeit-logomark-300x300.png 300w, https:\/\/homeit.io\/wp-content\/uploads\/2022\/06\/cropped-homeit-logomark-150x150.png 150w, https:\/\/homeit.io\/wp-content\/uploads\/2022\/06\/cropped-homeit-logomark-100x100.png 100w, https:\/\/homeit.io\/wp-content\/uploads\/2022\/06\/cropped-homeit-logomark-270x270.png 270w, https:\/\/homeit.io\/wp-content\/uploads\/2022\/06\/cropped-homeit-logomark-192x192.png 192w, https:\/\/homeit.io\/wp-content\/uploads\/2022\/06\/cropped-homeit-logomark-180x180.png 180w, https:\/\/homeit.io\/wp-content\/uploads\/2022\/06\/cropped-homeit-logomark-32x32.png 32w, https:\/\/homeit.io\/wp-content\/uploads\/2022\/06\/cropped-homeit-logomark.png 512w\" sizes=\"(max-width: 70px) 100vw, 70px\" \/><\/strong><\/h6>\n","protected":false},"excerpt":{"rendered":"<p>Cerradero el\u00e9ctrico empotrado. Instalaci\u00f3n dentro del marco de la puerta.<br \/>\nIdeal para portas de madeira ou met\u00e1licas.<\/p>\n","protected":false},"featured_media":13708,"comment_status":"open","ping_status":"closed","template":"","meta":[],"product_brand":[],"product_cat":[179,214],"product_tag":[201,202],"class_list":{"0":"post-13907","1":"product","2":"type-product","3":"status-publish","4":"has-post-thumbnail","6":"product_cat-cerraduras-inteligentes","7":"product_cat-electricas","8":"product_tag-negocios","9":"product_tag-turismo","11":"first","12":"instock","13":"downloadable","14":"taxable","15":"shipping-taxable","16":"purchasable","17":"product-type-simple"},"yoast_head":"<!-- This site is optimized with the Yoast SEO plugin v27.4 - https:\/\/yoast.com\/product\/yoast-seo-wordpress\/ -->\n<title>Cerradero el\u00e9ctrico - Homeit<\/title>\n<meta name=\"description\" content=\"Cerradero el\u00e9ctrico empotrado. Instalaci\u00f3n dentro del marco de la puerta. Ideal para puertas de madera o met\u00e1licas.\" \/>\n<meta name=\"robots\" content=\"index, follow, max-snippet:-1, max-image-preview:large, max-video-preview:-1\" \/>\n<link rel=\"canonical\" href=\"https:\/\/homeit.io\/es\/tienda\/cerraduras-inteligentes\/electricas\/cerradero-electrico\/\" \/>\n<meta property=\"og:locale\" content=\"es_ES\" \/>\n<meta property=\"og:type\" content=\"article\" \/>\n<meta property=\"og:title\" content=\"Cerradero el\u00e9ctrico - Homeit\" \/>\n<meta property=\"og:description\" content=\"Cerradero el\u00e9ctrico empotrado. Instalaci\u00f3n dentro del marco de la puerta. Ideal para puertas de madera o met\u00e1licas.\" \/>\n<meta property=\"og:url\" content=\"https:\/\/homeit.io\/es\/tienda\/cerraduras-inteligentes\/electricas\/cerradero-electrico\/\" \/>\n<meta property=\"og:site_name\" content=\"Homeit\" \/>\n<meta property=\"article:publisher\" content=\"https:\/\/www.facebook.com\/homeit.kit\" \/>\n<meta property=\"article:modified_time\" content=\"2023-04-11T14:03:08+00:00\" \/>\n<meta property=\"og:image\" content=\"https:\/\/homeit.io\/wp-content\/uploads\/2022\/05\/testa-eletrica.jpg\" \/>\n\t<meta property=\"og:image:width\" content=\"800\" \/>\n\t<meta property=\"og:image:height\" content=\"800\" \/>\n\t<meta property=\"og:image:type\" content=\"image\/jpeg\" \/>\n<meta name=\"twitter:card\" content=\"summary_large_image\" \/>\n<meta name=\"twitter:label1\" content=\"Tiempo de lectura\" \/>\n\t<meta name=\"twitter:data1\" content=\"1 minuto\" \/>\n<script type=\"application\/ld+json\" class=\"yoast-schema-graph\">{\"@context\":\"https:\\\/\\\/schema.org\",\"@graph\":[{\"@type\":\"WebPage\",\"@id\":\"https:\\\/\\\/homeit.io\\\/es\\\/tienda\\\/cerraduras-inteligentes\\\/electricas\\\/cerradero-electrico\\\/\",\"url\":\"https:\\\/\\\/homeit.io\\\/es\\\/tienda\\\/cerraduras-inteligentes\\\/electricas\\\/cerradero-electrico\\\/\",\"name\":\"Cerradero el\u00e9ctrico - Homeit\",\"isPartOf\":{\"@id\":\"https:\\\/\\\/homeit.io\\\/es\\\/#website\"},\"primaryImageOfPage\":{\"@id\":\"https:\\\/\\\/homeit.io\\\/es\\\/tienda\\\/cerraduras-inteligentes\\\/electricas\\\/cerradero-electrico\\\/#primaryimage\"},\"image\":{\"@id\":\"https:\\\/\\\/homeit.io\\\/es\\\/tienda\\\/cerraduras-inteligentes\\\/electricas\\\/cerradero-electrico\\\/#primaryimage\"},\"thumbnailUrl\":\"https:\\\/\\\/homeit.io\\\/wp-content\\\/uploads\\\/2022\\\/05\\\/testa-eletrica.jpg\",\"datePublished\":\"2022-05-20T15:52:36+00:00\",\"dateModified\":\"2023-04-11T14:03:08+00:00\",\"description\":\"Cerradero el\u00e9ctrico empotrado. Instalaci\u00f3n dentro del marco de la puerta. Ideal para puertas de madera o met\u00e1licas.\",\"breadcrumb\":{\"@id\":\"https:\\\/\\\/homeit.io\\\/es\\\/tienda\\\/cerraduras-inteligentes\\\/electricas\\\/cerradero-electrico\\\/#breadcrumb\"},\"inLanguage\":\"es\",\"potentialAction\":[{\"@type\":\"ReadAction\",\"target\":[\"https:\\\/\\\/homeit.io\\\/es\\\/tienda\\\/cerraduras-inteligentes\\\/electricas\\\/cerradero-electrico\\\/\"]}]},{\"@type\":\"ImageObject\",\"inLanguage\":\"es\",\"@id\":\"https:\\\/\\\/homeit.io\\\/es\\\/tienda\\\/cerraduras-inteligentes\\\/electricas\\\/cerradero-electrico\\\/#primaryimage\",\"url\":\"https:\\\/\\\/homeit.io\\\/wp-content\\\/uploads\\\/2022\\\/05\\\/testa-eletrica.jpg\",\"contentUrl\":\"https:\\\/\\\/homeit.io\\\/wp-content\\\/uploads\\\/2022\\\/05\\\/testa-eletrica.jpg\",\"width\":800,\"height\":800,\"caption\":\"Testa el\u00e9trica\"},{\"@type\":\"BreadcrumbList\",\"@id\":\"https:\\\/\\\/homeit.io\\\/es\\\/tienda\\\/cerraduras-inteligentes\\\/electricas\\\/cerradero-electrico\\\/#breadcrumb\",\"itemListElement\":[{\"@type\":\"ListItem\",\"position\":1,\"name\":\"In\u00edcio\",\"item\":\"https:\\\/\\\/homeit.io\\\/es\\\/\"},{\"@type\":\"ListItem\",\"position\":2,\"name\":\"Productos\",\"item\":\"https:\\\/\\\/homeit.io\\\/es\\\/shop\\\/\"},{\"@type\":\"ListItem\",\"position\":3,\"name\":\"Cerradero el\u00e9ctrico\"}]},{\"@type\":\"WebSite\",\"@id\":\"https:\\\/\\\/homeit.io\\\/es\\\/#website\",\"url\":\"https:\\\/\\\/homeit.io\\\/es\\\/\",\"name\":\"Homeit\",\"description\":\"Acessos Inteligentes\",\"publisher\":{\"@id\":\"https:\\\/\\\/homeit.io\\\/es\\\/#organization\"},\"potentialAction\":[{\"@type\":\"SearchAction\",\"target\":{\"@type\":\"EntryPoint\",\"urlTemplate\":\"https:\\\/\\\/homeit.io\\\/es\\\/?s={search_term_string}\"},\"query-input\":{\"@type\":\"PropertyValueSpecification\",\"valueRequired\":true,\"valueName\":\"search_term_string\"}}],\"inLanguage\":\"es\"},{\"@type\":\"Organization\",\"@id\":\"https:\\\/\\\/homeit.io\\\/es\\\/#organization\",\"name\":\"Homeit\",\"url\":\"https:\\\/\\\/homeit.io\\\/es\\\/\",\"logo\":{\"@type\":\"ImageObject\",\"inLanguage\":\"es\",\"@id\":\"https:\\\/\\\/homeit.io\\\/es\\\/#\\\/schema\\\/logo\\\/image\\\/\",\"url\":\"https:\\\/\\\/homeit.io\\\/wp-content\\\/uploads\\\/2022\\\/06\\\/homeit_PrimaryLogo.svg\",\"contentUrl\":\"https:\\\/\\\/homeit.io\\\/wp-content\\\/uploads\\\/2022\\\/06\\\/homeit_PrimaryLogo.svg\",\"caption\":\"Homeit\"},\"image\":{\"@id\":\"https:\\\/\\\/homeit.io\\\/es\\\/#\\\/schema\\\/logo\\\/image\\\/\"},\"sameAs\":[\"https:\\\/\\\/www.facebook.com\\\/homeit.kit\",\"https:\\\/\\\/www.instagram.com\\\/homeit.io\\\/\",\"https:\\\/\\\/www.linkedin.com\\\/company\\\/homeit\\\/\"]}]}<\/script>\n<!-- \/ Yoast SEO plugin. -->","yoast_head_json":{"title":"Cerradero el\u00e9ctrico - Homeit","description":"Cerradero el\u00e9ctrico empotrado. Instalaci\u00f3n dentro del marco de la puerta. Ideal para puertas de madera o met\u00e1licas.","robots":{"index":"index","follow":"follow","max-snippet":"max-snippet:-1","max-image-preview":"max-image-preview:large","max-video-preview":"max-video-preview:-1"},"canonical":"https:\/\/homeit.io\/es\/tienda\/cerraduras-inteligentes\/electricas\/cerradero-electrico\/","og_locale":"es_ES","og_type":"article","og_title":"Cerradero el\u00e9ctrico - Homeit","og_description":"Cerradero el\u00e9ctrico empotrado. Instalaci\u00f3n dentro del marco de la puerta. Ideal para puertas de madera o met\u00e1licas.","og_url":"https:\/\/homeit.io\/es\/tienda\/cerraduras-inteligentes\/electricas\/cerradero-electrico\/","og_site_name":"Homeit","article_publisher":"https:\/\/www.facebook.com\/homeit.kit","article_modified_time":"2023-04-11T14:03:08+00:00","og_image":[{"width":800,"height":800,"url":"https:\/\/homeit.io\/wp-content\/uploads\/2022\/05\/testa-eletrica.jpg","type":"image\/jpeg"}],"twitter_card":"summary_large_image","twitter_misc":{"Tiempo de lectura":"1 minuto"},"schema":{"@context":"https:\/\/schema.org","@graph":[{"@type":"WebPage","@id":"https:\/\/homeit.io\/es\/tienda\/cerraduras-inteligentes\/electricas\/cerradero-electrico\/","url":"https:\/\/homeit.io\/es\/tienda\/cerraduras-inteligentes\/electricas\/cerradero-electrico\/","name":"Cerradero el\u00e9ctrico - Homeit","isPartOf":{"@id":"https:\/\/homeit.io\/es\/#website"},"primaryImageOfPage":{"@id":"https:\/\/homeit.io\/es\/tienda\/cerraduras-inteligentes\/electricas\/cerradero-electrico\/#primaryimage"},"image":{"@id":"https:\/\/homeit.io\/es\/tienda\/cerraduras-inteligentes\/electricas\/cerradero-electrico\/#primaryimage"},"thumbnailUrl":"https:\/\/homeit.io\/wp-content\/uploads\/2022\/05\/testa-eletrica.jpg","datePublished":"2022-05-20T15:52:36+00:00","dateModified":"2023-04-11T14:03:08+00:00","description":"Cerradero el\u00e9ctrico empotrado. Instalaci\u00f3n dentro del marco de la puerta. Ideal para puertas de madera o met\u00e1licas.","breadcrumb":{"@id":"https:\/\/homeit.io\/es\/tienda\/cerraduras-inteligentes\/electricas\/cerradero-electrico\/#breadcrumb"},"inLanguage":"es","potentialAction":[{"@type":"ReadAction","target":["https:\/\/homeit.io\/es\/tienda\/cerraduras-inteligentes\/electricas\/cerradero-electrico\/"]}]},{"@type":"ImageObject","inLanguage":"es","@id":"https:\/\/homeit.io\/es\/tienda\/cerraduras-inteligentes\/electricas\/cerradero-electrico\/#primaryimage","url":"https:\/\/homeit.io\/wp-content\/uploads\/2022\/05\/testa-eletrica.jpg","contentUrl":"https:\/\/homeit.io\/wp-content\/uploads\/2022\/05\/testa-eletrica.jpg","width":800,"height":800,"caption":"Testa el\u00e9trica"},{"@type":"BreadcrumbList","@id":"https:\/\/homeit.io\/es\/tienda\/cerraduras-inteligentes\/electricas\/cerradero-electrico\/#breadcrumb","itemListElement":[{"@type":"ListItem","position":1,"name":"In\u00edcio","item":"https:\/\/homeit.io\/es\/"},{"@type":"ListItem","position":2,"name":"Productos","item":"https:\/\/homeit.io\/es\/shop\/"},{"@type":"ListItem","position":3,"name":"Cerradero el\u00e9ctrico"}]},{"@type":"WebSite","@id":"https:\/\/homeit.io\/es\/#website","url":"https:\/\/homeit.io\/es\/","name":"Homeit","description":"Acessos Inteligentes","publisher":{"@id":"https:\/\/homeit.io\/es\/#organization"},"potentialAction":[{"@type":"SearchAction","target":{"@type":"EntryPoint","urlTemplate":"https:\/\/homeit.io\/es\/?s={search_term_string}"},"query-input":{"@type":"PropertyValueSpecification","valueRequired":true,"valueName":"search_term_string"}}],"inLanguage":"es"},{"@type":"Organization","@id":"https:\/\/homeit.io\/es\/#organization","name":"Homeit","url":"https:\/\/homeit.io\/es\/","logo":{"@type":"ImageObject","inLanguage":"es","@id":"https:\/\/homeit.io\/es\/#\/schema\/logo\/image\/","url":"https:\/\/homeit.io\/wp-content\/uploads\/2022\/06\/homeit_PrimaryLogo.svg","contentUrl":"https:\/\/homeit.io\/wp-content\/uploads\/2022\/06\/homeit_PrimaryLogo.svg","caption":"Homeit"},"image":{"@id":"https:\/\/homeit.io\/es\/#\/schema\/logo\/image\/"},"sameAs":["https:\/\/www.facebook.com\/homeit.kit","https:\/\/www.instagram.com\/homeit.io\/","https:\/\/www.linkedin.com\/company\/homeit\/"]}]}},"_links":{"self":[{"href":"https:\/\/homeit.io\/es\/wp-json\/wp\/v2\/product\/13907","targetHints":{"allow":["GET"]}}],"collection":[{"href":"https:\/\/homeit.io\/es\/wp-json\/wp\/v2\/product"}],"about":[{"href":"https:\/\/homeit.io\/es\/wp-json\/wp\/v2\/types\/product"}],"replies":[{"embeddable":true,"href":"https:\/\/homeit.io\/es\/wp-json\/wp\/v2\/comments?post=13907"}],"version-history":[{"count":0,"href":"https:\/\/homeit.io\/es\/wp-json\/wp\/v2\/product\/13907\/revisions"}],"wp:featuredmedia":[{"embeddable":true,"href":"https:\/\/homeit.io\/es\/wp-json\/wp\/v2\/media\/13708"}],"wp:attachment":[{"href":"https:\/\/homeit.io\/es\/wp-json\/wp\/v2\/media?parent=13907"}],"wp:term":[{"taxonomy":"product_brand","embeddable":true,"href":"https:\/\/homeit.io\/es\/wp-json\/wp\/v2\/product_brand?post=13907"},{"taxonomy":"product_cat","embeddable":true,"href":"https:\/\/homeit.io\/es\/wp-json\/wp\/v2\/product_cat?post=13907"},{"taxonomy":"product_tag","embeddable":true,"href":"https:\/\/homeit.io\/es\/wp-json\/wp\/v2\/product_tag?post=13907"}],"curies":[{"name":"wp","href":"https:\/\/api.w.org\/{rel}","templated":true}]}}