{"id":13911,"date":"2022-05-20T15:20:14","date_gmt":"2022-05-20T15:20:14","guid":{"rendered":"https:\/\/homeit.io\/loja\/sin%20categor\u00eda\/jceb800\/"},"modified":"2023-04-11T13:52:21","modified_gmt":"2023-04-11T13:52:21","slug":"jceb800","status":"publish","type":"product","link":"https:\/\/homeit.io\/es\/tienda\/cerraduras-inteligentes-para-taquillas-y-cajones\/jceb800\/","title":{"rendered":"JCEB800"},"content":{"rendered":"<h5 style=\"font-size: 40px;\">Cerradura inteligente con acceso Bluetooth,<br \/>\ncontrolable por tel\u00e9fono m\u00f3vil<\/h5>\n<h5 style=\"font-size: 40px;\"><img fetchpriority=\"high\" decoding=\"async\" class=\"alignright wp-image-11753 size-full\" src=\"https:\/\/homeit.io\/wp-content\/uploads\/2022\/05\/ficha-tecnica-JCEB800.jpg\" alt=\"\" width=\"336\" height=\"336\" srcset=\"https:\/\/homeit.io\/wp-content\/uploads\/2022\/05\/ficha-tecnica-JCEB800.jpg 336w, https:\/\/homeit.io\/wp-content\/uploads\/2022\/05\/ficha-tecnica-JCEB800-300x300.jpg 300w, https:\/\/homeit.io\/wp-content\/uploads\/2022\/05\/ficha-tecnica-JCEB800-150x150.jpg 150w, https:\/\/homeit.io\/wp-content\/uploads\/2022\/05\/ficha-tecnica-JCEB800-100x100.jpg 100w\" sizes=\"(max-width: 336px) 100vw, 336px\" \/><\/h5>\n<h6>Permite la apertura a trav\u00e9s de la aplicaci\u00f3n, c\u00f3digo num\u00e9rico, tarjetas RFID<\/h6>\n<p>Se espera que realice m\u00e1s de 10 000 aperturas, en condiciones normales de uso.<br \/>\nAdecuado para taquillas con puertas de madera. Muy f\u00e1cil de instalar.<\/p>\n<p>&nbsp;<\/p>\n<h6><strong><a class=\"ficha-tecnica\" href=\"\/wp-content\/uploads\/2022\/07\/DESCRIPCION-DEL-PRODUCTO-JCEB800.pdf\" target=\"_blank\" rel=\"noopener\">DESCRIPCIO\u0301N DEL PRODUCTO <\/a> <img decoding=\"async\" class=\"alignnone wp-image-11914\" src=\"https:\/\/homeit.io\/wp-content\/uploads\/2022\/06\/homeit-logomark.png\" alt=\"\" width=\"70\" height=\"70\" srcset=\"https:\/\/homeit.io\/wp-content\/uploads\/2022\/06\/homeit-logomark.png 512w, https:\/\/homeit.io\/wp-content\/uploads\/2022\/06\/homeit-logomark-300x300.png 300w, https:\/\/homeit.io\/wp-content\/uploads\/2022\/06\/homeit-logomark-150x150.png 150w, https:\/\/homeit.io\/wp-content\/uploads\/2022\/06\/homeit-logomark-100x100.png 100w\" sizes=\"(max-width: 70px) 100vw, 70px\" \/><\/strong><\/h6>\n<h6><\/h6>\n","protected":false},"excerpt":{"rendered":"<p>Cerradura inteligente con acceso Bluetooth,<br \/>\ncontrolable por tel\u00e9fono m\u00f3vil<\/p>\n","protected":false},"featured_media":32391,"comment_status":"open","ping_status":"closed","template":"","meta":[],"product_brand":[],"product_cat":[218],"product_tag":[201,202],"class_list":{"0":"post-13911","1":"product","2":"type-product","3":"status-publish","4":"has-post-thumbnail","6":"product_cat-cerraduras-inteligentes-para-taquillas-y-cajones","7":"product_tag-negocios","8":"product_tag-turismo","10":"first","11":"instock","12":"downloadable","13":"taxable","14":"shipping-taxable","15":"purchasable","16":"product-type-simple"},"yoast_head":"<!-- This site is optimized with the Yoast SEO plugin v27.2 - https:\/\/yoast.com\/product\/yoast-seo-wordpress\/ -->\n<title>JCEB800 - Homeit<\/title>\n<meta name=\"description\" content=\"JCEB800. Cerradura inteligente con acceso Bluetooth, controlable por tel\u00e9fono m\u00f3vil.\" \/>\n<meta name=\"robots\" content=\"index, follow, max-snippet:-1, max-image-preview:large, max-video-preview:-1\" \/>\n<link rel=\"canonical\" href=\"https:\/\/homeit.io\/es\/tienda\/cerraduras-inteligentes-para-taquillas-y-cajones\/jceb800\/\" \/>\n<meta property=\"og:locale\" content=\"es_ES\" \/>\n<meta property=\"og:type\" content=\"article\" \/>\n<meta property=\"og:title\" content=\"JCEB800 - Homeit\" \/>\n<meta property=\"og:description\" content=\"JCEB800. Cerradura inteligente con acceso Bluetooth, controlable por tel\u00e9fono m\u00f3vil.\" \/>\n<meta property=\"og:url\" content=\"https:\/\/homeit.io\/es\/tienda\/cerraduras-inteligentes-para-taquillas-y-cajones\/jceb800\/\" \/>\n<meta property=\"og:site_name\" content=\"Homeit\" \/>\n<meta property=\"article:publisher\" content=\"https:\/\/www.facebook.com\/homeit.kit\" \/>\n<meta property=\"article:modified_time\" content=\"2023-04-11T13:52:21+00:00\" \/>\n<meta property=\"og:image\" content=\"https:\/\/homeit.io\/wp-content\/uploads\/2022\/05\/JCEB800.jpg\" \/>\n\t<meta property=\"og:image:width\" content=\"800\" \/>\n\t<meta property=\"og:image:height\" content=\"800\" \/>\n\t<meta property=\"og:image:type\" content=\"image\/jpeg\" \/>\n<meta name=\"twitter:card\" content=\"summary_large_image\" \/>\n<meta name=\"twitter:label1\" content=\"Tiempo de lectura\" \/>\n\t<meta name=\"twitter:data1\" content=\"1 minuto\" \/>\n<script type=\"application\/ld+json\" class=\"yoast-schema-graph\">{\"@context\":\"https:\/\/schema.org\",\"@graph\":[{\"@type\":\"WebPage\",\"@id\":\"https:\/\/homeit.io\/es\/tienda\/cerraduras-inteligentes-para-taquillas-y-cajones\/jceb800\/\",\"url\":\"https:\/\/homeit.io\/es\/tienda\/cerraduras-inteligentes-para-taquillas-y-cajones\/jceb800\/\",\"name\":\"JCEB800 - Homeit\",\"isPartOf\":{\"@id\":\"https:\/\/homeit.io\/es\/#website\"},\"primaryImageOfPage\":{\"@id\":\"https:\/\/homeit.io\/es\/tienda\/cerraduras-inteligentes-para-taquillas-y-cajones\/jceb800\/#primaryimage\"},\"image\":{\"@id\":\"https:\/\/homeit.io\/es\/tienda\/cerraduras-inteligentes-para-taquillas-y-cajones\/jceb800\/#primaryimage\"},\"thumbnailUrl\":\"https:\/\/homeit.io\/wp-content\/uploads\/2022\/05\/oie_qwizEK3j8Uag-removebg-preview.png\",\"datePublished\":\"2022-05-20T15:20:14+00:00\",\"dateModified\":\"2023-04-11T13:52:21+00:00\",\"description\":\"JCEB800. Cerradura inteligente con acceso Bluetooth, controlable por tel\u00e9fono m\u00f3vil.\",\"breadcrumb\":{\"@id\":\"https:\/\/homeit.io\/es\/tienda\/cerraduras-inteligentes-para-taquillas-y-cajones\/jceb800\/#breadcrumb\"},\"inLanguage\":\"es\",\"potentialAction\":[{\"@type\":\"ReadAction\",\"target\":[\"https:\/\/homeit.io\/es\/tienda\/cerraduras-inteligentes-para-taquillas-y-cajones\/jceb800\/\"]}]},{\"@type\":\"ImageObject\",\"inLanguage\":\"es\",\"@id\":\"https:\/\/homeit.io\/es\/tienda\/cerraduras-inteligentes-para-taquillas-y-cajones\/jceb800\/#primaryimage\",\"url\":\"https:\/\/homeit.io\/wp-content\/uploads\/2022\/05\/oie_qwizEK3j8Uag-removebg-preview.png\",\"contentUrl\":\"https:\/\/homeit.io\/wp-content\/uploads\/2022\/05\/oie_qwizEK3j8Uag-removebg-preview.png\",\"width\":573,\"height\":435},{\"@type\":\"BreadcrumbList\",\"@id\":\"https:\/\/homeit.io\/es\/tienda\/cerraduras-inteligentes-para-taquillas-y-cajones\/jceb800\/#breadcrumb\",\"itemListElement\":[{\"@type\":\"ListItem\",\"position\":1,\"name\":\"In\u00edcio\",\"item\":\"https:\/\/homeit.io\/es\/\"},{\"@type\":\"ListItem\",\"position\":2,\"name\":\"Productos\",\"item\":\"https:\/\/homeit.io\/es\/shop\/\"},{\"@type\":\"ListItem\",\"position\":3,\"name\":\"JCEB800\"}]},{\"@type\":\"WebSite\",\"@id\":\"https:\/\/homeit.io\/es\/#website\",\"url\":\"https:\/\/homeit.io\/es\/\",\"name\":\"Homeit\",\"description\":\"Acessos Inteligentes\",\"publisher\":{\"@id\":\"https:\/\/homeit.io\/es\/#organization\"},\"potentialAction\":[{\"@type\":\"SearchAction\",\"target\":{\"@type\":\"EntryPoint\",\"urlTemplate\":\"https:\/\/homeit.io\/es\/?s={search_term_string}\"},\"query-input\":{\"@type\":\"PropertyValueSpecification\",\"valueRequired\":true,\"valueName\":\"search_term_string\"}}],\"inLanguage\":\"es\"},{\"@type\":\"Organization\",\"@id\":\"https:\/\/homeit.io\/es\/#organization\",\"name\":\"Homeit\",\"url\":\"https:\/\/homeit.io\/es\/\",\"logo\":{\"@type\":\"ImageObject\",\"inLanguage\":\"es\",\"@id\":\"https:\/\/homeit.io\/es\/#\/schema\/logo\/image\/\",\"url\":\"https:\/\/homeit.io\/wp-content\/uploads\/2022\/06\/homeit_PrimaryLogo.svg\",\"contentUrl\":\"https:\/\/homeit.io\/wp-content\/uploads\/2022\/06\/homeit_PrimaryLogo.svg\",\"caption\":\"Homeit\"},\"image\":{\"@id\":\"https:\/\/homeit.io\/es\/#\/schema\/logo\/image\/\"},\"sameAs\":[\"https:\/\/www.facebook.com\/homeit.kit\",\"https:\/\/www.instagram.com\/homeit.io\/\",\"https:\/\/www.linkedin.com\/company\/homeit\/\"]}]}<\/script>\n<!-- \/ Yoast SEO plugin. -->","yoast_head_json":{"title":"JCEB800 - Homeit","description":"JCEB800. Cerradura inteligente con acceso Bluetooth, controlable por tel\u00e9fono m\u00f3vil.","robots":{"index":"index","follow":"follow","max-snippet":"max-snippet:-1","max-image-preview":"max-image-preview:large","max-video-preview":"max-video-preview:-1"},"canonical":"https:\/\/homeit.io\/es\/tienda\/cerraduras-inteligentes-para-taquillas-y-cajones\/jceb800\/","og_locale":"es_ES","og_type":"article","og_title":"JCEB800 - Homeit","og_description":"JCEB800. Cerradura inteligente con acceso Bluetooth, controlable por tel\u00e9fono m\u00f3vil.","og_url":"https:\/\/homeit.io\/es\/tienda\/cerraduras-inteligentes-para-taquillas-y-cajones\/jceb800\/","og_site_name":"Homeit","article_publisher":"https:\/\/www.facebook.com\/homeit.kit","article_modified_time":"2023-04-11T13:52:21+00:00","og_image":[{"width":800,"height":800,"url":"https:\/\/homeit.io\/wp-content\/uploads\/2022\/05\/JCEB800.jpg","type":"image\/jpeg"}],"twitter_card":"summary_large_image","twitter_misc":{"Tiempo de lectura":"1 minuto"},"schema":{"@context":"https:\/\/schema.org","@graph":[{"@type":"WebPage","@id":"https:\/\/homeit.io\/es\/tienda\/cerraduras-inteligentes-para-taquillas-y-cajones\/jceb800\/","url":"https:\/\/homeit.io\/es\/tienda\/cerraduras-inteligentes-para-taquillas-y-cajones\/jceb800\/","name":"JCEB800 - Homeit","isPartOf":{"@id":"https:\/\/homeit.io\/es\/#website"},"primaryImageOfPage":{"@id":"https:\/\/homeit.io\/es\/tienda\/cerraduras-inteligentes-para-taquillas-y-cajones\/jceb800\/#primaryimage"},"image":{"@id":"https:\/\/homeit.io\/es\/tienda\/cerraduras-inteligentes-para-taquillas-y-cajones\/jceb800\/#primaryimage"},"thumbnailUrl":"https:\/\/homeit.io\/wp-content\/uploads\/2022\/05\/oie_qwizEK3j8Uag-removebg-preview.png","datePublished":"2022-05-20T15:20:14+00:00","dateModified":"2023-04-11T13:52:21+00:00","description":"JCEB800. Cerradura inteligente con acceso Bluetooth, controlable por tel\u00e9fono m\u00f3vil.","breadcrumb":{"@id":"https:\/\/homeit.io\/es\/tienda\/cerraduras-inteligentes-para-taquillas-y-cajones\/jceb800\/#breadcrumb"},"inLanguage":"es","potentialAction":[{"@type":"ReadAction","target":["https:\/\/homeit.io\/es\/tienda\/cerraduras-inteligentes-para-taquillas-y-cajones\/jceb800\/"]}]},{"@type":"ImageObject","inLanguage":"es","@id":"https:\/\/homeit.io\/es\/tienda\/cerraduras-inteligentes-para-taquillas-y-cajones\/jceb800\/#primaryimage","url":"https:\/\/homeit.io\/wp-content\/uploads\/2022\/05\/oie_qwizEK3j8Uag-removebg-preview.png","contentUrl":"https:\/\/homeit.io\/wp-content\/uploads\/2022\/05\/oie_qwizEK3j8Uag-removebg-preview.png","width":573,"height":435},{"@type":"BreadcrumbList","@id":"https:\/\/homeit.io\/es\/tienda\/cerraduras-inteligentes-para-taquillas-y-cajones\/jceb800\/#breadcrumb","itemListElement":[{"@type":"ListItem","position":1,"name":"In\u00edcio","item":"https:\/\/homeit.io\/es\/"},{"@type":"ListItem","position":2,"name":"Productos","item":"https:\/\/homeit.io\/es\/shop\/"},{"@type":"ListItem","position":3,"name":"JCEB800"}]},{"@type":"WebSite","@id":"https:\/\/homeit.io\/es\/#website","url":"https:\/\/homeit.io\/es\/","name":"Homeit","description":"Acessos Inteligentes","publisher":{"@id":"https:\/\/homeit.io\/es\/#organization"},"potentialAction":[{"@type":"SearchAction","target":{"@type":"EntryPoint","urlTemplate":"https:\/\/homeit.io\/es\/?s={search_term_string}"},"query-input":{"@type":"PropertyValueSpecification","valueRequired":true,"valueName":"search_term_string"}}],"inLanguage":"es"},{"@type":"Organization","@id":"https:\/\/homeit.io\/es\/#organization","name":"Homeit","url":"https:\/\/homeit.io\/es\/","logo":{"@type":"ImageObject","inLanguage":"es","@id":"https:\/\/homeit.io\/es\/#\/schema\/logo\/image\/","url":"https:\/\/homeit.io\/wp-content\/uploads\/2022\/06\/homeit_PrimaryLogo.svg","contentUrl":"https:\/\/homeit.io\/wp-content\/uploads\/2022\/06\/homeit_PrimaryLogo.svg","caption":"Homeit"},"image":{"@id":"https:\/\/homeit.io\/es\/#\/schema\/logo\/image\/"},"sameAs":["https:\/\/www.facebook.com\/homeit.kit","https:\/\/www.instagram.com\/homeit.io\/","https:\/\/www.linkedin.com\/company\/homeit\/"]}]}},"_links":{"self":[{"href":"https:\/\/homeit.io\/es\/wp-json\/wp\/v2\/product\/13911","targetHints":{"allow":["GET"]}}],"collection":[{"href":"https:\/\/homeit.io\/es\/wp-json\/wp\/v2\/product"}],"about":[{"href":"https:\/\/homeit.io\/es\/wp-json\/wp\/v2\/types\/product"}],"replies":[{"embeddable":true,"href":"https:\/\/homeit.io\/es\/wp-json\/wp\/v2\/comments?post=13911"}],"version-history":[{"count":0,"href":"https:\/\/homeit.io\/es\/wp-json\/wp\/v2\/product\/13911\/revisions"}],"wp:featuredmedia":[{"embeddable":true,"href":"https:\/\/homeit.io\/es\/wp-json\/wp\/v2\/media\/32391"}],"wp:attachment":[{"href":"https:\/\/homeit.io\/es\/wp-json\/wp\/v2\/media?parent=13911"}],"wp:term":[{"taxonomy":"product_brand","embeddable":true,"href":"https:\/\/homeit.io\/es\/wp-json\/wp\/v2\/product_brand?post=13911"},{"taxonomy":"product_cat","embeddable":true,"href":"https:\/\/homeit.io\/es\/wp-json\/wp\/v2\/product_cat?post=13911"},{"taxonomy":"product_tag","embeddable":true,"href":"https:\/\/homeit.io\/es\/wp-json\/wp\/v2\/product_tag?post=13911"}],"curies":[{"name":"wp","href":"https:\/\/api.w.org\/{rel}","templated":true}]}}