{"id":13919,"date":"2022-05-20T12:39:22","date_gmt":"2022-05-20T12:39:22","guid":{"rendered":"https:\/\/homeit.io\/loja\/sin%20categor\u00eda\/ene203\/"},"modified":"2023-04-11T13:54:26","modified_gmt":"2023-04-11T13:54:26","slug":"ene203","status":"publish","type":"product","link":"https:\/\/homeit.io\/es\/tienda\/cerraduras-inteligentes-para-taquillas-y-cajones\/ene203\/","title":{"rendered":"ENE203"},"content":{"rendered":"<h5 style=\"font-size: 40px;\">Mini cilindro inteligente para taquillas, con acceso, controlable a trav\u00e9s del tel\u00e9fono m\u00f3vil<\/h5>\n<h5 style=\"font-size: 40px;\"><img fetchpriority=\"high\" decoding=\"async\" class=\"alignright wp-image-11725 size-full\" src=\"https:\/\/homeit.io\/wp-content\/uploads\/2022\/05\/ficha-tecnica-ENE57.jpg\" alt=\"\" width=\"291\" height=\"260\" \/><\/h5>\n<h6>Permite la apertura manual, a trav\u00e9s de la app o de la huella dactilar<\/h6>\n<ul>\n<li><strong>Dispone de puerto mini usb para la carga de emergencia <\/strong><\/li>\n<li><strong>Aplicable tanto a puertas de madera como de aluminio, reutilizando su taquilla existente<\/strong><\/li>\n<\/ul>\n<h5>Muy f\u00e1cil de instalar<\/h5>\n<p>&nbsp;<\/p>\n<h6><strong><a class=\"ficha-tecnica\" href=\"\/wp-content\/uploads\/2022\/07\/DESCRIPCION-DEL-PRODUCTO-ENE203.pdf\" target=\"_blank\" rel=\"noopener\">DESCRIPCIO\u0301N DEL PRODUCTO <\/a> <\/strong><strong><img decoding=\"async\" class=\"alignnone wp-image-11914\" src=\"https:\/\/homeit.io\/wp-content\/uploads\/2022\/06\/homeit-logomark.png\" alt=\"\" width=\"70\" height=\"70\" srcset=\"https:\/\/homeit.io\/wp-content\/uploads\/2022\/06\/homeit-logomark.png 512w, https:\/\/homeit.io\/wp-content\/uploads\/2022\/06\/homeit-logomark-300x300.png 300w, https:\/\/homeit.io\/wp-content\/uploads\/2022\/06\/homeit-logomark-150x150.png 150w, https:\/\/homeit.io\/wp-content\/uploads\/2022\/06\/homeit-logomark-100x100.png 100w\" sizes=\"(max-width: 70px) 100vw, 70px\" \/> <\/strong><strong><img decoding=\"async\" class=\"alignnone size-full wp-image-11476\" src=\"https:\/\/homeit.io\/wp-content\/uploads\/2022\/04\/icon.png\" alt=\"\" width=\"50\" height=\"65\" \/><\/strong><\/h6>\n<h6><\/h6>\n","protected":false},"excerpt":{"rendered":"<p>Mini cilindro inteligente para taquillas, con acceso, controlable a trav\u00e9s del tel\u00e9fono m\u00f3vil<\/p>\n","protected":false},"featured_media":13672,"comment_status":"open","ping_status":"closed","template":"","meta":[],"product_brand":[],"product_cat":[218],"product_tag":[201,202],"class_list":{"0":"post-13919","1":"product","2":"type-product","3":"status-publish","4":"has-post-thumbnail","6":"product_cat-cerraduras-inteligentes-para-taquillas-y-cajones","7":"product_tag-negocios","8":"product_tag-turismo","10":"first","11":"instock","12":"downloadable","13":"taxable","14":"shipping-taxable","15":"purchasable","16":"product-type-simple"},"yoast_head":"<!-- This site is optimized with the Yoast SEO plugin v27.4 - https:\/\/yoast.com\/product\/yoast-seo-wordpress\/ -->\n<title>ENE203 - Homeit<\/title>\n<meta name=\"description\" content=\"ENE203. Mini cilindro inteligente para taquillas, con acceso, controlable a trav\u00e9s del tel\u00e9fono m\u00f3vil.\" \/>\n<meta name=\"robots\" content=\"index, follow, max-snippet:-1, max-image-preview:large, max-video-preview:-1\" \/>\n<link rel=\"canonical\" href=\"https:\/\/homeit.io\/es\/tienda\/cerraduras-inteligentes-para-taquillas-y-cajones\/ene203\/\" \/>\n<meta property=\"og:locale\" content=\"es_ES\" \/>\n<meta property=\"og:type\" content=\"article\" \/>\n<meta property=\"og:title\" content=\"ENE203 - Homeit\" \/>\n<meta property=\"og:description\" content=\"ENE203. Mini cilindro inteligente para taquillas, con acceso, controlable a trav\u00e9s del tel\u00e9fono m\u00f3vil.\" \/>\n<meta property=\"og:url\" content=\"https:\/\/homeit.io\/es\/tienda\/cerraduras-inteligentes-para-taquillas-y-cajones\/ene203\/\" \/>\n<meta property=\"og:site_name\" content=\"Homeit\" \/>\n<meta property=\"article:publisher\" content=\"https:\/\/www.facebook.com\/homeit.kit\" \/>\n<meta property=\"article:modified_time\" content=\"2023-04-11T13:54:26+00:00\" \/>\n<meta property=\"og:image\" content=\"https:\/\/homeit.io\/wp-content\/uploads\/2022\/05\/ENE203.jpg\" \/>\n\t<meta property=\"og:image:width\" content=\"800\" \/>\n\t<meta property=\"og:image:height\" content=\"800\" \/>\n\t<meta property=\"og:image:type\" content=\"image\/jpeg\" \/>\n<meta name=\"twitter:card\" content=\"summary_large_image\" \/>\n<meta name=\"twitter:label1\" content=\"Tiempo de lectura\" \/>\n\t<meta name=\"twitter:data1\" content=\"1 minuto\" \/>\n<script type=\"application\/ld+json\" class=\"yoast-schema-graph\">{\"@context\":\"https:\\\/\\\/schema.org\",\"@graph\":[{\"@type\":\"WebPage\",\"@id\":\"https:\\\/\\\/homeit.io\\\/es\\\/tienda\\\/cerraduras-inteligentes-para-taquillas-y-cajones\\\/ene203\\\/\",\"url\":\"https:\\\/\\\/homeit.io\\\/es\\\/tienda\\\/cerraduras-inteligentes-para-taquillas-y-cajones\\\/ene203\\\/\",\"name\":\"ENE203 - Homeit\",\"isPartOf\":{\"@id\":\"https:\\\/\\\/homeit.io\\\/es\\\/#website\"},\"primaryImageOfPage\":{\"@id\":\"https:\\\/\\\/homeit.io\\\/es\\\/tienda\\\/cerraduras-inteligentes-para-taquillas-y-cajones\\\/ene203\\\/#primaryimage\"},\"image\":{\"@id\":\"https:\\\/\\\/homeit.io\\\/es\\\/tienda\\\/cerraduras-inteligentes-para-taquillas-y-cajones\\\/ene203\\\/#primaryimage\"},\"thumbnailUrl\":\"https:\\\/\\\/homeit.io\\\/wp-content\\\/uploads\\\/2022\\\/05\\\/ENE203.jpg\",\"datePublished\":\"2022-05-20T12:39:22+00:00\",\"dateModified\":\"2023-04-11T13:54:26+00:00\",\"description\":\"ENE203. Mini cilindro inteligente para taquillas, con acceso, controlable a trav\u00e9s del tel\u00e9fono m\u00f3vil.\",\"breadcrumb\":{\"@id\":\"https:\\\/\\\/homeit.io\\\/es\\\/tienda\\\/cerraduras-inteligentes-para-taquillas-y-cajones\\\/ene203\\\/#breadcrumb\"},\"inLanguage\":\"es\",\"potentialAction\":[{\"@type\":\"ReadAction\",\"target\":[\"https:\\\/\\\/homeit.io\\\/es\\\/tienda\\\/cerraduras-inteligentes-para-taquillas-y-cajones\\\/ene203\\\/\"]}]},{\"@type\":\"ImageObject\",\"inLanguage\":\"es\",\"@id\":\"https:\\\/\\\/homeit.io\\\/es\\\/tienda\\\/cerraduras-inteligentes-para-taquillas-y-cajones\\\/ene203\\\/#primaryimage\",\"url\":\"https:\\\/\\\/homeit.io\\\/wp-content\\\/uploads\\\/2022\\\/05\\\/ENE203.jpg\",\"contentUrl\":\"https:\\\/\\\/homeit.io\\\/wp-content\\\/uploads\\\/2022\\\/05\\\/ENE203.jpg\",\"width\":800,\"height\":800,\"caption\":\"ENE203\"},{\"@type\":\"BreadcrumbList\",\"@id\":\"https:\\\/\\\/homeit.io\\\/es\\\/tienda\\\/cerraduras-inteligentes-para-taquillas-y-cajones\\\/ene203\\\/#breadcrumb\",\"itemListElement\":[{\"@type\":\"ListItem\",\"position\":1,\"name\":\"In\u00edcio\",\"item\":\"https:\\\/\\\/homeit.io\\\/es\\\/\"},{\"@type\":\"ListItem\",\"position\":2,\"name\":\"Productos\",\"item\":\"https:\\\/\\\/homeit.io\\\/es\\\/shop\\\/\"},{\"@type\":\"ListItem\",\"position\":3,\"name\":\"ENE203\"}]},{\"@type\":\"WebSite\",\"@id\":\"https:\\\/\\\/homeit.io\\\/es\\\/#website\",\"url\":\"https:\\\/\\\/homeit.io\\\/es\\\/\",\"name\":\"Homeit\",\"description\":\"Acessos Inteligentes\",\"publisher\":{\"@id\":\"https:\\\/\\\/homeit.io\\\/es\\\/#organization\"},\"potentialAction\":[{\"@type\":\"SearchAction\",\"target\":{\"@type\":\"EntryPoint\",\"urlTemplate\":\"https:\\\/\\\/homeit.io\\\/es\\\/?s={search_term_string}\"},\"query-input\":{\"@type\":\"PropertyValueSpecification\",\"valueRequired\":true,\"valueName\":\"search_term_string\"}}],\"inLanguage\":\"es\"},{\"@type\":\"Organization\",\"@id\":\"https:\\\/\\\/homeit.io\\\/es\\\/#organization\",\"name\":\"Homeit\",\"url\":\"https:\\\/\\\/homeit.io\\\/es\\\/\",\"logo\":{\"@type\":\"ImageObject\",\"inLanguage\":\"es\",\"@id\":\"https:\\\/\\\/homeit.io\\\/es\\\/#\\\/schema\\\/logo\\\/image\\\/\",\"url\":\"https:\\\/\\\/homeit.io\\\/wp-content\\\/uploads\\\/2022\\\/06\\\/homeit_PrimaryLogo.svg\",\"contentUrl\":\"https:\\\/\\\/homeit.io\\\/wp-content\\\/uploads\\\/2022\\\/06\\\/homeit_PrimaryLogo.svg\",\"caption\":\"Homeit\"},\"image\":{\"@id\":\"https:\\\/\\\/homeit.io\\\/es\\\/#\\\/schema\\\/logo\\\/image\\\/\"},\"sameAs\":[\"https:\\\/\\\/www.facebook.com\\\/homeit.kit\",\"https:\\\/\\\/www.instagram.com\\\/homeit.io\\\/\",\"https:\\\/\\\/www.linkedin.com\\\/company\\\/homeit\\\/\"]}]}<\/script>\n<!-- \/ Yoast SEO plugin. -->","yoast_head_json":{"title":"ENE203 - Homeit","description":"ENE203. Mini cilindro inteligente para taquillas, con acceso, controlable a trav\u00e9s del tel\u00e9fono m\u00f3vil.","robots":{"index":"index","follow":"follow","max-snippet":"max-snippet:-1","max-image-preview":"max-image-preview:large","max-video-preview":"max-video-preview:-1"},"canonical":"https:\/\/homeit.io\/es\/tienda\/cerraduras-inteligentes-para-taquillas-y-cajones\/ene203\/","og_locale":"es_ES","og_type":"article","og_title":"ENE203 - Homeit","og_description":"ENE203. Mini cilindro inteligente para taquillas, con acceso, controlable a trav\u00e9s del tel\u00e9fono m\u00f3vil.","og_url":"https:\/\/homeit.io\/es\/tienda\/cerraduras-inteligentes-para-taquillas-y-cajones\/ene203\/","og_site_name":"Homeit","article_publisher":"https:\/\/www.facebook.com\/homeit.kit","article_modified_time":"2023-04-11T13:54:26+00:00","og_image":[{"width":800,"height":800,"url":"https:\/\/homeit.io\/wp-content\/uploads\/2022\/05\/ENE203.jpg","type":"image\/jpeg"}],"twitter_card":"summary_large_image","twitter_misc":{"Tiempo de lectura":"1 minuto"},"schema":{"@context":"https:\/\/schema.org","@graph":[{"@type":"WebPage","@id":"https:\/\/homeit.io\/es\/tienda\/cerraduras-inteligentes-para-taquillas-y-cajones\/ene203\/","url":"https:\/\/homeit.io\/es\/tienda\/cerraduras-inteligentes-para-taquillas-y-cajones\/ene203\/","name":"ENE203 - Homeit","isPartOf":{"@id":"https:\/\/homeit.io\/es\/#website"},"primaryImageOfPage":{"@id":"https:\/\/homeit.io\/es\/tienda\/cerraduras-inteligentes-para-taquillas-y-cajones\/ene203\/#primaryimage"},"image":{"@id":"https:\/\/homeit.io\/es\/tienda\/cerraduras-inteligentes-para-taquillas-y-cajones\/ene203\/#primaryimage"},"thumbnailUrl":"https:\/\/homeit.io\/wp-content\/uploads\/2022\/05\/ENE203.jpg","datePublished":"2022-05-20T12:39:22+00:00","dateModified":"2023-04-11T13:54:26+00:00","description":"ENE203. Mini cilindro inteligente para taquillas, con acceso, controlable a trav\u00e9s del tel\u00e9fono m\u00f3vil.","breadcrumb":{"@id":"https:\/\/homeit.io\/es\/tienda\/cerraduras-inteligentes-para-taquillas-y-cajones\/ene203\/#breadcrumb"},"inLanguage":"es","potentialAction":[{"@type":"ReadAction","target":["https:\/\/homeit.io\/es\/tienda\/cerraduras-inteligentes-para-taquillas-y-cajones\/ene203\/"]}]},{"@type":"ImageObject","inLanguage":"es","@id":"https:\/\/homeit.io\/es\/tienda\/cerraduras-inteligentes-para-taquillas-y-cajones\/ene203\/#primaryimage","url":"https:\/\/homeit.io\/wp-content\/uploads\/2022\/05\/ENE203.jpg","contentUrl":"https:\/\/homeit.io\/wp-content\/uploads\/2022\/05\/ENE203.jpg","width":800,"height":800,"caption":"ENE203"},{"@type":"BreadcrumbList","@id":"https:\/\/homeit.io\/es\/tienda\/cerraduras-inteligentes-para-taquillas-y-cajones\/ene203\/#breadcrumb","itemListElement":[{"@type":"ListItem","position":1,"name":"In\u00edcio","item":"https:\/\/homeit.io\/es\/"},{"@type":"ListItem","position":2,"name":"Productos","item":"https:\/\/homeit.io\/es\/shop\/"},{"@type":"ListItem","position":3,"name":"ENE203"}]},{"@type":"WebSite","@id":"https:\/\/homeit.io\/es\/#website","url":"https:\/\/homeit.io\/es\/","name":"Homeit","description":"Acessos Inteligentes","publisher":{"@id":"https:\/\/homeit.io\/es\/#organization"},"potentialAction":[{"@type":"SearchAction","target":{"@type":"EntryPoint","urlTemplate":"https:\/\/homeit.io\/es\/?s={search_term_string}"},"query-input":{"@type":"PropertyValueSpecification","valueRequired":true,"valueName":"search_term_string"}}],"inLanguage":"es"},{"@type":"Organization","@id":"https:\/\/homeit.io\/es\/#organization","name":"Homeit","url":"https:\/\/homeit.io\/es\/","logo":{"@type":"ImageObject","inLanguage":"es","@id":"https:\/\/homeit.io\/es\/#\/schema\/logo\/image\/","url":"https:\/\/homeit.io\/wp-content\/uploads\/2022\/06\/homeit_PrimaryLogo.svg","contentUrl":"https:\/\/homeit.io\/wp-content\/uploads\/2022\/06\/homeit_PrimaryLogo.svg","caption":"Homeit"},"image":{"@id":"https:\/\/homeit.io\/es\/#\/schema\/logo\/image\/"},"sameAs":["https:\/\/www.facebook.com\/homeit.kit","https:\/\/www.instagram.com\/homeit.io\/","https:\/\/www.linkedin.com\/company\/homeit\/"]}]}},"_links":{"self":[{"href":"https:\/\/homeit.io\/es\/wp-json\/wp\/v2\/product\/13919","targetHints":{"allow":["GET"]}}],"collection":[{"href":"https:\/\/homeit.io\/es\/wp-json\/wp\/v2\/product"}],"about":[{"href":"https:\/\/homeit.io\/es\/wp-json\/wp\/v2\/types\/product"}],"replies":[{"embeddable":true,"href":"https:\/\/homeit.io\/es\/wp-json\/wp\/v2\/comments?post=13919"}],"version-history":[{"count":0,"href":"https:\/\/homeit.io\/es\/wp-json\/wp\/v2\/product\/13919\/revisions"}],"wp:featuredmedia":[{"embeddable":true,"href":"https:\/\/homeit.io\/es\/wp-json\/wp\/v2\/media\/13672"}],"wp:attachment":[{"href":"https:\/\/homeit.io\/es\/wp-json\/wp\/v2\/media?parent=13919"}],"wp:term":[{"taxonomy":"product_brand","embeddable":true,"href":"https:\/\/homeit.io\/es\/wp-json\/wp\/v2\/product_brand?post=13919"},{"taxonomy":"product_cat","embeddable":true,"href":"https:\/\/homeit.io\/es\/wp-json\/wp\/v2\/product_cat?post=13919"},{"taxonomy":"product_tag","embeddable":true,"href":"https:\/\/homeit.io\/es\/wp-json\/wp\/v2\/product_tag?post=13919"}],"curies":[{"name":"wp","href":"https:\/\/api.w.org\/{rel}","templated":true}]}}