{"id":13937,"date":"2022-04-21T15:25:49","date_gmt":"2022-04-21T15:25:49","guid":{"rendered":"https:\/\/homeit.io\/loja\/sin%20categor\u00eda\/homeit-box-nuki-3-0\/"},"modified":"2025-10-23T09:30:17","modified_gmt":"2025-10-23T09:30:17","slug":"homeit-box-nuki-3-0","status":"publish","type":"product","link":"https:\/\/homeit.io\/es\/tienda\/starter-kit\/homeit-box-nuki-3-0\/","title":{"rendered":"homeit box + nuki go"},"content":{"rendered":"<h5 style=\"font-size: 40px;\">Kit con cerradura motorizada inteligente Nuki que se aferra a la cerradura existente, con gesti\u00f3n remota y controlable a trav\u00e9s de smartphone.<\/h5>\n<h6><img fetchpriority=\"high\" decoding=\"async\" class=\"alignright wp-image-11922\" src=\"https:\/\/homeit.io\/wp-content\/uploads\/2022\/04\/homeit-nuki.jpg\" alt=\"\" width=\"513\" height=\"513\" srcset=\"https:\/\/homeit.io\/wp-content\/uploads\/2022\/04\/homeit-nuki.jpg 800w, https:\/\/homeit.io\/wp-content\/uploads\/2022\/04\/homeit-nuki-300x300.jpg 300w, https:\/\/homeit.io\/wp-content\/uploads\/2022\/04\/homeit-nuki-150x150.jpg 150w, https:\/\/homeit.io\/wp-content\/uploads\/2022\/04\/homeit-nuki-768x768.jpg 768w, https:\/\/homeit.io\/wp-content\/uploads\/2022\/04\/homeit-nuki-650x650.jpg 650w, https:\/\/homeit.io\/wp-content\/uploads\/2022\/04\/homeit-nuki-600x600.jpg 600w, https:\/\/homeit.io\/wp-content\/uploads\/2022\/04\/homeit-nuki-100x100.jpg 100w\" sizes=\"(max-width: 513px) 100vw, 513px\" \/>Es una soluci\u00f3n sin cables y segura, una vez que la puerta estar\u00eda siempre cerrada con todas las \u00abvueltas de llave\u00bb. Simples de instalar y configurar. Realiza las aperturas girando la llave de la cerradura existente.<\/h6>\n<p>A homeit BOX es el cerebro del sistema Gestiona Nuki y permite integrar con el telefonillo de la vivienda para hacer la apertura de la puerta de comunidad (sin instalar nada en la zona de comunidad). Tambi\u00e9n puede comprar el homeit PAD, teclado num\u00e9rico (opcional) para una entrada a\u00fan m\u00e1s f\u00e1cil y r\u00e1pida a la propiedad.<\/p>\n<p>El sistema <b>homeit<\/b> permite el acceso en l\u00ednea a:<\/p>\n<ul>\n<li>Gesti\u00f3n de la Propiedad<\/li>\n<li>Gesti\u00f3n\/generaci\u00f3n y env\u00edo de claves de acceso digitales entre las fechas de entrada y salida<\/li>\n<li>Creaci\u00f3n de llaves permanentes<\/li>\n<li>Ejecuci\u00f3n de aperturas remotas<\/li>\n<li>Visualizaci\u00f3n de los registros de entrada<\/li>\n<\/ul>\n<p>Tambi\u00e9n permite la integraci\u00f3n con Airbnb, Booking y otros Channel Managers y PMS.<\/p>\n<h5>Excelente calidad de construcci\u00f3n.<\/h5>\n<p>&nbsp;<\/p>\n<h6><strong><a class=\"ficha-tecnica\" href=\"https:\/\/homeit.io\/wp-content\/uploads\/2022\/04\/Ficha-Te%CC%81cnica-STARTER-KIT-homeit-NUKI-3.0.pdf\" target=\"_blank\" rel=\"noopener\">DESCRIPCIO\u0301N DEL PRODUCTO <\/a>      <\/strong><\/h6>\n","protected":false},"excerpt":{"rendered":"<p>Kit con cerradura inteligente Nuki (motorizada) para acoplar a la cerradura existente, con acceso Bluetooth, controlable a trav\u00e9s del tel\u00e9fono m\u00f3vil.<\/p>\n","protected":false},"featured_media":13756,"comment_status":"open","ping_status":"closed","template":"","meta":[],"product_brand":[],"product_cat":[248],"product_tag":[201,202],"class_list":{"0":"post-13937","1":"product","2":"type-product","3":"status-publish","4":"has-post-thumbnail","6":"product_cat-starter-kit","7":"product_tag-negocios","8":"product_tag-turismo","10":"first","11":"instock","12":"taxable","13":"shipping-taxable","14":"purchasable","15":"product-type-simple"},"yoast_head":"<!-- This site is optimized with the Yoast SEO plugin v27.4 - https:\/\/yoast.com\/product\/yoast-seo-wordpress\/ -->\n<title>homeit box + nuki go - Homeit<\/title>\n<meta name=\"description\" content=\"Kit con cerradura inteligente Nuki (motorizada) para acoplar a la cerradura existente, con acceso Bluetooth, controlable a trav\u00e9s del tel\u00e9fono m\u00f3vil.\" \/>\n<meta name=\"robots\" content=\"index, follow, max-snippet:-1, max-image-preview:large, max-video-preview:-1\" \/>\n<link rel=\"canonical\" href=\"https:\/\/homeit.io\/es\/tienda\/starter-kit\/homeit-box-nuki-3-0\/\" \/>\n<meta property=\"og:locale\" content=\"es_ES\" \/>\n<meta property=\"og:type\" content=\"article\" \/>\n<meta property=\"og:title\" content=\"homeit box + nuki go - Homeit\" \/>\n<meta property=\"og:description\" content=\"Kit con cerradura inteligente Nuki (motorizada) para acoplar a la cerradura existente, con acceso Bluetooth, controlable a trav\u00e9s del tel\u00e9fono m\u00f3vil.\" \/>\n<meta property=\"og:url\" content=\"https:\/\/homeit.io\/es\/tienda\/starter-kit\/homeit-box-nuki-3-0\/\" \/>\n<meta property=\"og:site_name\" content=\"Homeit\" \/>\n<meta property=\"article:publisher\" content=\"https:\/\/www.facebook.com\/homeit.kit\" \/>\n<meta property=\"article:modified_time\" content=\"2025-10-23T09:30:17+00:00\" \/>\n<meta property=\"og:image\" content=\"https:\/\/homeit.io\/wp-content\/uploads\/2022\/04\/homeit-nuki.jpg\" \/>\n\t<meta property=\"og:image:width\" content=\"800\" \/>\n\t<meta property=\"og:image:height\" content=\"800\" \/>\n\t<meta property=\"og:image:type\" content=\"image\/jpeg\" \/>\n<meta name=\"twitter:card\" content=\"summary_large_image\" \/>\n<meta name=\"twitter:label1\" content=\"Tiempo de lectura\" \/>\n\t<meta name=\"twitter:data1\" content=\"2 minutos\" \/>\n<script type=\"application\/ld+json\" class=\"yoast-schema-graph\">{\"@context\":\"https:\\\/\\\/schema.org\",\"@graph\":[{\"@type\":\"WebPage\",\"@id\":\"https:\\\/\\\/homeit.io\\\/es\\\/tienda\\\/starter-kit\\\/homeit-box-nuki-3-0\\\/\",\"url\":\"https:\\\/\\\/homeit.io\\\/es\\\/tienda\\\/starter-kit\\\/homeit-box-nuki-3-0\\\/\",\"name\":\"homeit box + nuki go - Homeit\",\"isPartOf\":{\"@id\":\"https:\\\/\\\/homeit.io\\\/es\\\/#website\"},\"primaryImageOfPage\":{\"@id\":\"https:\\\/\\\/homeit.io\\\/es\\\/tienda\\\/starter-kit\\\/homeit-box-nuki-3-0\\\/#primaryimage\"},\"image\":{\"@id\":\"https:\\\/\\\/homeit.io\\\/es\\\/tienda\\\/starter-kit\\\/homeit-box-nuki-3-0\\\/#primaryimage\"},\"thumbnailUrl\":\"https:\\\/\\\/homeit.io\\\/wp-content\\\/uploads\\\/2022\\\/04\\\/homeit-nuki.jpg\",\"datePublished\":\"2022-04-21T15:25:49+00:00\",\"dateModified\":\"2025-10-23T09:30:17+00:00\",\"description\":\"Kit con cerradura inteligente Nuki (motorizada) para acoplar a la cerradura existente, con acceso Bluetooth, controlable a trav\u00e9s del tel\u00e9fono m\u00f3vil.\",\"breadcrumb\":{\"@id\":\"https:\\\/\\\/homeit.io\\\/es\\\/tienda\\\/starter-kit\\\/homeit-box-nuki-3-0\\\/#breadcrumb\"},\"inLanguage\":\"es\",\"potentialAction\":[{\"@type\":\"ReadAction\",\"target\":[\"https:\\\/\\\/homeit.io\\\/es\\\/tienda\\\/starter-kit\\\/homeit-box-nuki-3-0\\\/\"]}]},{\"@type\":\"ImageObject\",\"inLanguage\":\"es\",\"@id\":\"https:\\\/\\\/homeit.io\\\/es\\\/tienda\\\/starter-kit\\\/homeit-box-nuki-3-0\\\/#primaryimage\",\"url\":\"https:\\\/\\\/homeit.io\\\/wp-content\\\/uploads\\\/2022\\\/04\\\/homeit-nuki.jpg\",\"contentUrl\":\"https:\\\/\\\/homeit.io\\\/wp-content\\\/uploads\\\/2022\\\/04\\\/homeit-nuki.jpg\",\"width\":800,\"height\":800,\"caption\":\"homeit box + nuki 3.0\"},{\"@type\":\"BreadcrumbList\",\"@id\":\"https:\\\/\\\/homeit.io\\\/es\\\/tienda\\\/starter-kit\\\/homeit-box-nuki-3-0\\\/#breadcrumb\",\"itemListElement\":[{\"@type\":\"ListItem\",\"position\":1,\"name\":\"In\u00edcio\",\"item\":\"https:\\\/\\\/homeit.io\\\/es\\\/\"},{\"@type\":\"ListItem\",\"position\":2,\"name\":\"Productos\",\"item\":\"https:\\\/\\\/homeit.io\\\/es\\\/shop\\\/\"},{\"@type\":\"ListItem\",\"position\":3,\"name\":\"homeit box + nuki go\"}]},{\"@type\":\"WebSite\",\"@id\":\"https:\\\/\\\/homeit.io\\\/es\\\/#website\",\"url\":\"https:\\\/\\\/homeit.io\\\/es\\\/\",\"name\":\"Homeit\",\"description\":\"Acessos Inteligentes\",\"publisher\":{\"@id\":\"https:\\\/\\\/homeit.io\\\/es\\\/#organization\"},\"potentialAction\":[{\"@type\":\"SearchAction\",\"target\":{\"@type\":\"EntryPoint\",\"urlTemplate\":\"https:\\\/\\\/homeit.io\\\/es\\\/?s={search_term_string}\"},\"query-input\":{\"@type\":\"PropertyValueSpecification\",\"valueRequired\":true,\"valueName\":\"search_term_string\"}}],\"inLanguage\":\"es\"},{\"@type\":\"Organization\",\"@id\":\"https:\\\/\\\/homeit.io\\\/es\\\/#organization\",\"name\":\"Homeit\",\"url\":\"https:\\\/\\\/homeit.io\\\/es\\\/\",\"logo\":{\"@type\":\"ImageObject\",\"inLanguage\":\"es\",\"@id\":\"https:\\\/\\\/homeit.io\\\/es\\\/#\\\/schema\\\/logo\\\/image\\\/\",\"url\":\"https:\\\/\\\/homeit.io\\\/wp-content\\\/uploads\\\/2022\\\/06\\\/homeit_PrimaryLogo.svg\",\"contentUrl\":\"https:\\\/\\\/homeit.io\\\/wp-content\\\/uploads\\\/2022\\\/06\\\/homeit_PrimaryLogo.svg\",\"caption\":\"Homeit\"},\"image\":{\"@id\":\"https:\\\/\\\/homeit.io\\\/es\\\/#\\\/schema\\\/logo\\\/image\\\/\"},\"sameAs\":[\"https:\\\/\\\/www.facebook.com\\\/homeit.kit\",\"https:\\\/\\\/www.instagram.com\\\/homeit.io\\\/\",\"https:\\\/\\\/www.linkedin.com\\\/company\\\/homeit\\\/\"]}]}<\/script>\n<!-- \/ Yoast SEO plugin. -->","yoast_head_json":{"title":"homeit box + nuki go - Homeit","description":"Kit con cerradura inteligente Nuki (motorizada) para acoplar a la cerradura existente, con acceso Bluetooth, controlable a trav\u00e9s del tel\u00e9fono m\u00f3vil.","robots":{"index":"index","follow":"follow","max-snippet":"max-snippet:-1","max-image-preview":"max-image-preview:large","max-video-preview":"max-video-preview:-1"},"canonical":"https:\/\/homeit.io\/es\/tienda\/starter-kit\/homeit-box-nuki-3-0\/","og_locale":"es_ES","og_type":"article","og_title":"homeit box + nuki go - Homeit","og_description":"Kit con cerradura inteligente Nuki (motorizada) para acoplar a la cerradura existente, con acceso Bluetooth, controlable a trav\u00e9s del tel\u00e9fono m\u00f3vil.","og_url":"https:\/\/homeit.io\/es\/tienda\/starter-kit\/homeit-box-nuki-3-0\/","og_site_name":"Homeit","article_publisher":"https:\/\/www.facebook.com\/homeit.kit","article_modified_time":"2025-10-23T09:30:17+00:00","og_image":[{"width":800,"height":800,"url":"https:\/\/homeit.io\/wp-content\/uploads\/2022\/04\/homeit-nuki.jpg","type":"image\/jpeg"}],"twitter_card":"summary_large_image","twitter_misc":{"Tiempo de lectura":"2 minutos"},"schema":{"@context":"https:\/\/schema.org","@graph":[{"@type":"WebPage","@id":"https:\/\/homeit.io\/es\/tienda\/starter-kit\/homeit-box-nuki-3-0\/","url":"https:\/\/homeit.io\/es\/tienda\/starter-kit\/homeit-box-nuki-3-0\/","name":"homeit box + nuki go - Homeit","isPartOf":{"@id":"https:\/\/homeit.io\/es\/#website"},"primaryImageOfPage":{"@id":"https:\/\/homeit.io\/es\/tienda\/starter-kit\/homeit-box-nuki-3-0\/#primaryimage"},"image":{"@id":"https:\/\/homeit.io\/es\/tienda\/starter-kit\/homeit-box-nuki-3-0\/#primaryimage"},"thumbnailUrl":"https:\/\/homeit.io\/wp-content\/uploads\/2022\/04\/homeit-nuki.jpg","datePublished":"2022-04-21T15:25:49+00:00","dateModified":"2025-10-23T09:30:17+00:00","description":"Kit con cerradura inteligente Nuki (motorizada) para acoplar a la cerradura existente, con acceso Bluetooth, controlable a trav\u00e9s del tel\u00e9fono m\u00f3vil.","breadcrumb":{"@id":"https:\/\/homeit.io\/es\/tienda\/starter-kit\/homeit-box-nuki-3-0\/#breadcrumb"},"inLanguage":"es","potentialAction":[{"@type":"ReadAction","target":["https:\/\/homeit.io\/es\/tienda\/starter-kit\/homeit-box-nuki-3-0\/"]}]},{"@type":"ImageObject","inLanguage":"es","@id":"https:\/\/homeit.io\/es\/tienda\/starter-kit\/homeit-box-nuki-3-0\/#primaryimage","url":"https:\/\/homeit.io\/wp-content\/uploads\/2022\/04\/homeit-nuki.jpg","contentUrl":"https:\/\/homeit.io\/wp-content\/uploads\/2022\/04\/homeit-nuki.jpg","width":800,"height":800,"caption":"homeit box + nuki 3.0"},{"@type":"BreadcrumbList","@id":"https:\/\/homeit.io\/es\/tienda\/starter-kit\/homeit-box-nuki-3-0\/#breadcrumb","itemListElement":[{"@type":"ListItem","position":1,"name":"In\u00edcio","item":"https:\/\/homeit.io\/es\/"},{"@type":"ListItem","position":2,"name":"Productos","item":"https:\/\/homeit.io\/es\/shop\/"},{"@type":"ListItem","position":3,"name":"homeit box + nuki go"}]},{"@type":"WebSite","@id":"https:\/\/homeit.io\/es\/#website","url":"https:\/\/homeit.io\/es\/","name":"Homeit","description":"Acessos Inteligentes","publisher":{"@id":"https:\/\/homeit.io\/es\/#organization"},"potentialAction":[{"@type":"SearchAction","target":{"@type":"EntryPoint","urlTemplate":"https:\/\/homeit.io\/es\/?s={search_term_string}"},"query-input":{"@type":"PropertyValueSpecification","valueRequired":true,"valueName":"search_term_string"}}],"inLanguage":"es"},{"@type":"Organization","@id":"https:\/\/homeit.io\/es\/#organization","name":"Homeit","url":"https:\/\/homeit.io\/es\/","logo":{"@type":"ImageObject","inLanguage":"es","@id":"https:\/\/homeit.io\/es\/#\/schema\/logo\/image\/","url":"https:\/\/homeit.io\/wp-content\/uploads\/2022\/06\/homeit_PrimaryLogo.svg","contentUrl":"https:\/\/homeit.io\/wp-content\/uploads\/2022\/06\/homeit_PrimaryLogo.svg","caption":"Homeit"},"image":{"@id":"https:\/\/homeit.io\/es\/#\/schema\/logo\/image\/"},"sameAs":["https:\/\/www.facebook.com\/homeit.kit","https:\/\/www.instagram.com\/homeit.io\/","https:\/\/www.linkedin.com\/company\/homeit\/"]}]}},"_links":{"self":[{"href":"https:\/\/homeit.io\/es\/wp-json\/wp\/v2\/product\/13937","targetHints":{"allow":["GET"]}}],"collection":[{"href":"https:\/\/homeit.io\/es\/wp-json\/wp\/v2\/product"}],"about":[{"href":"https:\/\/homeit.io\/es\/wp-json\/wp\/v2\/types\/product"}],"replies":[{"embeddable":true,"href":"https:\/\/homeit.io\/es\/wp-json\/wp\/v2\/comments?post=13937"}],"version-history":[{"count":0,"href":"https:\/\/homeit.io\/es\/wp-json\/wp\/v2\/product\/13937\/revisions"}],"wp:featuredmedia":[{"embeddable":true,"href":"https:\/\/homeit.io\/es\/wp-json\/wp\/v2\/media\/13756"}],"wp:attachment":[{"href":"https:\/\/homeit.io\/es\/wp-json\/wp\/v2\/media?parent=13937"}],"wp:term":[{"taxonomy":"product_brand","embeddable":true,"href":"https:\/\/homeit.io\/es\/wp-json\/wp\/v2\/product_brand?post=13937"},{"taxonomy":"product_cat","embeddable":true,"href":"https:\/\/homeit.io\/es\/wp-json\/wp\/v2\/product_cat?post=13937"},{"taxonomy":"product_tag","embeddable":true,"href":"https:\/\/homeit.io\/es\/wp-json\/wp\/v2\/product_tag?post=13937"}],"curies":[{"name":"wp","href":"https:\/\/api.w.org\/{rel}","templated":true}]}}