{"id":14239,"date":"2022-06-02T14:08:58","date_gmt":"2022-06-02T14:08:58","guid":{"rendered":"https:\/\/homeit.io\/loja\/sin%20categor\u00eda\/homeit-box-cerradura-motorizada\/"},"modified":"2025-05-20T00:02:26","modified_gmt":"2025-05-20T00:02:26","slug":"cerradura-motorizada","status":"publish","type":"product","link":"https:\/\/homeit.io\/es\/tienda\/starter-kit\/cerradura-motorizada\/","title":{"rendered":"homeit box + Cerradura motorizada"},"content":{"rendered":"<h5 style=\"font-size: 40px;\">Cerradura superpuesta, adecuada para su instalaci\u00f3n en puertas sin cerradura de seguridad<\/h5>\n<h6><img fetchpriority=\"high\" decoding=\"async\" class=\"alignright wp-image-11925\" src=\"https:\/\/homeit.io\/wp-content\/uploads\/2022\/06\/homeit-motorizada.jpg\" alt=\"\" width=\"513\" height=\"513\" srcset=\"https:\/\/homeit.io\/wp-content\/uploads\/2022\/06\/homeit-motorizada.jpg 800w, https:\/\/homeit.io\/wp-content\/uploads\/2022\/06\/homeit-motorizada-300x300.jpg 300w, https:\/\/homeit.io\/wp-content\/uploads\/2022\/06\/homeit-motorizada-150x150.jpg 150w, https:\/\/homeit.io\/wp-content\/uploads\/2022\/06\/homeit-motorizada-768x768.jpg 768w, https:\/\/homeit.io\/wp-content\/uploads\/2022\/06\/homeit-motorizada-650x650.jpg 650w, https:\/\/homeit.io\/wp-content\/uploads\/2022\/06\/homeit-motorizada-600x600.jpg 600w, https:\/\/homeit.io\/wp-content\/uploads\/2022\/06\/homeit-motorizada-100x100.jpg 100w\" sizes=\"(max-width: 513px) 100vw, 513px\" \/>Se alimenta el\u00e9ctricamente desde la conexi\u00f3n f\u00edsica a la homeit BOX.<\/h6>\n<p>Se bloquea autom\u00e1ticamente al cerrar la puerta gracias al sensor magn\u00e9tico incluido. Permite la apertura a trav\u00e9s de la aplicaci\u00f3n, el c\u00f3digo en el teclado y la llave f\u00edsica, en caso de necesidad.<\/p>\n<p>El sistema <b>homeit<\/b> permite el acceso en l\u00ednea a:<\/p>\n<ul>\n<li>Gesti\u00f3n de la Propiedad<\/li>\n<li>Gesti\u00f3n\/generaci\u00f3n y env\u00edo de claves de acceso digitales entre las fechas de entrada y salida<\/li>\n<li>Creaci\u00f3n de llaves permanentes<\/li>\n<li>Ejecuci\u00f3n de aperturas remotas<\/li>\n<li>Visualizaci\u00f3n de los registros de entrada<\/li>\n<\/ul>\n<p>Tambi\u00e9n permite la integraci\u00f3n con Airbnb, Booking , Avantio , Google calendar, etc.<\/p>\n<p>&nbsp;<\/p>\n<h6><strong><a class=\"ficha-tecnica\" href=\"\/wp-content\/uploads\/2022\/07\/DESCRIPCION-DEL-PRODUCTO-FECHADURA-MOTORIZADA.pdf\" target=\"_blank\" rel=\"noopener\">DESCRIPTI\u00d3N DEL PRODUCTO<\/a><\/strong>\u00a0 \u00a0<strong><img decoding=\"async\" class=\"alignnone wp-image-11924 size-full\" src=\"https:\/\/homeit.io\/wp-content\/uploads\/2022\/06\/h.png\" alt=\"\" width=\"90\" height=\"56\" \/> <\/strong><\/h6>\n","protected":false},"excerpt":{"rendered":"<p>Cerradura superpuesta, adecuada para su instalaci\u00f3n en puertas sin cerradura de seguridad<\/p>\n","protected":false},"featured_media":13760,"comment_status":"open","ping_status":"closed","template":"","meta":[],"product_brand":[],"product_cat":[122],"product_tag":[108,118],"class_list":{"0":"post-14239","1":"product","2":"type-product","3":"status-publish","4":"has-post-thumbnail","6":"product_cat-starter-kit","7":"product_tag-empresas","8":"product_tag-turismo","10":"first","11":"instock","12":"taxable","13":"shipping-taxable","14":"purchasable","15":"product-type-simple"},"yoast_head":"<!-- This site is optimized with the Yoast SEO plugin v27.4 - https:\/\/yoast.com\/product\/yoast-seo-wordpress\/ -->\n<title>homeit box + Cerradura motorizada - Homeit<\/title>\n<meta name=\"description\" content=\"Cerradura superpuesta, adecuada para su instalaci\u00f3n en puertas sin cerradura de seguridad. Se alimenta desde la conexi\u00f3n f\u00edsica a la homeit BOX.\" \/>\n<meta name=\"robots\" content=\"index, follow, max-snippet:-1, max-image-preview:large, max-video-preview:-1\" \/>\n<link rel=\"canonical\" href=\"https:\/\/homeit.io\/es\/tienda\/starter-kit\/cerradura-motorizada\/\" \/>\n<meta property=\"og:locale\" content=\"es_ES\" \/>\n<meta property=\"og:type\" content=\"article\" \/>\n<meta property=\"og:title\" content=\"homeit box + Cerradura motorizada - Homeit\" \/>\n<meta property=\"og:description\" content=\"Cerradura superpuesta, adecuada para su instalaci\u00f3n en puertas sin cerradura de seguridad. Se alimenta desde la conexi\u00f3n f\u00edsica a la homeit BOX.\" \/>\n<meta property=\"og:url\" content=\"https:\/\/homeit.io\/es\/tienda\/starter-kit\/cerradura-motorizada\/\" \/>\n<meta property=\"og:site_name\" content=\"Homeit\" \/>\n<meta property=\"article:publisher\" content=\"https:\/\/www.facebook.com\/homeit.kit\" \/>\n<meta property=\"article:modified_time\" content=\"2025-05-20T00:02:26+00:00\" \/>\n<meta property=\"og:image\" content=\"https:\/\/homeit.io\/wp-content\/uploads\/2022\/06\/homeit-motorizada.jpg\" \/>\n\t<meta property=\"og:image:width\" content=\"800\" \/>\n\t<meta property=\"og:image:height\" content=\"800\" \/>\n\t<meta property=\"og:image:type\" content=\"image\/jpeg\" \/>\n<meta name=\"twitter:card\" content=\"summary_large_image\" \/>\n<meta name=\"twitter:label1\" content=\"Tiempo de lectura\" \/>\n\t<meta name=\"twitter:data1\" content=\"2 minutos\" \/>\n<script type=\"application\/ld+json\" class=\"yoast-schema-graph\">{\"@context\":\"https:\\\/\\\/schema.org\",\"@graph\":[{\"@type\":\"WebPage\",\"@id\":\"https:\\\/\\\/homeit.io\\\/es\\\/tienda\\\/starter-kit\\\/cerradura-motorizada\\\/\",\"url\":\"https:\\\/\\\/homeit.io\\\/es\\\/tienda\\\/starter-kit\\\/cerradura-motorizada\\\/\",\"name\":\"homeit box + Cerradura motorizada - Homeit\",\"isPartOf\":{\"@id\":\"https:\\\/\\\/homeit.io\\\/es\\\/#website\"},\"primaryImageOfPage\":{\"@id\":\"https:\\\/\\\/homeit.io\\\/es\\\/tienda\\\/starter-kit\\\/cerradura-motorizada\\\/#primaryimage\"},\"image\":{\"@id\":\"https:\\\/\\\/homeit.io\\\/es\\\/tienda\\\/starter-kit\\\/cerradura-motorizada\\\/#primaryimage\"},\"thumbnailUrl\":\"https:\\\/\\\/homeit.io\\\/wp-content\\\/uploads\\\/2022\\\/06\\\/homeit-motorizada.jpg\",\"datePublished\":\"2022-06-02T14:08:58+00:00\",\"dateModified\":\"2025-05-20T00:02:26+00:00\",\"description\":\"Cerradura superpuesta, adecuada para su instalaci\u00f3n en puertas sin cerradura de seguridad. Se alimenta desde la conexi\u00f3n f\u00edsica a la homeit BOX.\",\"breadcrumb\":{\"@id\":\"https:\\\/\\\/homeit.io\\\/es\\\/tienda\\\/starter-kit\\\/cerradura-motorizada\\\/#breadcrumb\"},\"inLanguage\":\"es\",\"potentialAction\":[{\"@type\":\"ReadAction\",\"target\":[\"https:\\\/\\\/homeit.io\\\/es\\\/tienda\\\/starter-kit\\\/cerradura-motorizada\\\/\"]}]},{\"@type\":\"ImageObject\",\"inLanguage\":\"es\",\"@id\":\"https:\\\/\\\/homeit.io\\\/es\\\/tienda\\\/starter-kit\\\/cerradura-motorizada\\\/#primaryimage\",\"url\":\"https:\\\/\\\/homeit.io\\\/wp-content\\\/uploads\\\/2022\\\/06\\\/homeit-motorizada.jpg\",\"contentUrl\":\"https:\\\/\\\/homeit.io\\\/wp-content\\\/uploads\\\/2022\\\/06\\\/homeit-motorizada.jpg\",\"width\":800,\"height\":800,\"caption\":\"homeit box + Fechadura motorizada\"},{\"@type\":\"BreadcrumbList\",\"@id\":\"https:\\\/\\\/homeit.io\\\/es\\\/tienda\\\/starter-kit\\\/cerradura-motorizada\\\/#breadcrumb\",\"itemListElement\":[{\"@type\":\"ListItem\",\"position\":1,\"name\":\"In\u00edcio\",\"item\":\"https:\\\/\\\/homeit.io\\\/es\\\/\"},{\"@type\":\"ListItem\",\"position\":2,\"name\":\"Productos\",\"item\":\"https:\\\/\\\/homeit.io\\\/es\\\/shop\\\/\"},{\"@type\":\"ListItem\",\"position\":3,\"name\":\"homeit box + Cerradura motorizada\"}]},{\"@type\":\"WebSite\",\"@id\":\"https:\\\/\\\/homeit.io\\\/es\\\/#website\",\"url\":\"https:\\\/\\\/homeit.io\\\/es\\\/\",\"name\":\"Homeit\",\"description\":\"Acessos Inteligentes\",\"publisher\":{\"@id\":\"https:\\\/\\\/homeit.io\\\/es\\\/#organization\"},\"potentialAction\":[{\"@type\":\"SearchAction\",\"target\":{\"@type\":\"EntryPoint\",\"urlTemplate\":\"https:\\\/\\\/homeit.io\\\/es\\\/?s={search_term_string}\"},\"query-input\":{\"@type\":\"PropertyValueSpecification\",\"valueRequired\":true,\"valueName\":\"search_term_string\"}}],\"inLanguage\":\"es\"},{\"@type\":\"Organization\",\"@id\":\"https:\\\/\\\/homeit.io\\\/es\\\/#organization\",\"name\":\"Homeit\",\"url\":\"https:\\\/\\\/homeit.io\\\/es\\\/\",\"logo\":{\"@type\":\"ImageObject\",\"inLanguage\":\"es\",\"@id\":\"https:\\\/\\\/homeit.io\\\/es\\\/#\\\/schema\\\/logo\\\/image\\\/\",\"url\":\"https:\\\/\\\/homeit.io\\\/wp-content\\\/uploads\\\/2022\\\/06\\\/homeit_PrimaryLogo.svg\",\"contentUrl\":\"https:\\\/\\\/homeit.io\\\/wp-content\\\/uploads\\\/2022\\\/06\\\/homeit_PrimaryLogo.svg\",\"caption\":\"Homeit\"},\"image\":{\"@id\":\"https:\\\/\\\/homeit.io\\\/es\\\/#\\\/schema\\\/logo\\\/image\\\/\"},\"sameAs\":[\"https:\\\/\\\/www.facebook.com\\\/homeit.kit\",\"https:\\\/\\\/www.instagram.com\\\/homeit.io\\\/\",\"https:\\\/\\\/www.linkedin.com\\\/company\\\/homeit\\\/\"]}]}<\/script>\n<!-- \/ Yoast SEO plugin. -->","yoast_head_json":{"title":"homeit box + Cerradura motorizada - Homeit","description":"Cerradura superpuesta, adecuada para su instalaci\u00f3n en puertas sin cerradura de seguridad. Se alimenta desde la conexi\u00f3n f\u00edsica a la homeit BOX.","robots":{"index":"index","follow":"follow","max-snippet":"max-snippet:-1","max-image-preview":"max-image-preview:large","max-video-preview":"max-video-preview:-1"},"canonical":"https:\/\/homeit.io\/es\/tienda\/starter-kit\/cerradura-motorizada\/","og_locale":"es_ES","og_type":"article","og_title":"homeit box + Cerradura motorizada - Homeit","og_description":"Cerradura superpuesta, adecuada para su instalaci\u00f3n en puertas sin cerradura de seguridad. Se alimenta desde la conexi\u00f3n f\u00edsica a la homeit BOX.","og_url":"https:\/\/homeit.io\/es\/tienda\/starter-kit\/cerradura-motorizada\/","og_site_name":"Homeit","article_publisher":"https:\/\/www.facebook.com\/homeit.kit","article_modified_time":"2025-05-20T00:02:26+00:00","og_image":[{"width":800,"height":800,"url":"https:\/\/homeit.io\/wp-content\/uploads\/2022\/06\/homeit-motorizada.jpg","type":"image\/jpeg"}],"twitter_card":"summary_large_image","twitter_misc":{"Tiempo de lectura":"2 minutos"},"schema":{"@context":"https:\/\/schema.org","@graph":[{"@type":"WebPage","@id":"https:\/\/homeit.io\/es\/tienda\/starter-kit\/cerradura-motorizada\/","url":"https:\/\/homeit.io\/es\/tienda\/starter-kit\/cerradura-motorizada\/","name":"homeit box + Cerradura motorizada - Homeit","isPartOf":{"@id":"https:\/\/homeit.io\/es\/#website"},"primaryImageOfPage":{"@id":"https:\/\/homeit.io\/es\/tienda\/starter-kit\/cerradura-motorizada\/#primaryimage"},"image":{"@id":"https:\/\/homeit.io\/es\/tienda\/starter-kit\/cerradura-motorizada\/#primaryimage"},"thumbnailUrl":"https:\/\/homeit.io\/wp-content\/uploads\/2022\/06\/homeit-motorizada.jpg","datePublished":"2022-06-02T14:08:58+00:00","dateModified":"2025-05-20T00:02:26+00:00","description":"Cerradura superpuesta, adecuada para su instalaci\u00f3n en puertas sin cerradura de seguridad. Se alimenta desde la conexi\u00f3n f\u00edsica a la homeit BOX.","breadcrumb":{"@id":"https:\/\/homeit.io\/es\/tienda\/starter-kit\/cerradura-motorizada\/#breadcrumb"},"inLanguage":"es","potentialAction":[{"@type":"ReadAction","target":["https:\/\/homeit.io\/es\/tienda\/starter-kit\/cerradura-motorizada\/"]}]},{"@type":"ImageObject","inLanguage":"es","@id":"https:\/\/homeit.io\/es\/tienda\/starter-kit\/cerradura-motorizada\/#primaryimage","url":"https:\/\/homeit.io\/wp-content\/uploads\/2022\/06\/homeit-motorizada.jpg","contentUrl":"https:\/\/homeit.io\/wp-content\/uploads\/2022\/06\/homeit-motorizada.jpg","width":800,"height":800,"caption":"homeit box + Fechadura motorizada"},{"@type":"BreadcrumbList","@id":"https:\/\/homeit.io\/es\/tienda\/starter-kit\/cerradura-motorizada\/#breadcrumb","itemListElement":[{"@type":"ListItem","position":1,"name":"In\u00edcio","item":"https:\/\/homeit.io\/es\/"},{"@type":"ListItem","position":2,"name":"Productos","item":"https:\/\/homeit.io\/es\/shop\/"},{"@type":"ListItem","position":3,"name":"homeit box + Cerradura motorizada"}]},{"@type":"WebSite","@id":"https:\/\/homeit.io\/es\/#website","url":"https:\/\/homeit.io\/es\/","name":"Homeit","description":"Acessos Inteligentes","publisher":{"@id":"https:\/\/homeit.io\/es\/#organization"},"potentialAction":[{"@type":"SearchAction","target":{"@type":"EntryPoint","urlTemplate":"https:\/\/homeit.io\/es\/?s={search_term_string}"},"query-input":{"@type":"PropertyValueSpecification","valueRequired":true,"valueName":"search_term_string"}}],"inLanguage":"es"},{"@type":"Organization","@id":"https:\/\/homeit.io\/es\/#organization","name":"Homeit","url":"https:\/\/homeit.io\/es\/","logo":{"@type":"ImageObject","inLanguage":"es","@id":"https:\/\/homeit.io\/es\/#\/schema\/logo\/image\/","url":"https:\/\/homeit.io\/wp-content\/uploads\/2022\/06\/homeit_PrimaryLogo.svg","contentUrl":"https:\/\/homeit.io\/wp-content\/uploads\/2022\/06\/homeit_PrimaryLogo.svg","caption":"Homeit"},"image":{"@id":"https:\/\/homeit.io\/es\/#\/schema\/logo\/image\/"},"sameAs":["https:\/\/www.facebook.com\/homeit.kit","https:\/\/www.instagram.com\/homeit.io\/","https:\/\/www.linkedin.com\/company\/homeit\/"]}]}},"_links":{"self":[{"href":"https:\/\/homeit.io\/es\/wp-json\/wp\/v2\/product\/14239","targetHints":{"allow":["GET"]}}],"collection":[{"href":"https:\/\/homeit.io\/es\/wp-json\/wp\/v2\/product"}],"about":[{"href":"https:\/\/homeit.io\/es\/wp-json\/wp\/v2\/types\/product"}],"replies":[{"embeddable":true,"href":"https:\/\/homeit.io\/es\/wp-json\/wp\/v2\/comments?post=14239"}],"version-history":[{"count":0,"href":"https:\/\/homeit.io\/es\/wp-json\/wp\/v2\/product\/14239\/revisions"}],"wp:featuredmedia":[{"embeddable":true,"href":"https:\/\/homeit.io\/es\/wp-json\/wp\/v2\/media\/13760"}],"wp:attachment":[{"href":"https:\/\/homeit.io\/es\/wp-json\/wp\/v2\/media?parent=14239"}],"wp:term":[{"taxonomy":"product_brand","embeddable":true,"href":"https:\/\/homeit.io\/es\/wp-json\/wp\/v2\/product_brand?post=14239"},{"taxonomy":"product_cat","embeddable":true,"href":"https:\/\/homeit.io\/es\/wp-json\/wp\/v2\/product_cat?post=14239"},{"taxonomy":"product_tag","embeddable":true,"href":"https:\/\/homeit.io\/es\/wp-json\/wp\/v2\/product_tag?post=14239"}],"curies":[{"name":"wp","href":"https:\/\/api.w.org\/{rel}","templated":true}]}}