{"id":14244,"date":"2022-06-02T14:19:31","date_gmt":"2022-06-02T14:19:31","guid":{"rendered":"https:\/\/homeit.io\/loja\/sin%20categor\u00eda\/homeit-box-cerradero-eletrico\/"},"modified":"2023-04-11T13:48:51","modified_gmt":"2023-04-11T13:48:51","slug":"homeit-box-cerradero-electrico","status":"publish","type":"product","link":"https:\/\/homeit.io\/es\/tienda\/starter-kit\/homeit-box-cerradero-electrico\/","title":{"rendered":"homeit box + Cerradero el\u00e9trico"},"content":{"rendered":"<h5 style=\"font-size: 40px;\">Cerradero el\u00e9ctrico empotrado. Instalaci\u00f3n dentro del marco de la puerta. Ideal para puertas de madera o met\u00e1licas<\/h5>\n<h6><img fetchpriority=\"high\" decoding=\"async\" class=\"alignright wp-image-11927\" src=\"https:\/\/homeit.io\/wp-content\/uploads\/2022\/06\/homeit-testa.jpg\" alt=\"\" width=\"513\" height=\"513\" srcset=\"https:\/\/homeit.io\/wp-content\/uploads\/2022\/06\/homeit-testa.jpg 800w, https:\/\/homeit.io\/wp-content\/uploads\/2022\/06\/homeit-testa-300x300.jpg 300w, https:\/\/homeit.io\/wp-content\/uploads\/2022\/06\/homeit-testa-150x150.jpg 150w, https:\/\/homeit.io\/wp-content\/uploads\/2022\/06\/homeit-testa-768x768.jpg 768w, https:\/\/homeit.io\/wp-content\/uploads\/2022\/06\/homeit-testa-650x650.jpg 650w, https:\/\/homeit.io\/wp-content\/uploads\/2022\/06\/homeit-testa-600x600.jpg 600w, https:\/\/homeit.io\/wp-content\/uploads\/2022\/06\/homeit-testa-100x100.jpg 100w\" sizes=\"(max-width: 513px) 100vw, 513px\" \/>Se alimenta el\u00e9ctricamente desde la conexi\u00f3n f\u00edsica a la homeit BOX. Abre la puerta actuando sobre el pestillo de la cerradura existente.<\/h6>\n<p>El sistema <b>homeit<\/b> permite el acceso en l\u00ednea a:<\/p>\n<ul>\n<li>Gesti\u00f3n de la Propiedad<\/li>\n<li>Gesti\u00f3n\/generaci\u00f3n y env\u00edo de claves de acceso digitales entre las fechas de entrada y salida<\/li>\n<li>Creaci\u00f3n de llaves permanentes<\/li>\n<li>Ejecuci\u00f3n de aperturas remotas<\/li>\n<li>Visualizaci\u00f3n de los registros de entrada<\/li>\n<\/ul>\n<p>Tambi\u00e9n permite la integraci\u00f3n con Airbnb, Booking , Avantio , Google calendar, etc.<\/p>\n<p>&nbsp;<\/p>\n<h6><strong><a class=\"ficha-tecnica\" href=\"\/wp-content\/uploads\/2022\/07\/DESCRIPCION-DEL-PRODUCTO-TESTA-ELETRICA.pdf\" target=\"_blank\" rel=\"noopener\">DESCRIPTI\u00d3N DEL PRODUCTO<\/a><\/strong>\u00a0 \u00a0<strong><img decoding=\"async\" class=\"alignnone wp-image-11924 size-full\" src=\"https:\/\/homeit.io\/wp-content\/uploads\/2022\/06\/h.png\" alt=\"\" width=\"90\" height=\"56\" \/> <\/strong><\/h6>\n","protected":false},"excerpt":{"rendered":"<p>Cerradero el\u00e9ctrico empotrado. Instalaci\u00f3n dentro del marco de la puerta. Ideal para puertas de madera o met\u00e1licas.<\/p>\n","protected":false},"featured_media":13762,"comment_status":"open","ping_status":"closed","template":"","meta":[],"product_brand":[],"product_cat":[248],"product_tag":[201,202],"class_list":{"0":"post-14244","1":"product","2":"type-product","3":"status-publish","4":"has-post-thumbnail","6":"product_cat-starter-kit","7":"product_tag-negocios","8":"product_tag-turismo","10":"first","11":"instock","12":"taxable","13":"shipping-taxable","14":"purchasable","15":"product-type-simple"},"yoast_head":"<!-- This site is optimized with the Yoast SEO plugin v27.2 - https:\/\/yoast.com\/product\/yoast-seo-wordpress\/ -->\n<title>homeit box + Cerradero el\u00e9trico - Homeit<\/title>\n<meta name=\"description\" content=\"Cerradero el\u00e9ctrico empotrado + homeit box. Instalaci\u00f3n dentro del marco de la puerta. Ideal para puertas de madera o met\u00e1licas.\" \/>\n<meta name=\"robots\" content=\"index, follow, max-snippet:-1, max-image-preview:large, max-video-preview:-1\" \/>\n<link rel=\"canonical\" href=\"https:\/\/homeit.io\/es\/tienda\/starter-kit\/homeit-box-cerradero-electrico\/\" \/>\n<meta property=\"og:locale\" content=\"es_ES\" \/>\n<meta property=\"og:type\" content=\"article\" \/>\n<meta property=\"og:title\" content=\"homeit box + Cerradero el\u00e9trico - Homeit\" \/>\n<meta property=\"og:description\" content=\"Cerradero el\u00e9ctrico empotrado + homeit box. Instalaci\u00f3n dentro del marco de la puerta. Ideal para puertas de madera o met\u00e1licas.\" \/>\n<meta property=\"og:url\" content=\"https:\/\/homeit.io\/es\/tienda\/starter-kit\/homeit-box-cerradero-electrico\/\" \/>\n<meta property=\"og:site_name\" content=\"Homeit\" \/>\n<meta property=\"article:publisher\" content=\"https:\/\/www.facebook.com\/homeit.kit\" \/>\n<meta property=\"article:modified_time\" content=\"2023-04-11T13:48:51+00:00\" \/>\n<meta property=\"og:image\" content=\"https:\/\/homeit.io\/wp-content\/uploads\/2022\/06\/homeit-testa.jpg\" \/>\n\t<meta property=\"og:image:width\" content=\"800\" \/>\n\t<meta property=\"og:image:height\" content=\"800\" \/>\n\t<meta property=\"og:image:type\" content=\"image\/jpeg\" \/>\n<meta name=\"twitter:card\" content=\"summary_large_image\" \/>\n<meta name=\"twitter:label1\" content=\"Tiempo de lectura\" \/>\n\t<meta name=\"twitter:data1\" content=\"1 minuto\" \/>\n<script type=\"application\/ld+json\" class=\"yoast-schema-graph\">{\"@context\":\"https:\/\/schema.org\",\"@graph\":[{\"@type\":\"WebPage\",\"@id\":\"https:\/\/homeit.io\/es\/tienda\/starter-kit\/homeit-box-cerradero-electrico\/\",\"url\":\"https:\/\/homeit.io\/es\/tienda\/starter-kit\/homeit-box-cerradero-electrico\/\",\"name\":\"homeit box + Cerradero el\u00e9trico - Homeit\",\"isPartOf\":{\"@id\":\"https:\/\/homeit.io\/es\/#website\"},\"primaryImageOfPage\":{\"@id\":\"https:\/\/homeit.io\/es\/tienda\/starter-kit\/homeit-box-cerradero-electrico\/#primaryimage\"},\"image\":{\"@id\":\"https:\/\/homeit.io\/es\/tienda\/starter-kit\/homeit-box-cerradero-electrico\/#primaryimage\"},\"thumbnailUrl\":\"https:\/\/homeit.io\/wp-content\/uploads\/2022\/06\/homeit-testa.jpg\",\"datePublished\":\"2022-06-02T14:19:31+00:00\",\"dateModified\":\"2023-04-11T13:48:51+00:00\",\"description\":\"Cerradero el\u00e9ctrico empotrado + homeit box. Instalaci\u00f3n dentro del marco de la puerta. Ideal para puertas de madera o met\u00e1licas.\",\"breadcrumb\":{\"@id\":\"https:\/\/homeit.io\/es\/tienda\/starter-kit\/homeit-box-cerradero-electrico\/#breadcrumb\"},\"inLanguage\":\"es\",\"potentialAction\":[{\"@type\":\"ReadAction\",\"target\":[\"https:\/\/homeit.io\/es\/tienda\/starter-kit\/homeit-box-cerradero-electrico\/\"]}]},{\"@type\":\"ImageObject\",\"inLanguage\":\"es\",\"@id\":\"https:\/\/homeit.io\/es\/tienda\/starter-kit\/homeit-box-cerradero-electrico\/#primaryimage\",\"url\":\"https:\/\/homeit.io\/wp-content\/uploads\/2022\/06\/homeit-testa.jpg\",\"contentUrl\":\"https:\/\/homeit.io\/wp-content\/uploads\/2022\/06\/homeit-testa.jpg\",\"width\":800,\"height\":800,\"caption\":\"homeit box + Testa el\u00e9trica\"},{\"@type\":\"BreadcrumbList\",\"@id\":\"https:\/\/homeit.io\/es\/tienda\/starter-kit\/homeit-box-cerradero-electrico\/#breadcrumb\",\"itemListElement\":[{\"@type\":\"ListItem\",\"position\":1,\"name\":\"In\u00edcio\",\"item\":\"https:\/\/homeit.io\/es\/\"},{\"@type\":\"ListItem\",\"position\":2,\"name\":\"Productos\",\"item\":\"https:\/\/homeit.io\/es\/shop\/\"},{\"@type\":\"ListItem\",\"position\":3,\"name\":\"homeit box + Cerradero el\u00e9trico\"}]},{\"@type\":\"WebSite\",\"@id\":\"https:\/\/homeit.io\/es\/#website\",\"url\":\"https:\/\/homeit.io\/es\/\",\"name\":\"Homeit\",\"description\":\"Acessos Inteligentes\",\"publisher\":{\"@id\":\"https:\/\/homeit.io\/es\/#organization\"},\"potentialAction\":[{\"@type\":\"SearchAction\",\"target\":{\"@type\":\"EntryPoint\",\"urlTemplate\":\"https:\/\/homeit.io\/es\/?s={search_term_string}\"},\"query-input\":{\"@type\":\"PropertyValueSpecification\",\"valueRequired\":true,\"valueName\":\"search_term_string\"}}],\"inLanguage\":\"es\"},{\"@type\":\"Organization\",\"@id\":\"https:\/\/homeit.io\/es\/#organization\",\"name\":\"Homeit\",\"url\":\"https:\/\/homeit.io\/es\/\",\"logo\":{\"@type\":\"ImageObject\",\"inLanguage\":\"es\",\"@id\":\"https:\/\/homeit.io\/es\/#\/schema\/logo\/image\/\",\"url\":\"https:\/\/homeit.io\/wp-content\/uploads\/2022\/06\/homeit_PrimaryLogo.svg\",\"contentUrl\":\"https:\/\/homeit.io\/wp-content\/uploads\/2022\/06\/homeit_PrimaryLogo.svg\",\"caption\":\"Homeit\"},\"image\":{\"@id\":\"https:\/\/homeit.io\/es\/#\/schema\/logo\/image\/\"},\"sameAs\":[\"https:\/\/www.facebook.com\/homeit.kit\",\"https:\/\/www.instagram.com\/homeit.io\/\",\"https:\/\/www.linkedin.com\/company\/homeit\/\"]}]}<\/script>\n<!-- \/ Yoast SEO plugin. -->","yoast_head_json":{"title":"homeit box + Cerradero el\u00e9trico - Homeit","description":"Cerradero el\u00e9ctrico empotrado + homeit box. Instalaci\u00f3n dentro del marco de la puerta. Ideal para puertas de madera o met\u00e1licas.","robots":{"index":"index","follow":"follow","max-snippet":"max-snippet:-1","max-image-preview":"max-image-preview:large","max-video-preview":"max-video-preview:-1"},"canonical":"https:\/\/homeit.io\/es\/tienda\/starter-kit\/homeit-box-cerradero-electrico\/","og_locale":"es_ES","og_type":"article","og_title":"homeit box + Cerradero el\u00e9trico - Homeit","og_description":"Cerradero el\u00e9ctrico empotrado + homeit box. Instalaci\u00f3n dentro del marco de la puerta. Ideal para puertas de madera o met\u00e1licas.","og_url":"https:\/\/homeit.io\/es\/tienda\/starter-kit\/homeit-box-cerradero-electrico\/","og_site_name":"Homeit","article_publisher":"https:\/\/www.facebook.com\/homeit.kit","article_modified_time":"2023-04-11T13:48:51+00:00","og_image":[{"width":800,"height":800,"url":"https:\/\/homeit.io\/wp-content\/uploads\/2022\/06\/homeit-testa.jpg","type":"image\/jpeg"}],"twitter_card":"summary_large_image","twitter_misc":{"Tiempo de lectura":"1 minuto"},"schema":{"@context":"https:\/\/schema.org","@graph":[{"@type":"WebPage","@id":"https:\/\/homeit.io\/es\/tienda\/starter-kit\/homeit-box-cerradero-electrico\/","url":"https:\/\/homeit.io\/es\/tienda\/starter-kit\/homeit-box-cerradero-electrico\/","name":"homeit box + Cerradero el\u00e9trico - Homeit","isPartOf":{"@id":"https:\/\/homeit.io\/es\/#website"},"primaryImageOfPage":{"@id":"https:\/\/homeit.io\/es\/tienda\/starter-kit\/homeit-box-cerradero-electrico\/#primaryimage"},"image":{"@id":"https:\/\/homeit.io\/es\/tienda\/starter-kit\/homeit-box-cerradero-electrico\/#primaryimage"},"thumbnailUrl":"https:\/\/homeit.io\/wp-content\/uploads\/2022\/06\/homeit-testa.jpg","datePublished":"2022-06-02T14:19:31+00:00","dateModified":"2023-04-11T13:48:51+00:00","description":"Cerradero el\u00e9ctrico empotrado + homeit box. Instalaci\u00f3n dentro del marco de la puerta. Ideal para puertas de madera o met\u00e1licas.","breadcrumb":{"@id":"https:\/\/homeit.io\/es\/tienda\/starter-kit\/homeit-box-cerradero-electrico\/#breadcrumb"},"inLanguage":"es","potentialAction":[{"@type":"ReadAction","target":["https:\/\/homeit.io\/es\/tienda\/starter-kit\/homeit-box-cerradero-electrico\/"]}]},{"@type":"ImageObject","inLanguage":"es","@id":"https:\/\/homeit.io\/es\/tienda\/starter-kit\/homeit-box-cerradero-electrico\/#primaryimage","url":"https:\/\/homeit.io\/wp-content\/uploads\/2022\/06\/homeit-testa.jpg","contentUrl":"https:\/\/homeit.io\/wp-content\/uploads\/2022\/06\/homeit-testa.jpg","width":800,"height":800,"caption":"homeit box + Testa el\u00e9trica"},{"@type":"BreadcrumbList","@id":"https:\/\/homeit.io\/es\/tienda\/starter-kit\/homeit-box-cerradero-electrico\/#breadcrumb","itemListElement":[{"@type":"ListItem","position":1,"name":"In\u00edcio","item":"https:\/\/homeit.io\/es\/"},{"@type":"ListItem","position":2,"name":"Productos","item":"https:\/\/homeit.io\/es\/shop\/"},{"@type":"ListItem","position":3,"name":"homeit box + Cerradero el\u00e9trico"}]},{"@type":"WebSite","@id":"https:\/\/homeit.io\/es\/#website","url":"https:\/\/homeit.io\/es\/","name":"Homeit","description":"Acessos Inteligentes","publisher":{"@id":"https:\/\/homeit.io\/es\/#organization"},"potentialAction":[{"@type":"SearchAction","target":{"@type":"EntryPoint","urlTemplate":"https:\/\/homeit.io\/es\/?s={search_term_string}"},"query-input":{"@type":"PropertyValueSpecification","valueRequired":true,"valueName":"search_term_string"}}],"inLanguage":"es"},{"@type":"Organization","@id":"https:\/\/homeit.io\/es\/#organization","name":"Homeit","url":"https:\/\/homeit.io\/es\/","logo":{"@type":"ImageObject","inLanguage":"es","@id":"https:\/\/homeit.io\/es\/#\/schema\/logo\/image\/","url":"https:\/\/homeit.io\/wp-content\/uploads\/2022\/06\/homeit_PrimaryLogo.svg","contentUrl":"https:\/\/homeit.io\/wp-content\/uploads\/2022\/06\/homeit_PrimaryLogo.svg","caption":"Homeit"},"image":{"@id":"https:\/\/homeit.io\/es\/#\/schema\/logo\/image\/"},"sameAs":["https:\/\/www.facebook.com\/homeit.kit","https:\/\/www.instagram.com\/homeit.io\/","https:\/\/www.linkedin.com\/company\/homeit\/"]}]}},"_links":{"self":[{"href":"https:\/\/homeit.io\/es\/wp-json\/wp\/v2\/product\/14244","targetHints":{"allow":["GET"]}}],"collection":[{"href":"https:\/\/homeit.io\/es\/wp-json\/wp\/v2\/product"}],"about":[{"href":"https:\/\/homeit.io\/es\/wp-json\/wp\/v2\/types\/product"}],"replies":[{"embeddable":true,"href":"https:\/\/homeit.io\/es\/wp-json\/wp\/v2\/comments?post=14244"}],"version-history":[{"count":0,"href":"https:\/\/homeit.io\/es\/wp-json\/wp\/v2\/product\/14244\/revisions"}],"wp:featuredmedia":[{"embeddable":true,"href":"https:\/\/homeit.io\/es\/wp-json\/wp\/v2\/media\/13762"}],"wp:attachment":[{"href":"https:\/\/homeit.io\/es\/wp-json\/wp\/v2\/media?parent=14244"}],"wp:term":[{"taxonomy":"product_brand","embeddable":true,"href":"https:\/\/homeit.io\/es\/wp-json\/wp\/v2\/product_brand?post=14244"},{"taxonomy":"product_cat","embeddable":true,"href":"https:\/\/homeit.io\/es\/wp-json\/wp\/v2\/product_cat?post=14244"},{"taxonomy":"product_tag","embeddable":true,"href":"https:\/\/homeit.io\/es\/wp-json\/wp\/v2\/product_tag?post=14244"}],"curies":[{"name":"wp","href":"https:\/\/api.w.org\/{rel}","templated":true}]}}