{"id":19224,"date":"2022-10-18T10:18:26","date_gmt":"2022-10-18T10:18:26","guid":{"rendered":"https:\/\/homeit.io\/loja\/sin categor\u00eda\/homeit-box-v1-wi-fi\/"},"modified":"2022-10-18T10:18:26","modified_gmt":"2022-10-18T10:18:26","slug":"homeit-box-v1-wi-fi","status":"publish","type":"product","link":"https:\/\/homeit.io\/es\/tienda\/starter-kit\/homeit-box-v1-wi-fi\/","title":{"rendered":"Homeit BOX v1 Wi-Fi"},"content":{"rendered":"<p>El homeit BOX es el centro del sistema homeit. Este es el componente que centraliza todo el flujo de informaci\u00f3n, abriendo puertas v\u00eda APP o SMS o usando el teclado num\u00e9rico. Se conecta al router de Internet a trav\u00e9s de wifi y permite instrucciones para abrir y cerrar la cerradura inteligente o cerradura el\u00e9ctrica instalada en la puerta, el teclado num\u00e9rico (opcional) y al<br \/>\ntelefonillo para abrir la puerta principal del edificio.<\/p>\n","protected":false},"excerpt":{"rendered":"<p>El homeit BOX es el centro del sistema homeit. Este es el componente que centraliza todo el flujo de informaci\u00f3n, abriendo puertas v\u00eda APP o SMS o usando el teclado num\u00e9rico. Se conecta al router de Internet a trav\u00e9s de wifi y permite instrucciones para abrir y cerrar la cerradura inteligente o cerradura el\u00e9ctrica instalada [&hellip;]<\/p>\n","protected":false},"featured_media":18224,"comment_status":"open","ping_status":"closed","template":"","meta":[],"product_brand":[],"product_cat":[248],"product_tag":[],"class_list":{"0":"post-19224","1":"product","2":"type-product","3":"status-publish","4":"has-post-thumbnail","6":"product_cat-starter-kit","8":"first","9":"instock","10":"taxable","11":"shipping-taxable","12":"purchasable","13":"product-type-simple"},"yoast_head":"<!-- This site is optimized with the Yoast SEO plugin v27.2 - https:\/\/yoast.com\/product\/yoast-seo-wordpress\/ -->\n<title>Homeit BOX v1 Wi-Fi - Homeit<\/title>\n<meta name=\"robots\" content=\"index, follow, max-snippet:-1, max-image-preview:large, max-video-preview:-1\" \/>\n<link rel=\"canonical\" href=\"https:\/\/homeit.io\/es\/tienda\/starter-kit\/homeit-box-v1-wi-fi\/\" \/>\n<meta property=\"og:locale\" content=\"es_ES\" \/>\n<meta property=\"og:type\" content=\"article\" \/>\n<meta property=\"og:title\" content=\"Homeit BOX v1 Wi-Fi - Homeit\" \/>\n<meta property=\"og:description\" content=\"El homeit BOX es el centro del sistema homeit. Este es el componente que centraliza todo el flujo de informaci\u00f3n, abriendo puertas v\u00eda APP o SMS o usando el teclado num\u00e9rico. Se conecta al router de Internet a trav\u00e9s de wifi y permite instrucciones para abrir y cerrar la cerradura inteligente o cerradura el\u00e9ctrica instalada [&hellip;]\" \/>\n<meta property=\"og:url\" content=\"https:\/\/homeit.io\/es\/tienda\/starter-kit\/homeit-box-v1-wi-fi\/\" \/>\n<meta property=\"og:site_name\" content=\"Homeit\" \/>\n<meta property=\"article:publisher\" content=\"https:\/\/www.facebook.com\/homeit.kit\" \/>\n<meta property=\"og:image\" content=\"https:\/\/homeit.io\/wp-content\/uploads\/2022\/10\/KDIY.png\" \/>\n\t<meta property=\"og:image:width\" content=\"514\" \/>\n\t<meta property=\"og:image:height\" content=\"562\" \/>\n\t<meta property=\"og:image:type\" content=\"image\/png\" \/>\n<meta name=\"twitter:card\" content=\"summary_large_image\" \/>\n<script type=\"application\/ld+json\" class=\"yoast-schema-graph\">{\"@context\":\"https:\/\/schema.org\",\"@graph\":[{\"@type\":\"WebPage\",\"@id\":\"https:\/\/homeit.io\/es\/tienda\/starter-kit\/homeit-box-v1-wi-fi\/\",\"url\":\"https:\/\/homeit.io\/es\/tienda\/starter-kit\/homeit-box-v1-wi-fi\/\",\"name\":\"Homeit BOX v1 Wi-Fi - Homeit\",\"isPartOf\":{\"@id\":\"https:\/\/homeit.io\/es\/#website\"},\"primaryImageOfPage\":{\"@id\":\"https:\/\/homeit.io\/es\/tienda\/starter-kit\/homeit-box-v1-wi-fi\/#primaryimage\"},\"image\":{\"@id\":\"https:\/\/homeit.io\/es\/tienda\/starter-kit\/homeit-box-v1-wi-fi\/#primaryimage\"},\"thumbnailUrl\":\"https:\/\/homeit.io\/wp-content\/uploads\/2022\/10\/KDIY.png\",\"datePublished\":\"2022-10-18T10:18:26+00:00\",\"breadcrumb\":{\"@id\":\"https:\/\/homeit.io\/es\/tienda\/starter-kit\/homeit-box-v1-wi-fi\/#breadcrumb\"},\"inLanguage\":\"es\",\"potentialAction\":[{\"@type\":\"ReadAction\",\"target\":[\"https:\/\/homeit.io\/es\/tienda\/starter-kit\/homeit-box-v1-wi-fi\/\"]}]},{\"@type\":\"ImageObject\",\"inLanguage\":\"es\",\"@id\":\"https:\/\/homeit.io\/es\/tienda\/starter-kit\/homeit-box-v1-wi-fi\/#primaryimage\",\"url\":\"https:\/\/homeit.io\/wp-content\/uploads\/2022\/10\/KDIY.png\",\"contentUrl\":\"https:\/\/homeit.io\/wp-content\/uploads\/2022\/10\/KDIY.png\",\"width\":514,\"height\":562},{\"@type\":\"BreadcrumbList\",\"@id\":\"https:\/\/homeit.io\/es\/tienda\/starter-kit\/homeit-box-v1-wi-fi\/#breadcrumb\",\"itemListElement\":[{\"@type\":\"ListItem\",\"position\":1,\"name\":\"In\u00edcio\",\"item\":\"https:\/\/homeit.io\/es\/\"},{\"@type\":\"ListItem\",\"position\":2,\"name\":\"Productos\",\"item\":\"https:\/\/homeit.io\/es\/shop\/\"},{\"@type\":\"ListItem\",\"position\":3,\"name\":\"Homeit BOX v1 Wi-Fi\"}]},{\"@type\":\"WebSite\",\"@id\":\"https:\/\/homeit.io\/es\/#website\",\"url\":\"https:\/\/homeit.io\/es\/\",\"name\":\"Homeit\",\"description\":\"Acessos Inteligentes\",\"publisher\":{\"@id\":\"https:\/\/homeit.io\/es\/#organization\"},\"potentialAction\":[{\"@type\":\"SearchAction\",\"target\":{\"@type\":\"EntryPoint\",\"urlTemplate\":\"https:\/\/homeit.io\/es\/?s={search_term_string}\"},\"query-input\":{\"@type\":\"PropertyValueSpecification\",\"valueRequired\":true,\"valueName\":\"search_term_string\"}}],\"inLanguage\":\"es\"},{\"@type\":\"Organization\",\"@id\":\"https:\/\/homeit.io\/es\/#organization\",\"name\":\"Homeit\",\"url\":\"https:\/\/homeit.io\/es\/\",\"logo\":{\"@type\":\"ImageObject\",\"inLanguage\":\"es\",\"@id\":\"https:\/\/homeit.io\/es\/#\/schema\/logo\/image\/\",\"url\":\"https:\/\/homeit.io\/wp-content\/uploads\/2022\/06\/homeit_PrimaryLogo.svg\",\"contentUrl\":\"https:\/\/homeit.io\/wp-content\/uploads\/2022\/06\/homeit_PrimaryLogo.svg\",\"caption\":\"Homeit\"},\"image\":{\"@id\":\"https:\/\/homeit.io\/es\/#\/schema\/logo\/image\/\"},\"sameAs\":[\"https:\/\/www.facebook.com\/homeit.kit\",\"https:\/\/www.instagram.com\/homeit.io\/\",\"https:\/\/www.linkedin.com\/company\/homeit\/\"]}]}<\/script>\n<!-- \/ Yoast SEO plugin. -->","yoast_head_json":{"title":"Homeit BOX v1 Wi-Fi - Homeit","robots":{"index":"index","follow":"follow","max-snippet":"max-snippet:-1","max-image-preview":"max-image-preview:large","max-video-preview":"max-video-preview:-1"},"canonical":"https:\/\/homeit.io\/es\/tienda\/starter-kit\/homeit-box-v1-wi-fi\/","og_locale":"es_ES","og_type":"article","og_title":"Homeit BOX v1 Wi-Fi - Homeit","og_description":"El homeit BOX es el centro del sistema homeit. Este es el componente que centraliza todo el flujo de informaci\u00f3n, abriendo puertas v\u00eda APP o SMS o usando el teclado num\u00e9rico. Se conecta al router de Internet a trav\u00e9s de wifi y permite instrucciones para abrir y cerrar la cerradura inteligente o cerradura el\u00e9ctrica instalada [&hellip;]","og_url":"https:\/\/homeit.io\/es\/tienda\/starter-kit\/homeit-box-v1-wi-fi\/","og_site_name":"Homeit","article_publisher":"https:\/\/www.facebook.com\/homeit.kit","og_image":[{"width":514,"height":562,"url":"https:\/\/homeit.io\/wp-content\/uploads\/2022\/10\/KDIY.png","type":"image\/png"}],"twitter_card":"summary_large_image","schema":{"@context":"https:\/\/schema.org","@graph":[{"@type":"WebPage","@id":"https:\/\/homeit.io\/es\/tienda\/starter-kit\/homeit-box-v1-wi-fi\/","url":"https:\/\/homeit.io\/es\/tienda\/starter-kit\/homeit-box-v1-wi-fi\/","name":"Homeit BOX v1 Wi-Fi - Homeit","isPartOf":{"@id":"https:\/\/homeit.io\/es\/#website"},"primaryImageOfPage":{"@id":"https:\/\/homeit.io\/es\/tienda\/starter-kit\/homeit-box-v1-wi-fi\/#primaryimage"},"image":{"@id":"https:\/\/homeit.io\/es\/tienda\/starter-kit\/homeit-box-v1-wi-fi\/#primaryimage"},"thumbnailUrl":"https:\/\/homeit.io\/wp-content\/uploads\/2022\/10\/KDIY.png","datePublished":"2022-10-18T10:18:26+00:00","breadcrumb":{"@id":"https:\/\/homeit.io\/es\/tienda\/starter-kit\/homeit-box-v1-wi-fi\/#breadcrumb"},"inLanguage":"es","potentialAction":[{"@type":"ReadAction","target":["https:\/\/homeit.io\/es\/tienda\/starter-kit\/homeit-box-v1-wi-fi\/"]}]},{"@type":"ImageObject","inLanguage":"es","@id":"https:\/\/homeit.io\/es\/tienda\/starter-kit\/homeit-box-v1-wi-fi\/#primaryimage","url":"https:\/\/homeit.io\/wp-content\/uploads\/2022\/10\/KDIY.png","contentUrl":"https:\/\/homeit.io\/wp-content\/uploads\/2022\/10\/KDIY.png","width":514,"height":562},{"@type":"BreadcrumbList","@id":"https:\/\/homeit.io\/es\/tienda\/starter-kit\/homeit-box-v1-wi-fi\/#breadcrumb","itemListElement":[{"@type":"ListItem","position":1,"name":"In\u00edcio","item":"https:\/\/homeit.io\/es\/"},{"@type":"ListItem","position":2,"name":"Productos","item":"https:\/\/homeit.io\/es\/shop\/"},{"@type":"ListItem","position":3,"name":"Homeit BOX v1 Wi-Fi"}]},{"@type":"WebSite","@id":"https:\/\/homeit.io\/es\/#website","url":"https:\/\/homeit.io\/es\/","name":"Homeit","description":"Acessos Inteligentes","publisher":{"@id":"https:\/\/homeit.io\/es\/#organization"},"potentialAction":[{"@type":"SearchAction","target":{"@type":"EntryPoint","urlTemplate":"https:\/\/homeit.io\/es\/?s={search_term_string}"},"query-input":{"@type":"PropertyValueSpecification","valueRequired":true,"valueName":"search_term_string"}}],"inLanguage":"es"},{"@type":"Organization","@id":"https:\/\/homeit.io\/es\/#organization","name":"Homeit","url":"https:\/\/homeit.io\/es\/","logo":{"@type":"ImageObject","inLanguage":"es","@id":"https:\/\/homeit.io\/es\/#\/schema\/logo\/image\/","url":"https:\/\/homeit.io\/wp-content\/uploads\/2022\/06\/homeit_PrimaryLogo.svg","contentUrl":"https:\/\/homeit.io\/wp-content\/uploads\/2022\/06\/homeit_PrimaryLogo.svg","caption":"Homeit"},"image":{"@id":"https:\/\/homeit.io\/es\/#\/schema\/logo\/image\/"},"sameAs":["https:\/\/www.facebook.com\/homeit.kit","https:\/\/www.instagram.com\/homeit.io\/","https:\/\/www.linkedin.com\/company\/homeit\/"]}]}},"_links":{"self":[{"href":"https:\/\/homeit.io\/es\/wp-json\/wp\/v2\/product\/19224","targetHints":{"allow":["GET"]}}],"collection":[{"href":"https:\/\/homeit.io\/es\/wp-json\/wp\/v2\/product"}],"about":[{"href":"https:\/\/homeit.io\/es\/wp-json\/wp\/v2\/types\/product"}],"replies":[{"embeddable":true,"href":"https:\/\/homeit.io\/es\/wp-json\/wp\/v2\/comments?post=19224"}],"version-history":[{"count":0,"href":"https:\/\/homeit.io\/es\/wp-json\/wp\/v2\/product\/19224\/revisions"}],"wp:featuredmedia":[{"embeddable":true,"href":"https:\/\/homeit.io\/es\/wp-json\/wp\/v2\/media\/18224"}],"wp:attachment":[{"href":"https:\/\/homeit.io\/es\/wp-json\/wp\/v2\/media?parent=19224"}],"wp:term":[{"taxonomy":"product_brand","embeddable":true,"href":"https:\/\/homeit.io\/es\/wp-json\/wp\/v2\/product_brand?post=19224"},{"taxonomy":"product_cat","embeddable":true,"href":"https:\/\/homeit.io\/es\/wp-json\/wp\/v2\/product_cat?post=19224"},{"taxonomy":"product_tag","embeddable":true,"href":"https:\/\/homeit.io\/es\/wp-json\/wp\/v2\/product_tag?post=19224"}],"curies":[{"name":"wp","href":"https:\/\/api.w.org\/{rel}","templated":true}]}}