{"id":23600,"date":"2023-07-20T10:22:33","date_gmt":"2023-07-20T10:22:33","guid":{"rendered":"https:\/\/homeit.io\/loja\/sin%20categor\u00eda\/cilindro-universal-nuki-doble-embrague\/"},"modified":"2025-07-01T15:48:02","modified_gmt":"2025-07-01T15:48:02","slug":"cilindro-universal-nuki","status":"publish","type":"product","link":"https:\/\/homeit.io\/es\/tienda\/cerraduras-inteligentes\/cilindro-europeo\/cilindro-universal-nuki\/","title":{"rendered":"Cilindro Universal Nuki &#8211; Doble Embrague"},"content":{"rendered":"<h3>Cilindro Universal Nuki: Seguridad y Compatibilidad para Puertas con Cilindro Europeo<\/h3>\n<p>El cilindro anti-p\u00e1nico permite tener una llave insertada en el lado interior y, aun as\u00ed, poder abrir desde el exterior con una llave f\u00edsica, lo cual es muy importante. Esto se debe a que el smartlock Nuki funciona siempre con una llave colocada en el lado interior. El Cilindro Universal Nuki es la soluci\u00f3n ideal para este escenario, ofreciendo compatibilidad ajustable, seguridad y comodidad.<\/p>\n<h3>Caracter\u00edsticas Principales<\/h3>\n<ul>\n<li><strong>Dise\u00f1o Modular<\/strong><br \/>\nEl Cilindro Universal Nuki est\u00e1 compuesto por m\u00f3dulos ajustables que permiten configurarlo para adaptarse a una amplia gama de espesores de puertas. Con hasta 33 configuraciones posibles, es compatible con casi todas las puertas en Europa.<\/li>\n<li><strong>Est\u00e1ndares de Alta Seguridad<\/strong><br \/>\nDesarrollado en colaboraci\u00f3n con expertos en seguridad de M&amp;C, el cilindro cuenta con la m\u00e1s alta clasificaci\u00f3n de seguridad (<strong>SKG***<\/strong>) y est\u00e1 certificado seg\u00fan la norma EN 1303. Ofrece protecci\u00f3n contra perforaciones, bumping y otros tipos de manipulaciones.<\/li>\n<li><strong>Funci\u00f3n Anti-P\u00e1nico<\/strong><br \/>\nGracias a la funci\u00f3n anti-p\u00e1nico, la puerta se puede operar externamente incluso cuando hay una llave insertada en el interior. Esta caracter\u00edstica es indispensable para la integraci\u00f3n con el Nuki Smart Lock.<\/li>\n<li><strong>Tarjeta de Seguridad<\/strong><br \/>\nPara evitar copias no autorizadas de las llaves, el cilindro incluye una tarjeta de seguridad. Solo con esta tarjeta se pueden solicitar copias adicionales de las llaves, garantizando un control de acceso total. Incluye 3 llaves.<\/li>\n<li><strong>Sistema de Llave Reversible<\/strong><br \/>\nLas llaves reversibles del cilindro ofrecen mayor comodidad, permitiendo su inserci\u00f3n en cualquier orientaci\u00f3n.<\/li>\n<\/ul>\n<h3>Compatibilidad e Instalaci\u00f3n<\/h3>\n<p>El Cilindro Universal Nuki es compatible con los modelos de Smart Lock Nuki a partir de la versi\u00f3n 2.0, incluido el m\u00e1s reciente <strong>Smart Lock 4.0<\/strong>. Gracias a su sistema modular, es ideal para casi todas las puertas. Su instalaci\u00f3n es sencilla y no requiere asistencia profesional.<\/p>\n<p>Optimiza la seguridad y funcionalidad de tu puerta con el Cilindro Universal Nuki, la elecci\u00f3n perfecta para integrar con tu Smart Lock.<\/p>\n","protected":false},"excerpt":{"rendered":"<p>Cilindro Universal Nuki: Seguridad y Compatibilidad para Puertas con Cilindro Europeo El cilindro anti-p\u00e1nico permite tener una llave insertada en el lado interior y, aun as\u00ed, poder abrir desde el exterior con una llave f\u00edsica, lo cual es muy importante. Esto se debe a que el smartlock Nuki funciona siempre con una llave colocada en [&hellip;]<\/p>\n","protected":false},"featured_media":23604,"comment_status":"open","ping_status":"closed","template":"","meta":[],"product_brand":[],"product_cat":[240],"product_tag":[],"class_list":{"0":"post-23600","1":"product","2":"type-product","3":"status-publish","4":"has-post-thumbnail","6":"product_cat-cilindro-europeo","8":"first","9":"instock","10":"taxable","11":"shipping-taxable","12":"purchasable","13":"product-type-simple"},"yoast_head":"<!-- This site is optimized with the Yoast SEO plugin v27.2 - https:\/\/yoast.com\/product\/yoast-seo-wordpress\/ -->\n<title>Cilindro Universal Nuki - Doble Embrague - Homeit<\/title>\n<meta name=\"robots\" content=\"index, follow, max-snippet:-1, max-image-preview:large, max-video-preview:-1\" \/>\n<link rel=\"canonical\" href=\"https:\/\/homeit.io\/es\/tienda\/cerraduras-inteligentes\/cilindro-europeo\/cilindro-universal-nuki\/\" \/>\n<meta property=\"og:locale\" content=\"es_ES\" \/>\n<meta property=\"og:type\" content=\"article\" \/>\n<meta property=\"og:title\" content=\"Cilindro Universal Nuki - Doble Embrague - Homeit\" \/>\n<meta property=\"og:description\" content=\"Cilindro Universal Nuki: Seguridad y Compatibilidad para Puertas con Cilindro Europeo El cilindro anti-p\u00e1nico permite tener una llave insertada en el lado interior y, aun as\u00ed, poder abrir desde el exterior con una llave f\u00edsica, lo cual es muy importante. Esto se debe a que el smartlock Nuki funciona siempre con una llave colocada en [&hellip;]\" \/>\n<meta property=\"og:url\" content=\"https:\/\/homeit.io\/es\/tienda\/cerraduras-inteligentes\/cilindro-europeo\/cilindro-universal-nuki\/\" \/>\n<meta property=\"og:site_name\" content=\"Homeit\" \/>\n<meta property=\"article:publisher\" content=\"https:\/\/www.facebook.com\/homeit.kit\" \/>\n<meta property=\"article:modified_time\" content=\"2025-07-01T15:48:02+00:00\" \/>\n<meta property=\"og:image\" content=\"https:\/\/homeit.io\/wp-content\/uploads\/2023\/07\/universal-cylinder-1.jpg\" \/>\n\t<meta property=\"og:image:width\" content=\"1600\" \/>\n\t<meta property=\"og:image:height\" content=\"1600\" \/>\n\t<meta property=\"og:image:type\" content=\"image\/jpeg\" \/>\n<meta name=\"twitter:card\" content=\"summary_large_image\" \/>\n<meta name=\"twitter:label1\" content=\"Tiempo de lectura\" \/>\n\t<meta name=\"twitter:data1\" content=\"2 minutos\" \/>\n<script type=\"application\/ld+json\" class=\"yoast-schema-graph\">{\"@context\":\"https:\/\/schema.org\",\"@graph\":[{\"@type\":\"WebPage\",\"@id\":\"https:\/\/homeit.io\/es\/tienda\/cerraduras-inteligentes\/cilindro-europeo\/cilindro-universal-nuki\/\",\"url\":\"https:\/\/homeit.io\/es\/tienda\/cerraduras-inteligentes\/cilindro-europeo\/cilindro-universal-nuki\/\",\"name\":\"Cilindro Universal Nuki - Doble Embrague - Homeit\",\"isPartOf\":{\"@id\":\"https:\/\/homeit.io\/es\/#website\"},\"primaryImageOfPage\":{\"@id\":\"https:\/\/homeit.io\/es\/tienda\/cerraduras-inteligentes\/cilindro-europeo\/cilindro-universal-nuki\/#primaryimage\"},\"image\":{\"@id\":\"https:\/\/homeit.io\/es\/tienda\/cerraduras-inteligentes\/cilindro-europeo\/cilindro-universal-nuki\/#primaryimage\"},\"thumbnailUrl\":\"https:\/\/homeit.io\/wp-content\/uploads\/2023\/07\/universal-cylinder-1.jpg\",\"datePublished\":\"2023-07-20T10:22:33+00:00\",\"dateModified\":\"2025-07-01T15:48:02+00:00\",\"breadcrumb\":{\"@id\":\"https:\/\/homeit.io\/es\/tienda\/cerraduras-inteligentes\/cilindro-europeo\/cilindro-universal-nuki\/#breadcrumb\"},\"inLanguage\":\"es\",\"potentialAction\":[{\"@type\":\"ReadAction\",\"target\":[\"https:\/\/homeit.io\/es\/tienda\/cerraduras-inteligentes\/cilindro-europeo\/cilindro-universal-nuki\/\"]}]},{\"@type\":\"ImageObject\",\"inLanguage\":\"es\",\"@id\":\"https:\/\/homeit.io\/es\/tienda\/cerraduras-inteligentes\/cilindro-europeo\/cilindro-universal-nuki\/#primaryimage\",\"url\":\"https:\/\/homeit.io\/wp-content\/uploads\/2023\/07\/universal-cylinder-1.jpg\",\"contentUrl\":\"https:\/\/homeit.io\/wp-content\/uploads\/2023\/07\/universal-cylinder-1.jpg\",\"width\":1600,\"height\":1600},{\"@type\":\"BreadcrumbList\",\"@id\":\"https:\/\/homeit.io\/es\/tienda\/cerraduras-inteligentes\/cilindro-europeo\/cilindro-universal-nuki\/#breadcrumb\",\"itemListElement\":[{\"@type\":\"ListItem\",\"position\":1,\"name\":\"In\u00edcio\",\"item\":\"https:\/\/homeit.io\/es\/\"},{\"@type\":\"ListItem\",\"position\":2,\"name\":\"Productos\",\"item\":\"https:\/\/homeit.io\/es\/shop\/\"},{\"@type\":\"ListItem\",\"position\":3,\"name\":\"Cilindro Universal Nuki &#8211; Doble Embrague\"}]},{\"@type\":\"WebSite\",\"@id\":\"https:\/\/homeit.io\/es\/#website\",\"url\":\"https:\/\/homeit.io\/es\/\",\"name\":\"Homeit\",\"description\":\"Acessos Inteligentes\",\"publisher\":{\"@id\":\"https:\/\/homeit.io\/es\/#organization\"},\"potentialAction\":[{\"@type\":\"SearchAction\",\"target\":{\"@type\":\"EntryPoint\",\"urlTemplate\":\"https:\/\/homeit.io\/es\/?s={search_term_string}\"},\"query-input\":{\"@type\":\"PropertyValueSpecification\",\"valueRequired\":true,\"valueName\":\"search_term_string\"}}],\"inLanguage\":\"es\"},{\"@type\":\"Organization\",\"@id\":\"https:\/\/homeit.io\/es\/#organization\",\"name\":\"Homeit\",\"url\":\"https:\/\/homeit.io\/es\/\",\"logo\":{\"@type\":\"ImageObject\",\"inLanguage\":\"es\",\"@id\":\"https:\/\/homeit.io\/es\/#\/schema\/logo\/image\/\",\"url\":\"https:\/\/homeit.io\/wp-content\/uploads\/2022\/06\/homeit_PrimaryLogo.svg\",\"contentUrl\":\"https:\/\/homeit.io\/wp-content\/uploads\/2022\/06\/homeit_PrimaryLogo.svg\",\"caption\":\"Homeit\"},\"image\":{\"@id\":\"https:\/\/homeit.io\/es\/#\/schema\/logo\/image\/\"},\"sameAs\":[\"https:\/\/www.facebook.com\/homeit.kit\",\"https:\/\/www.instagram.com\/homeit.io\/\",\"https:\/\/www.linkedin.com\/company\/homeit\/\"]}]}<\/script>\n<!-- \/ Yoast SEO plugin. -->","yoast_head_json":{"title":"Cilindro Universal Nuki - Doble Embrague - Homeit","robots":{"index":"index","follow":"follow","max-snippet":"max-snippet:-1","max-image-preview":"max-image-preview:large","max-video-preview":"max-video-preview:-1"},"canonical":"https:\/\/homeit.io\/es\/tienda\/cerraduras-inteligentes\/cilindro-europeo\/cilindro-universal-nuki\/","og_locale":"es_ES","og_type":"article","og_title":"Cilindro Universal Nuki - Doble Embrague - Homeit","og_description":"Cilindro Universal Nuki: Seguridad y Compatibilidad para Puertas con Cilindro Europeo El cilindro anti-p\u00e1nico permite tener una llave insertada en el lado interior y, aun as\u00ed, poder abrir desde el exterior con una llave f\u00edsica, lo cual es muy importante. Esto se debe a que el smartlock Nuki funciona siempre con una llave colocada en [&hellip;]","og_url":"https:\/\/homeit.io\/es\/tienda\/cerraduras-inteligentes\/cilindro-europeo\/cilindro-universal-nuki\/","og_site_name":"Homeit","article_publisher":"https:\/\/www.facebook.com\/homeit.kit","article_modified_time":"2025-07-01T15:48:02+00:00","og_image":[{"width":1600,"height":1600,"url":"https:\/\/homeit.io\/wp-content\/uploads\/2023\/07\/universal-cylinder-1.jpg","type":"image\/jpeg"}],"twitter_card":"summary_large_image","twitter_misc":{"Tiempo de lectura":"2 minutos"},"schema":{"@context":"https:\/\/schema.org","@graph":[{"@type":"WebPage","@id":"https:\/\/homeit.io\/es\/tienda\/cerraduras-inteligentes\/cilindro-europeo\/cilindro-universal-nuki\/","url":"https:\/\/homeit.io\/es\/tienda\/cerraduras-inteligentes\/cilindro-europeo\/cilindro-universal-nuki\/","name":"Cilindro Universal Nuki - Doble Embrague - Homeit","isPartOf":{"@id":"https:\/\/homeit.io\/es\/#website"},"primaryImageOfPage":{"@id":"https:\/\/homeit.io\/es\/tienda\/cerraduras-inteligentes\/cilindro-europeo\/cilindro-universal-nuki\/#primaryimage"},"image":{"@id":"https:\/\/homeit.io\/es\/tienda\/cerraduras-inteligentes\/cilindro-europeo\/cilindro-universal-nuki\/#primaryimage"},"thumbnailUrl":"https:\/\/homeit.io\/wp-content\/uploads\/2023\/07\/universal-cylinder-1.jpg","datePublished":"2023-07-20T10:22:33+00:00","dateModified":"2025-07-01T15:48:02+00:00","breadcrumb":{"@id":"https:\/\/homeit.io\/es\/tienda\/cerraduras-inteligentes\/cilindro-europeo\/cilindro-universal-nuki\/#breadcrumb"},"inLanguage":"es","potentialAction":[{"@type":"ReadAction","target":["https:\/\/homeit.io\/es\/tienda\/cerraduras-inteligentes\/cilindro-europeo\/cilindro-universal-nuki\/"]}]},{"@type":"ImageObject","inLanguage":"es","@id":"https:\/\/homeit.io\/es\/tienda\/cerraduras-inteligentes\/cilindro-europeo\/cilindro-universal-nuki\/#primaryimage","url":"https:\/\/homeit.io\/wp-content\/uploads\/2023\/07\/universal-cylinder-1.jpg","contentUrl":"https:\/\/homeit.io\/wp-content\/uploads\/2023\/07\/universal-cylinder-1.jpg","width":1600,"height":1600},{"@type":"BreadcrumbList","@id":"https:\/\/homeit.io\/es\/tienda\/cerraduras-inteligentes\/cilindro-europeo\/cilindro-universal-nuki\/#breadcrumb","itemListElement":[{"@type":"ListItem","position":1,"name":"In\u00edcio","item":"https:\/\/homeit.io\/es\/"},{"@type":"ListItem","position":2,"name":"Productos","item":"https:\/\/homeit.io\/es\/shop\/"},{"@type":"ListItem","position":3,"name":"Cilindro Universal Nuki &#8211; Doble Embrague"}]},{"@type":"WebSite","@id":"https:\/\/homeit.io\/es\/#website","url":"https:\/\/homeit.io\/es\/","name":"Homeit","description":"Acessos Inteligentes","publisher":{"@id":"https:\/\/homeit.io\/es\/#organization"},"potentialAction":[{"@type":"SearchAction","target":{"@type":"EntryPoint","urlTemplate":"https:\/\/homeit.io\/es\/?s={search_term_string}"},"query-input":{"@type":"PropertyValueSpecification","valueRequired":true,"valueName":"search_term_string"}}],"inLanguage":"es"},{"@type":"Organization","@id":"https:\/\/homeit.io\/es\/#organization","name":"Homeit","url":"https:\/\/homeit.io\/es\/","logo":{"@type":"ImageObject","inLanguage":"es","@id":"https:\/\/homeit.io\/es\/#\/schema\/logo\/image\/","url":"https:\/\/homeit.io\/wp-content\/uploads\/2022\/06\/homeit_PrimaryLogo.svg","contentUrl":"https:\/\/homeit.io\/wp-content\/uploads\/2022\/06\/homeit_PrimaryLogo.svg","caption":"Homeit"},"image":{"@id":"https:\/\/homeit.io\/es\/#\/schema\/logo\/image\/"},"sameAs":["https:\/\/www.facebook.com\/homeit.kit","https:\/\/www.instagram.com\/homeit.io\/","https:\/\/www.linkedin.com\/company\/homeit\/"]}]}},"_links":{"self":[{"href":"https:\/\/homeit.io\/es\/wp-json\/wp\/v2\/product\/23600","targetHints":{"allow":["GET"]}}],"collection":[{"href":"https:\/\/homeit.io\/es\/wp-json\/wp\/v2\/product"}],"about":[{"href":"https:\/\/homeit.io\/es\/wp-json\/wp\/v2\/types\/product"}],"replies":[{"embeddable":true,"href":"https:\/\/homeit.io\/es\/wp-json\/wp\/v2\/comments?post=23600"}],"version-history":[{"count":0,"href":"https:\/\/homeit.io\/es\/wp-json\/wp\/v2\/product\/23600\/revisions"}],"wp:featuredmedia":[{"embeddable":true,"href":"https:\/\/homeit.io\/es\/wp-json\/wp\/v2\/media\/23604"}],"wp:attachment":[{"href":"https:\/\/homeit.io\/es\/wp-json\/wp\/v2\/media?parent=23600"}],"wp:term":[{"taxonomy":"product_brand","embeddable":true,"href":"https:\/\/homeit.io\/es\/wp-json\/wp\/v2\/product_brand?post=23600"},{"taxonomy":"product_cat","embeddable":true,"href":"https:\/\/homeit.io\/es\/wp-json\/wp\/v2\/product_cat?post=23600"},{"taxonomy":"product_tag","embeddable":true,"href":"https:\/\/homeit.io\/es\/wp-json\/wp\/v2\/product_tag?post=23600"}],"curies":[{"name":"wp","href":"https:\/\/api.w.org\/{rel}","templated":true}]}}