{"id":24737,"date":"2023-09-15T10:07:06","date_gmt":"2023-09-15T10:07:06","guid":{"rendered":"https:\/\/homeit.io\/loja\/sin%20categor\u00eda\/homeit-intercom-fingerbot\/"},"modified":"2023-09-26T13:50:27","modified_gmt":"2023-09-26T13:50:27","slug":"homeit-intercom-fingerbot","status":"publish","type":"product","link":"https:\/\/homeit.io\/es\/tienda\/sin categor\u00eda\/homeit-intercom-fingerbot\/","title":{"rendered":"homeit Intercom Fingerbot"},"content":{"rendered":"<p>El nuevo fingerbot de Homeit te permite conectarte al portero de tu casa, incluso si es digital con botones <em>touch<\/em>. De esta forma, la puerta de entrada se podr\u00e1 abrir a trav\u00e9s de la APP web. Se conecta con 2 cables al homeit BOX para una conexi\u00f3n estable sin necesidad de bater\u00edas.<\/p>\n","protected":false},"excerpt":{"rendered":"<p>El nuevo fingerbot de Homeit te permite conectarte al portero de tu casa, incluso si es digital con botones touch. De esta forma, la puerta de entrada se podr\u00e1 abrir a trav\u00e9s de la APP web. Se conecta con 2 cables al homeit BOX para una conexi\u00f3n estable sin necesidad de bater\u00edas.<\/p>\n","protected":false},"featured_media":24736,"comment_status":"open","ping_status":"closed","template":"","meta":[],"product_brand":[],"product_cat":[],"product_tag":[],"class_list":{"0":"post-24737","1":"product","2":"type-product","3":"status-publish","4":"has-post-thumbnail","7":"first","8":"instock","9":"sale","10":"taxable","11":"shipping-taxable","12":"purchasable","13":"product-type-simple"},"yoast_head":"<!-- This site is optimized with the Yoast SEO plugin v27.4 - https:\/\/yoast.com\/product\/yoast-seo-wordpress\/ -->\n<title>homeit Intercom Fingerbot - Homeit<\/title>\n<meta name=\"robots\" content=\"index, follow, max-snippet:-1, max-image-preview:large, max-video-preview:-1\" \/>\n<link rel=\"canonical\" href=\"https:\/\/homeit.io\/es\/tienda\/sin%20categor\u00eda\/homeit-intercom-fingerbot\/\" \/>\n<meta property=\"og:locale\" content=\"es_ES\" \/>\n<meta property=\"og:type\" content=\"article\" \/>\n<meta property=\"og:title\" content=\"homeit Intercom Fingerbot - Homeit\" \/>\n<meta property=\"og:description\" content=\"El nuevo fingerbot de Homeit te permite conectarte al portero de tu casa, incluso si es digital con botones touch. De esta forma, la puerta de entrada se podr\u00e1 abrir a trav\u00e9s de la APP web. Se conecta con 2 cables al homeit BOX para una conexi\u00f3n estable sin necesidad de bater\u00edas.\" \/>\n<meta property=\"og:url\" content=\"https:\/\/homeit.io\/es\/tienda\/sin categor\u00eda\/homeit-intercom-fingerbot\/\" \/>\n<meta property=\"og:site_name\" content=\"Homeit\" \/>\n<meta property=\"article:publisher\" content=\"https:\/\/www.facebook.com\/homeit.kit\" \/>\n<meta property=\"article:modified_time\" content=\"2023-09-26T13:50:27+00:00\" \/>\n<meta property=\"og:image\" content=\"https:\/\/homeit.io\/wp-content\/uploads\/2023\/09\/Tuya-Smart-Finger-Robot-Switch-Bot-o-de-Bra-os-Mec-nicos-Controle-Cubetouch-Bluetooth-Smart.jpg___1_-removebg-preview-1-e1694772282599.png\" \/>\n\t<meta property=\"og:image:width\" content=\"500\" \/>\n\t<meta property=\"og:image:height\" content=\"500\" \/>\n\t<meta property=\"og:image:type\" content=\"image\/png\" \/>\n<meta name=\"twitter:card\" content=\"summary_large_image\" \/>\n<script type=\"application\/ld+json\" class=\"yoast-schema-graph\">{\"@context\":\"https:\\\/\\\/schema.org\",\"@graph\":[{\"@type\":\"WebPage\",\"@id\":\"https:\\\/\\\/homeit.io\\\/es\\\/tienda\\\/sin categor\u00eda\\\/homeit-intercom-fingerbot\\\/\",\"url\":\"https:\\\/\\\/homeit.io\\\/es\\\/tienda\\\/sin categor\u00eda\\\/homeit-intercom-fingerbot\\\/\",\"name\":\"homeit Intercom Fingerbot - Homeit\",\"isPartOf\":{\"@id\":\"https:\\\/\\\/homeit.io\\\/es\\\/#website\"},\"primaryImageOfPage\":{\"@id\":\"https:\\\/\\\/homeit.io\\\/es\\\/tienda\\\/sin categor\u00eda\\\/homeit-intercom-fingerbot\\\/#primaryimage\"},\"image\":{\"@id\":\"https:\\\/\\\/homeit.io\\\/es\\\/tienda\\\/sin categor\u00eda\\\/homeit-intercom-fingerbot\\\/#primaryimage\"},\"thumbnailUrl\":\"https:\\\/\\\/homeit.io\\\/wp-content\\\/uploads\\\/2023\\\/09\\\/Tuya-Smart-Finger-Robot-Switch-Bot-o-de-Bra-os-Mec-nicos-Controle-Cubetouch-Bluetooth-Smart.jpg___1_-removebg-preview-1-e1694772282599.png\",\"datePublished\":\"2023-09-15T10:07:06+00:00\",\"dateModified\":\"2023-09-26T13:50:27+00:00\",\"breadcrumb\":{\"@id\":\"https:\\\/\\\/homeit.io\\\/es\\\/tienda\\\/sin categor\u00eda\\\/homeit-intercom-fingerbot\\\/#breadcrumb\"},\"inLanguage\":\"es\",\"potentialAction\":[{\"@type\":\"ReadAction\",\"target\":[\"https:\\\/\\\/homeit.io\\\/es\\\/tienda\\\/sin categor\u00eda\\\/homeit-intercom-fingerbot\\\/\"]}]},{\"@type\":\"ImageObject\",\"inLanguage\":\"es\",\"@id\":\"https:\\\/\\\/homeit.io\\\/es\\\/tienda\\\/sin categor\u00eda\\\/homeit-intercom-fingerbot\\\/#primaryimage\",\"url\":\"https:\\\/\\\/homeit.io\\\/wp-content\\\/uploads\\\/2023\\\/09\\\/Tuya-Smart-Finger-Robot-Switch-Bot-o-de-Bra-os-Mec-nicos-Controle-Cubetouch-Bluetooth-Smart.jpg___1_-removebg-preview-1-e1694772282599.png\",\"contentUrl\":\"https:\\\/\\\/homeit.io\\\/wp-content\\\/uploads\\\/2023\\\/09\\\/Tuya-Smart-Finger-Robot-Switch-Bot-o-de-Bra-os-Mec-nicos-Controle-Cubetouch-Bluetooth-Smart.jpg___1_-removebg-preview-1-e1694772282599.png\",\"width\":500,\"height\":500},{\"@type\":\"BreadcrumbList\",\"@id\":\"https:\\\/\\\/homeit.io\\\/es\\\/tienda\\\/sin categor\u00eda\\\/homeit-intercom-fingerbot\\\/#breadcrumb\",\"itemListElement\":[{\"@type\":\"ListItem\",\"position\":1,\"name\":\"In\u00edcio\",\"item\":\"https:\\\/\\\/homeit.io\\\/es\\\/\"},{\"@type\":\"ListItem\",\"position\":2,\"name\":\"Productos\",\"item\":\"https:\\\/\\\/homeit.io\\\/es\\\/shop\\\/\"},{\"@type\":\"ListItem\",\"position\":3,\"name\":\"homeit Intercom Fingerbot\"}]},{\"@type\":\"WebSite\",\"@id\":\"https:\\\/\\\/homeit.io\\\/es\\\/#website\",\"url\":\"https:\\\/\\\/homeit.io\\\/es\\\/\",\"name\":\"Homeit\",\"description\":\"Acessos Inteligentes\",\"publisher\":{\"@id\":\"https:\\\/\\\/homeit.io\\\/es\\\/#organization\"},\"potentialAction\":[{\"@type\":\"SearchAction\",\"target\":{\"@type\":\"EntryPoint\",\"urlTemplate\":\"https:\\\/\\\/homeit.io\\\/es\\\/?s={search_term_string}\"},\"query-input\":{\"@type\":\"PropertyValueSpecification\",\"valueRequired\":true,\"valueName\":\"search_term_string\"}}],\"inLanguage\":\"es\"},{\"@type\":\"Organization\",\"@id\":\"https:\\\/\\\/homeit.io\\\/es\\\/#organization\",\"name\":\"Homeit\",\"url\":\"https:\\\/\\\/homeit.io\\\/es\\\/\",\"logo\":{\"@type\":\"ImageObject\",\"inLanguage\":\"es\",\"@id\":\"https:\\\/\\\/homeit.io\\\/es\\\/#\\\/schema\\\/logo\\\/image\\\/\",\"url\":\"https:\\\/\\\/homeit.io\\\/wp-content\\\/uploads\\\/2022\\\/06\\\/homeit_PrimaryLogo.svg\",\"contentUrl\":\"https:\\\/\\\/homeit.io\\\/wp-content\\\/uploads\\\/2022\\\/06\\\/homeit_PrimaryLogo.svg\",\"caption\":\"Homeit\"},\"image\":{\"@id\":\"https:\\\/\\\/homeit.io\\\/es\\\/#\\\/schema\\\/logo\\\/image\\\/\"},\"sameAs\":[\"https:\\\/\\\/www.facebook.com\\\/homeit.kit\",\"https:\\\/\\\/www.instagram.com\\\/homeit.io\\\/\",\"https:\\\/\\\/www.linkedin.com\\\/company\\\/homeit\\\/\"]}]}<\/script>\n<!-- \/ Yoast SEO plugin. -->","yoast_head_json":{"title":"homeit Intercom Fingerbot - Homeit","robots":{"index":"index","follow":"follow","max-snippet":"max-snippet:-1","max-image-preview":"max-image-preview:large","max-video-preview":"max-video-preview:-1"},"canonical":"https:\/\/homeit.io\/es\/tienda\/sin categor\u00eda\/homeit-intercom-fingerbot\/","og_locale":"es_ES","og_type":"article","og_title":"homeit Intercom Fingerbot - Homeit","og_description":"El nuevo fingerbot de Homeit te permite conectarte al portero de tu casa, incluso si es digital con botones touch. De esta forma, la puerta de entrada se podr\u00e1 abrir a trav\u00e9s de la APP web. Se conecta con 2 cables al homeit BOX para una conexi\u00f3n estable sin necesidad de bater\u00edas.","og_url":"https:\/\/homeit.io\/es\/tienda\/sin categor\u00eda\/homeit-intercom-fingerbot\/","og_site_name":"Homeit","article_publisher":"https:\/\/www.facebook.com\/homeit.kit","article_modified_time":"2023-09-26T13:50:27+00:00","og_image":[{"width":500,"height":500,"url":"https:\/\/homeit.io\/wp-content\/uploads\/2023\/09\/Tuya-Smart-Finger-Robot-Switch-Bot-o-de-Bra-os-Mec-nicos-Controle-Cubetouch-Bluetooth-Smart.jpg___1_-removebg-preview-1-e1694772282599.png","type":"image\/png"}],"twitter_card":"summary_large_image","schema":{"@context":"https:\/\/schema.org","@graph":[{"@type":"WebPage","@id":"https:\/\/homeit.io\/es\/tienda\/sin categor\u00eda\/homeit-intercom-fingerbot\/","url":"https:\/\/homeit.io\/es\/tienda\/sin categor\u00eda\/homeit-intercom-fingerbot\/","name":"homeit Intercom Fingerbot - Homeit","isPartOf":{"@id":"https:\/\/homeit.io\/es\/#website"},"primaryImageOfPage":{"@id":"https:\/\/homeit.io\/es\/tienda\/sin categor\u00eda\/homeit-intercom-fingerbot\/#primaryimage"},"image":{"@id":"https:\/\/homeit.io\/es\/tienda\/sin categor\u00eda\/homeit-intercom-fingerbot\/#primaryimage"},"thumbnailUrl":"https:\/\/homeit.io\/wp-content\/uploads\/2023\/09\/Tuya-Smart-Finger-Robot-Switch-Bot-o-de-Bra-os-Mec-nicos-Controle-Cubetouch-Bluetooth-Smart.jpg___1_-removebg-preview-1-e1694772282599.png","datePublished":"2023-09-15T10:07:06+00:00","dateModified":"2023-09-26T13:50:27+00:00","breadcrumb":{"@id":"https:\/\/homeit.io\/es\/tienda\/sin categor\u00eda\/homeit-intercom-fingerbot\/#breadcrumb"},"inLanguage":"es","potentialAction":[{"@type":"ReadAction","target":["https:\/\/homeit.io\/es\/tienda\/sin categor\u00eda\/homeit-intercom-fingerbot\/"]}]},{"@type":"ImageObject","inLanguage":"es","@id":"https:\/\/homeit.io\/es\/tienda\/sin categor\u00eda\/homeit-intercom-fingerbot\/#primaryimage","url":"https:\/\/homeit.io\/wp-content\/uploads\/2023\/09\/Tuya-Smart-Finger-Robot-Switch-Bot-o-de-Bra-os-Mec-nicos-Controle-Cubetouch-Bluetooth-Smart.jpg___1_-removebg-preview-1-e1694772282599.png","contentUrl":"https:\/\/homeit.io\/wp-content\/uploads\/2023\/09\/Tuya-Smart-Finger-Robot-Switch-Bot-o-de-Bra-os-Mec-nicos-Controle-Cubetouch-Bluetooth-Smart.jpg___1_-removebg-preview-1-e1694772282599.png","width":500,"height":500},{"@type":"BreadcrumbList","@id":"https:\/\/homeit.io\/es\/tienda\/sin categor\u00eda\/homeit-intercom-fingerbot\/#breadcrumb","itemListElement":[{"@type":"ListItem","position":1,"name":"In\u00edcio","item":"https:\/\/homeit.io\/es\/"},{"@type":"ListItem","position":2,"name":"Productos","item":"https:\/\/homeit.io\/es\/shop\/"},{"@type":"ListItem","position":3,"name":"homeit Intercom Fingerbot"}]},{"@type":"WebSite","@id":"https:\/\/homeit.io\/es\/#website","url":"https:\/\/homeit.io\/es\/","name":"Homeit","description":"Acessos Inteligentes","publisher":{"@id":"https:\/\/homeit.io\/es\/#organization"},"potentialAction":[{"@type":"SearchAction","target":{"@type":"EntryPoint","urlTemplate":"https:\/\/homeit.io\/es\/?s={search_term_string}"},"query-input":{"@type":"PropertyValueSpecification","valueRequired":true,"valueName":"search_term_string"}}],"inLanguage":"es"},{"@type":"Organization","@id":"https:\/\/homeit.io\/es\/#organization","name":"Homeit","url":"https:\/\/homeit.io\/es\/","logo":{"@type":"ImageObject","inLanguage":"es","@id":"https:\/\/homeit.io\/es\/#\/schema\/logo\/image\/","url":"https:\/\/homeit.io\/wp-content\/uploads\/2022\/06\/homeit_PrimaryLogo.svg","contentUrl":"https:\/\/homeit.io\/wp-content\/uploads\/2022\/06\/homeit_PrimaryLogo.svg","caption":"Homeit"},"image":{"@id":"https:\/\/homeit.io\/es\/#\/schema\/logo\/image\/"},"sameAs":["https:\/\/www.facebook.com\/homeit.kit","https:\/\/www.instagram.com\/homeit.io\/","https:\/\/www.linkedin.com\/company\/homeit\/"]}]}},"_links":{"self":[{"href":"https:\/\/homeit.io\/es\/wp-json\/wp\/v2\/product\/24737","targetHints":{"allow":["GET"]}}],"collection":[{"href":"https:\/\/homeit.io\/es\/wp-json\/wp\/v2\/product"}],"about":[{"href":"https:\/\/homeit.io\/es\/wp-json\/wp\/v2\/types\/product"}],"replies":[{"embeddable":true,"href":"https:\/\/homeit.io\/es\/wp-json\/wp\/v2\/comments?post=24737"}],"version-history":[{"count":0,"href":"https:\/\/homeit.io\/es\/wp-json\/wp\/v2\/product\/24737\/revisions"}],"wp:featuredmedia":[{"embeddable":true,"href":"https:\/\/homeit.io\/es\/wp-json\/wp\/v2\/media\/24736"}],"wp:attachment":[{"href":"https:\/\/homeit.io\/es\/wp-json\/wp\/v2\/media?parent=24737"}],"wp:term":[{"taxonomy":"product_brand","embeddable":true,"href":"https:\/\/homeit.io\/es\/wp-json\/wp\/v2\/product_brand?post=24737"},{"taxonomy":"product_cat","embeddable":true,"href":"https:\/\/homeit.io\/es\/wp-json\/wp\/v2\/product_cat?post=24737"},{"taxonomy":"product_tag","embeddable":true,"href":"https:\/\/homeit.io\/es\/wp-json\/wp\/v2\/product_tag?post=24737"}],"curies":[{"name":"wp","href":"https:\/\/api.w.org\/{rel}","templated":true}]}}