{"id":36116,"date":"2025-09-08T10:21:59","date_gmt":"2025-09-08T10:21:59","guid":{"rendered":"https:\/\/homeit.io\/loja\/sin categor\u00eda\/nuki-go\/"},"modified":"2025-09-08T10:21:59","modified_gmt":"2025-09-08T10:21:59","slug":"nuki-go","status":"publish","type":"product","link":"https:\/\/homeit.io\/es\/tienda\/cerraduras-inteligentes\/nuki-go\/","title":{"rendered":"Nuki Go"},"content":{"rendered":"<p>El <strong>Nuki Smart Lock Go<\/strong> es la versi\u00f3n de entrada m\u00e1s reciente de Nuki, pensada para quienes buscan una soluci\u00f3n sencilla y r\u00e1pida de instalar.<br \/>Las principales novedades en comparaci\u00f3n con el<strong> Nuki 4.0<\/strong> son:<\/p>\n<ul>\n<li><strong>Instalaci\u00f3n ultrarr\u00e1pida<\/strong>: se acopla directamente al cilindro, sin modificaciones en la puerta.<\/li>\n<li><strong>Compatibilidad con Matter y Thread<\/strong>: integraci\u00f3n sencilla con ecosistemas de hogar inteligente.<\/li>\n<li><strong>Acceso remoto opcional<\/strong>: se puede activar con un pago \u00fanico (49 &nbsp;\u20ac) a trav\u00e9s de la app de Nuki. Requiere un router de borde Thread o un gateway de hogar inteligente (p. ej., Amazon Alexa). <\/li>\n<li><strong>Fuente de energ\u00eda<\/strong>: funciona con 4 pilas AA (opcionalmente se puede usar el Nuki Power Pack recargable).<\/li>\n<\/ul>\n<p>Mientras que el <strong>Nuki 4.0<\/strong> mantiene un funcionamiento similar, este ofrece:<\/p>\n<ul>\n<li>Mayor eficiencia energ\u00e9tica (hasta un 30 % m\u00e1s de autonom\u00eda).<\/li>\n<li>Conectividad mediante Bluetooth 5, Matter y Thread.<\/li>\n<\/ul>\n","protected":false},"excerpt":{"rendered":"<p>El Nuki Smart Lock Go es la versi\u00f3n de entrada m\u00e1s reciente de Nuki, pensada para quienes buscan una soluci\u00f3n sencilla y r\u00e1pida de instalar.Las principales novedades en comparaci\u00f3n con el Nuki 4.0 son: Instalaci\u00f3n ultrarr\u00e1pida: se acopla directamente al cilindro, sin modificaciones en la puerta. Compatibilidad con Matter y Thread: integraci\u00f3n sencilla con ecosistemas [&hellip;]<\/p>\n","protected":false},"featured_media":13634,"comment_status":"open","ping_status":"closed","template":"","meta":[],"product_brand":[],"product_cat":[179],"product_tag":[],"class_list":{"0":"post-36116","1":"product","2":"type-product","3":"status-publish","4":"has-post-thumbnail","6":"product_cat-cerraduras-inteligentes","8":"first","9":"instock","10":"taxable","11":"shipping-taxable","12":"purchasable","13":"product-type-simple"},"yoast_head":"<!-- This site is optimized with the Yoast SEO plugin v27.5 - https:\/\/yoast.com\/product\/yoast-seo-wordpress\/ -->\n<title>Nuki Go - Homeit<\/title>\n<meta name=\"robots\" content=\"index, follow, max-snippet:-1, max-image-preview:large, max-video-preview:-1\" \/>\n<link rel=\"canonical\" href=\"https:\/\/homeit.io\/es\/tienda\/cerraduras-inteligentes\/nuki-go\/\" \/>\n<meta property=\"og:locale\" content=\"es_ES\" \/>\n<meta property=\"og:type\" content=\"article\" \/>\n<meta property=\"og:title\" content=\"Nuki Go - Homeit\" \/>\n<meta property=\"og:description\" content=\"El Nuki Smart Lock Go es la versi\u00f3n de entrada m\u00e1s reciente de Nuki, pensada para quienes buscan una soluci\u00f3n sencilla y r\u00e1pida de instalar.Las principales novedades en comparaci\u00f3n con el Nuki 4.0 son: Instalaci\u00f3n ultrarr\u00e1pida: se acopla directamente al cilindro, sin modificaciones en la puerta. Compatibilidad con Matter y Thread: integraci\u00f3n sencilla con ecosistemas [&hellip;]\" \/>\n<meta property=\"og:url\" content=\"https:\/\/homeit.io\/es\/tienda\/cerraduras-inteligentes\/nuki-go\/\" \/>\n<meta property=\"og:site_name\" content=\"Homeit\" \/>\n<meta property=\"article:publisher\" content=\"https:\/\/www.facebook.com\/homeit.kit\" \/>\n<meta property=\"og:image\" content=\"https:\/\/homeit.io\/wp-content\/uploads\/2022\/05\/homeit-nuki-3-0.jpg\" \/>\n\t<meta property=\"og:image:width\" content=\"800\" \/>\n\t<meta property=\"og:image:height\" content=\"800\" \/>\n\t<meta property=\"og:image:type\" content=\"image\/jpeg\" \/>\n<meta name=\"twitter:card\" content=\"summary_large_image\" \/>\n<meta name=\"twitter:label1\" content=\"Tiempo de lectura\" \/>\n\t<meta name=\"twitter:data1\" content=\"1 minuto\" \/>\n<script type=\"application\/ld+json\" class=\"yoast-schema-graph\">{\"@context\":\"https:\\\/\\\/schema.org\",\"@graph\":[{\"@type\":\"WebPage\",\"@id\":\"https:\\\/\\\/homeit.io\\\/es\\\/tienda\\\/cerraduras-inteligentes\\\/nuki-go\\\/\",\"url\":\"https:\\\/\\\/homeit.io\\\/es\\\/tienda\\\/cerraduras-inteligentes\\\/nuki-go\\\/\",\"name\":\"Nuki Go - Homeit\",\"isPartOf\":{\"@id\":\"https:\\\/\\\/homeit.io\\\/es\\\/#website\"},\"primaryImageOfPage\":{\"@id\":\"https:\\\/\\\/homeit.io\\\/es\\\/tienda\\\/cerraduras-inteligentes\\\/nuki-go\\\/#primaryimage\"},\"image\":{\"@id\":\"https:\\\/\\\/homeit.io\\\/es\\\/tienda\\\/cerraduras-inteligentes\\\/nuki-go\\\/#primaryimage\"},\"thumbnailUrl\":\"https:\\\/\\\/homeit.io\\\/wp-content\\\/uploads\\\/2022\\\/05\\\/homeit-nuki-3-0.jpg\",\"datePublished\":\"2025-09-08T10:21:59+00:00\",\"breadcrumb\":{\"@id\":\"https:\\\/\\\/homeit.io\\\/es\\\/tienda\\\/cerraduras-inteligentes\\\/nuki-go\\\/#breadcrumb\"},\"inLanguage\":\"es\",\"potentialAction\":[{\"@type\":\"ReadAction\",\"target\":[\"https:\\\/\\\/homeit.io\\\/es\\\/tienda\\\/cerraduras-inteligentes\\\/nuki-go\\\/\"]}]},{\"@type\":\"ImageObject\",\"inLanguage\":\"es\",\"@id\":\"https:\\\/\\\/homeit.io\\\/es\\\/tienda\\\/cerraduras-inteligentes\\\/nuki-go\\\/#primaryimage\",\"url\":\"https:\\\/\\\/homeit.io\\\/wp-content\\\/uploads\\\/2022\\\/05\\\/homeit-nuki-3-0.jpg\",\"contentUrl\":\"https:\\\/\\\/homeit.io\\\/wp-content\\\/uploads\\\/2022\\\/05\\\/homeit-nuki-3-0.jpg\",\"width\":800,\"height\":800,\"caption\":\"Nuki Go\"},{\"@type\":\"BreadcrumbList\",\"@id\":\"https:\\\/\\\/homeit.io\\\/es\\\/tienda\\\/cerraduras-inteligentes\\\/nuki-go\\\/#breadcrumb\",\"itemListElement\":[{\"@type\":\"ListItem\",\"position\":1,\"name\":\"In\u00edcio\",\"item\":\"https:\\\/\\\/homeit.io\\\/es\\\/\"},{\"@type\":\"ListItem\",\"position\":2,\"name\":\"Productos\",\"item\":\"https:\\\/\\\/homeit.io\\\/es\\\/shop\\\/\"},{\"@type\":\"ListItem\",\"position\":3,\"name\":\"Nuki Go\"}]},{\"@type\":\"WebSite\",\"@id\":\"https:\\\/\\\/homeit.io\\\/es\\\/#website\",\"url\":\"https:\\\/\\\/homeit.io\\\/es\\\/\",\"name\":\"Homeit\",\"description\":\"Acessos Inteligentes\",\"publisher\":{\"@id\":\"https:\\\/\\\/homeit.io\\\/es\\\/#organization\"},\"potentialAction\":[{\"@type\":\"SearchAction\",\"target\":{\"@type\":\"EntryPoint\",\"urlTemplate\":\"https:\\\/\\\/homeit.io\\\/es\\\/?s={search_term_string}\"},\"query-input\":{\"@type\":\"PropertyValueSpecification\",\"valueRequired\":true,\"valueName\":\"search_term_string\"}}],\"inLanguage\":\"es\"},{\"@type\":\"Organization\",\"@id\":\"https:\\\/\\\/homeit.io\\\/es\\\/#organization\",\"name\":\"Homeit\",\"url\":\"https:\\\/\\\/homeit.io\\\/es\\\/\",\"logo\":{\"@type\":\"ImageObject\",\"inLanguage\":\"es\",\"@id\":\"https:\\\/\\\/homeit.io\\\/es\\\/#\\\/schema\\\/logo\\\/image\\\/\",\"url\":\"https:\\\/\\\/homeit.io\\\/wp-content\\\/uploads\\\/2022\\\/06\\\/homeit_PrimaryLogo.svg\",\"contentUrl\":\"https:\\\/\\\/homeit.io\\\/wp-content\\\/uploads\\\/2022\\\/06\\\/homeit_PrimaryLogo.svg\",\"caption\":\"Homeit\"},\"image\":{\"@id\":\"https:\\\/\\\/homeit.io\\\/es\\\/#\\\/schema\\\/logo\\\/image\\\/\"},\"sameAs\":[\"https:\\\/\\\/www.facebook.com\\\/homeit.kit\",\"https:\\\/\\\/www.instagram.com\\\/homeit.io\\\/\",\"https:\\\/\\\/www.linkedin.com\\\/company\\\/homeit\\\/\"]}]}<\/script>\n<!-- \/ Yoast SEO plugin. -->","yoast_head_json":{"title":"Nuki Go - Homeit","robots":{"index":"index","follow":"follow","max-snippet":"max-snippet:-1","max-image-preview":"max-image-preview:large","max-video-preview":"max-video-preview:-1"},"canonical":"https:\/\/homeit.io\/es\/tienda\/cerraduras-inteligentes\/nuki-go\/","og_locale":"es_ES","og_type":"article","og_title":"Nuki Go - Homeit","og_description":"El Nuki Smart Lock Go es la versi\u00f3n de entrada m\u00e1s reciente de Nuki, pensada para quienes buscan una soluci\u00f3n sencilla y r\u00e1pida de instalar.Las principales novedades en comparaci\u00f3n con el Nuki 4.0 son: Instalaci\u00f3n ultrarr\u00e1pida: se acopla directamente al cilindro, sin modificaciones en la puerta. Compatibilidad con Matter y Thread: integraci\u00f3n sencilla con ecosistemas [&hellip;]","og_url":"https:\/\/homeit.io\/es\/tienda\/cerraduras-inteligentes\/nuki-go\/","og_site_name":"Homeit","article_publisher":"https:\/\/www.facebook.com\/homeit.kit","og_image":[{"width":800,"height":800,"url":"https:\/\/homeit.io\/wp-content\/uploads\/2022\/05\/homeit-nuki-3-0.jpg","type":"image\/jpeg"}],"twitter_card":"summary_large_image","twitter_misc":{"Tiempo de lectura":"1 minuto"},"schema":{"@context":"https:\/\/schema.org","@graph":[{"@type":"WebPage","@id":"https:\/\/homeit.io\/es\/tienda\/cerraduras-inteligentes\/nuki-go\/","url":"https:\/\/homeit.io\/es\/tienda\/cerraduras-inteligentes\/nuki-go\/","name":"Nuki Go - Homeit","isPartOf":{"@id":"https:\/\/homeit.io\/es\/#website"},"primaryImageOfPage":{"@id":"https:\/\/homeit.io\/es\/tienda\/cerraduras-inteligentes\/nuki-go\/#primaryimage"},"image":{"@id":"https:\/\/homeit.io\/es\/tienda\/cerraduras-inteligentes\/nuki-go\/#primaryimage"},"thumbnailUrl":"https:\/\/homeit.io\/wp-content\/uploads\/2022\/05\/homeit-nuki-3-0.jpg","datePublished":"2025-09-08T10:21:59+00:00","breadcrumb":{"@id":"https:\/\/homeit.io\/es\/tienda\/cerraduras-inteligentes\/nuki-go\/#breadcrumb"},"inLanguage":"es","potentialAction":[{"@type":"ReadAction","target":["https:\/\/homeit.io\/es\/tienda\/cerraduras-inteligentes\/nuki-go\/"]}]},{"@type":"ImageObject","inLanguage":"es","@id":"https:\/\/homeit.io\/es\/tienda\/cerraduras-inteligentes\/nuki-go\/#primaryimage","url":"https:\/\/homeit.io\/wp-content\/uploads\/2022\/05\/homeit-nuki-3-0.jpg","contentUrl":"https:\/\/homeit.io\/wp-content\/uploads\/2022\/05\/homeit-nuki-3-0.jpg","width":800,"height":800,"caption":"Nuki Go"},{"@type":"BreadcrumbList","@id":"https:\/\/homeit.io\/es\/tienda\/cerraduras-inteligentes\/nuki-go\/#breadcrumb","itemListElement":[{"@type":"ListItem","position":1,"name":"In\u00edcio","item":"https:\/\/homeit.io\/es\/"},{"@type":"ListItem","position":2,"name":"Productos","item":"https:\/\/homeit.io\/es\/shop\/"},{"@type":"ListItem","position":3,"name":"Nuki Go"}]},{"@type":"WebSite","@id":"https:\/\/homeit.io\/es\/#website","url":"https:\/\/homeit.io\/es\/","name":"Homeit","description":"Acessos Inteligentes","publisher":{"@id":"https:\/\/homeit.io\/es\/#organization"},"potentialAction":[{"@type":"SearchAction","target":{"@type":"EntryPoint","urlTemplate":"https:\/\/homeit.io\/es\/?s={search_term_string}"},"query-input":{"@type":"PropertyValueSpecification","valueRequired":true,"valueName":"search_term_string"}}],"inLanguage":"es"},{"@type":"Organization","@id":"https:\/\/homeit.io\/es\/#organization","name":"Homeit","url":"https:\/\/homeit.io\/es\/","logo":{"@type":"ImageObject","inLanguage":"es","@id":"https:\/\/homeit.io\/es\/#\/schema\/logo\/image\/","url":"https:\/\/homeit.io\/wp-content\/uploads\/2022\/06\/homeit_PrimaryLogo.svg","contentUrl":"https:\/\/homeit.io\/wp-content\/uploads\/2022\/06\/homeit_PrimaryLogo.svg","caption":"Homeit"},"image":{"@id":"https:\/\/homeit.io\/es\/#\/schema\/logo\/image\/"},"sameAs":["https:\/\/www.facebook.com\/homeit.kit","https:\/\/www.instagram.com\/homeit.io\/","https:\/\/www.linkedin.com\/company\/homeit\/"]}]}},"_links":{"self":[{"href":"https:\/\/homeit.io\/es\/wp-json\/wp\/v2\/product\/36116","targetHints":{"allow":["GET"]}}],"collection":[{"href":"https:\/\/homeit.io\/es\/wp-json\/wp\/v2\/product"}],"about":[{"href":"https:\/\/homeit.io\/es\/wp-json\/wp\/v2\/types\/product"}],"replies":[{"embeddable":true,"href":"https:\/\/homeit.io\/es\/wp-json\/wp\/v2\/comments?post=36116"}],"version-history":[{"count":0,"href":"https:\/\/homeit.io\/es\/wp-json\/wp\/v2\/product\/36116\/revisions"}],"wp:featuredmedia":[{"embeddable":true,"href":"https:\/\/homeit.io\/es\/wp-json\/wp\/v2\/media\/13634"}],"wp:attachment":[{"href":"https:\/\/homeit.io\/es\/wp-json\/wp\/v2\/media?parent=36116"}],"wp:term":[{"taxonomy":"product_brand","embeddable":true,"href":"https:\/\/homeit.io\/es\/wp-json\/wp\/v2\/product_brand?post=36116"},{"taxonomy":"product_cat","embeddable":true,"href":"https:\/\/homeit.io\/es\/wp-json\/wp\/v2\/product_cat?post=36116"},{"taxonomy":"product_tag","embeddable":true,"href":"https:\/\/homeit.io\/es\/wp-json\/wp\/v2\/product_tag?post=36116"}],"curies":[{"name":"wp","href":"https:\/\/api.w.org\/{rel}","templated":true}]}}